{"id":17,"date":"2021-12-03T17:35:06","date_gmt":"2021-12-03T17:35:06","guid":{"rendered":"http:\/\/ormenyobuda.hu\/?page_id=17"},"modified":"2026-04-08T07:49:56","modified_gmt":"2026-04-08T07:49:56","slug":"kapcsolat","status":"publish","type":"page","link":"https:\/\/ormenyobuda.hu\/hu_hu\/kapcsolat\/","title":{"rendered":"Kapcsolat"},"content":{"rendered":"\n<figure class=\"wp-block-table is-style-stripes\"><table><tbody><tr><td>Elnevez\u00e9s<\/td><td><strong>Budapest III. ker\u00fcleti \u00d3buda-B\u00e9k\u00e1smegyer \u00d6rm\u00e9ny Nemzetis\u00e9gi \u00d6nkorm\u00e1nyzat<\/strong><\/td><\/tr><tr><td>C\u00edm<\/td><td><strong>1033 Budapest, F\u0151 t\u00e9r 3.<\/strong><\/td><\/tr><tr><td>Ad\u00f3sz\u00e1m<\/td><td><strong>15503200-1-41<\/strong><\/td><\/tr><tr><td><\/td><td><\/td><\/tr><tr><td>Szolg\u00e1ltat\u00f3i adatok<\/td><td><a href=\"https:\/\/www.silver-dragon.hu\/cegadatok\/\">Silver Dragon Kft.<\/a><\/td><\/tr><\/tbody><\/table><\/figure>\n\n\n\n<p><strong>H\u00edrlevel\u00fcnk<\/strong>re, ha szeretne feliratkozni, azt az info@ormenyobuda.hu c\u00edmen teheti meg, egy &#8222;jelentkezem a hirlevelre&#8221; tartalm\u00fa \u00fczenettel. Ezzel kapcsolatban, ha b\u00e1rmi k\u00e9rd\u00e9se mer\u00fclne fel, k\u00e9rem e-mailben, vagy telefonon tud inform\u00e1ci\u00f3t k\u00e9rni. Telefonsz\u00e1m: +363033964120<\/p>\n\n\n\n<p>\u0535\u0569\u0565 \u0581\u0561\u0576\u056f\u0561\u0576\u0578\u0582\u0574 \u0565\u0584 \u0562\u0561\u056a\u0561\u0576\u0578\u0580\u0564\u0561\u0563\u0580\u057e\u0565\u056c \u0574\u0565\u0580 \u056c\u0580\u0561\u057f\u057e\u0561\u056f\u0561\u0576\u056b\u0576, \u056f\u0561\u0580\u0578\u0572 \u0565\u0584 \u0564\u0561 \u0561\u0576\u0565\u056c\u055d \u0578\u0582\u0572\u0561\u0580\u056f\u0565\u056c\u0578\u057e \u00abjelentkezem a hirlevelre\u00bb \u0562\u0578\u057e\u0561\u0576\u0564\u0561\u056f\u0578\u0582\u0569\u0575\u0561\u0574\u0562 \u0576\u0561\u0574\u0561\u056f info@ormenyobuda.hu \u0567\u056c\u0565\u056f\u057f\u0580\u0578\u0576\u0561\u0575\u056b\u0576 \u0570\u0561\u057d\u0581\u0565\u056b\u0576: \u0535\u0569\u0565 \u0561\u0575\u057d \u0561\u057c\u0576\u0579\u0578\u0582\u0569\u0575\u0561\u0574\u0562 \u0578\u0582\u0576\u0565\u0584 \u0578\u0580\u0587\u0567 \u0570\u0561\u0580\u0581, \u056f\u0561\u0580\u0578\u0572 \u0565\u0584 \u057f\u0565\u0572\u0565\u056f\u0561\u057f\u057e\u0578\u0582\u0569\u0575\u0578\u0582\u0576 \u057d\u057f\u0561\u0576\u0561\u056c \u0567\u056c\u0565\u056f\u057f\u0580\u0578\u0576\u0561\u0575\u056b\u0576 \u0583\u0578\u057d\u057f\u056b \u056f\u0561\u0574 \u0570\u0565\u057c\u0561\u056d\u0578\u057d\u056b \u0574\u056b\u057b\u0578\u0581\u0578\u057e: \u0540\u0565\u057c\u0561\u056d\u0578\u057d\u0561\u0570\u0561\u0574\u0561\u0580\u055d +363033964120<\/p>\n","protected":false},"excerpt":{"rendered":"<p>Elnevez\u00e9s Budapest III. ker\u00fcleti \u00d3buda-B\u00e9k\u00e1smegyer \u00d6rm\u00e9ny Nemzetis\u00e9gi \u00d6nkorm\u00e1nyzat C\u00edm 1033 Budapest, F\u0151 t\u00e9r 3. Ad\u00f3sz\u00e1m 15503200-1-41 Szolg\u00e1ltat\u00f3i adatok Silver Dragon Kft. H\u00edrlevel\u00fcnkre, ha szeretne feliratkozni, azt az info@ormenyobuda.hu c\u00edmen teheti [&hellip;]<\/p>\n","protected":false},"author":1,"featured_media":0,"parent":0,"menu_order":0,"comment_status":"closed","ping_status":"closed","template":"","meta":{"site-sidebar-layout":"default","site-content-layout":"","ast-site-content-layout":"default","site-content-style":"default","site-sidebar-style":"default","ast-global-header-display":"","ast-banner-title-visibility":"","ast-main-header-display":"","ast-hfb-above-header-display":"","ast-hfb-below-header-display":"","ast-hfb-mobile-header-display":"","site-post-title":"","ast-breadcrumbs-content":"","ast-featured-img":"","footer-sml-layout":"","ast-disable-related-posts":"","theme-transparent-header-meta":"","adv-header-id-meta":"","stick-header-meta":"","header-above-stick-meta":"","header-main-stick-meta":"","header-below-stick-meta":"","astra-migrate-meta-layouts":"default","ast-page-background-enabled":"default","ast-page-background-meta":{"desktop":{"background-color":"var(--ast-global-color-5)","background-image":"","background-repeat":"repeat","background-position":"center center","background-size":"auto","background-attachment":"scroll","background-type":"","background-media":"","overlay-type":"","overlay-color":"","overlay-opacity":"","overlay-gradient":""},"tablet":{"background-color":"","background-image":"","background-repeat":"repeat","background-position":"center center","background-size":"auto","background-attachment":"scroll","background-type":"","background-media":"","overlay-type":"","overlay-color":"","overlay-opacity":"","overlay-gradient":""},"mobile":{"background-color":"","background-image":"","background-repeat":"repeat","background-position":"center center","background-size":"auto","background-attachment":"scroll","background-type":"","background-media":"","overlay-type":"","overlay-color":"","overlay-opacity":"","overlay-gradient":""}},"ast-content-background-meta":{"desktop":{"background-color":"var(--ast-global-color-4)","background-image":"","background-repeat":"repeat","background-position":"center center","background-size":"auto","background-attachment":"scroll","background-type":"","background-media":"","overlay-type":"","overlay-color":"","overlay-opacity":"","overlay-gradient":""},"tablet":{"background-color":"var(--ast-global-color-4)","background-image":"","background-repeat":"repeat","background-position":"center center","background-size":"auto","background-attachment":"scroll","background-type":"","background-media":"","overlay-type":"","overlay-color":"","overlay-opacity":"","overlay-gradient":""},"mobile":{"background-color":"var(--ast-global-color-4)","background-image":"","background-repeat":"repeat","background-position":"center center","background-size":"auto","background-attachment":"scroll","background-type":"","background-media":"","overlay-type":"","overlay-color":"","overlay-opacity":"","overlay-gradient":""}},"_price":"","_stock":"","_tribe_ticket_header":"","_tribe_default_ticket_provider":"","_tribe_ticket_capacity":"0","_ticket_start_date":"","_ticket_end_date":"","_tribe_ticket_show_description":"","_tribe_ticket_show_not_going":false,"_tribe_ticket_use_global_stock":"","_tribe_ticket_global_stock_level":"","_global_stock_mode":"","_global_stock_cap":"","_tribe_rsvp_for_event":"","_tribe_ticket_going_count":"","_tribe_ticket_not_going_count":"","_tribe_tickets_list":"[]","_tribe_ticket_has_attendee_info_fields":false,"footnotes":"","_tec_slr_enabled":"","_tec_slr_layout":""},"class_list":["post-17","page","type-page","status-publish","hentry"],"ticketed":false,"_links":{"self":[{"href":"https:\/\/ormenyobuda.hu\/hu_hu\/wp-json\/wp\/v2\/pages\/17","targetHints":{"allow":["GET"]}}],"collection":[{"href":"https:\/\/ormenyobuda.hu\/hu_hu\/wp-json\/wp\/v2\/pages"}],"about":[{"href":"https:\/\/ormenyobuda.hu\/hu_hu\/wp-json\/wp\/v2\/types\/page"}],"author":[{"embeddable":true,"href":"https:\/\/ormenyobuda.hu\/hu_hu\/wp-json\/wp\/v2\/users\/1"}],"replies":[{"embeddable":true,"href":"https:\/\/ormenyobuda.hu\/hu_hu\/wp-json\/wp\/v2\/comments?post=17"}],"version-history":[{"count":9,"href":"https:\/\/ormenyobuda.hu\/hu_hu\/wp-json\/wp\/v2\/pages\/17\/revisions"}],"predecessor-version":[{"id":719,"href":"https:\/\/ormenyobuda.hu\/hu_hu\/wp-json\/wp\/v2\/pages\/17\/revisions\/719"}],"wp:attachment":[{"href":"https:\/\/ormenyobuda.hu\/hu_hu\/wp-json\/wp\/v2\/media?parent=17"}],"curies":[{"name":"wp","href":"https:\/\/api.w.org\/{rel}","templated":true}]}}