{"id":447,"date":"2025-12-15T20:19:04","date_gmt":"2025-12-15T20:19:04","guid":{"rendered":"https:\/\/ormenyobuda.hu\/?page_id=447"},"modified":"2026-03-09T16:01:51","modified_gmt":"2026-03-09T16:01:51","slug":"udvozoljuk-az-obudai-ormeny-nemzetisegi-onkormanyzat-honlapjan","status":"publish","type":"page","link":"https:\/\/ormenyobuda.hu\/hu_hu\/udvozoljuk-az-obudai-ormeny-nemzetisegi-onkormanyzat-honlapjan\/","title":{"rendered":"\u00dcdv\u00f6z\u00f6lj\u00fck"},"content":{"rendered":"\n<p> az \u00d3budai \u00d6rm\u00e9ny Nemzetis\u00e9gi \u00d6nkorm\u00e1nyzat honlapj\u00e1n!<\/p>\n\n\n\n<hr class=\"wp-block-separator has-alpha-channel-opacity\"\/>\n\n\n\n<h2 class=\"wp-block-heading\"><strong>Egy k\u00f6z\u00f6ss\u00e9g, amely \u00e9l \u2013 \u00e9s \u00e9p\u00edt.<\/strong><\/h2>\n\n\n\n<p>Az <strong>\u00d3buda-B\u00e9k\u00e1smegyer \u00d6rm\u00e9ny Nemzetis\u00e9gi \u00d6nkorm\u00e1nyzat<\/strong> \u00faj \u00f6sszet\u00e9telben, meg\u00fajult lend\u00fclettel dolgozik azon, hogy az itt \u00e9l\u0151 \u00f6rm\u00e9ny k\u00f6z\u00f6ss\u00e9g sz\u00e1m\u00e1ra val\u00f3di \u00e9rt\u00e9ket teremtsen \u2013 m\u00e9lt\u00f3n az \u00f6rm\u00e9ny hagyom\u00e1nyokhoz, \u00e9s figyelembe v\u00e9ve a mai vil\u00e1g kih\u00edv\u00e1sait.<\/p>\n\n\n\n<p>A jelenlegi test\u00fclet tagjai k\u00fcl\u00f6nb\u00f6z\u0151 h\u00e1tt\u00e9rrel \u00e9rkeztek, de k\u00f6z\u00f6s benn\u00fck az elk\u00f6telezetts\u00e9g, hogy a III. ker\u00fcleti \u00f6rm\u00e9ny k\u00f6z\u00f6ss\u00e9get \u00f6sszetart\u00f3, l\u00e1that\u00f3 \u00e9s \u00e9l\u0151 k\u00f6z\u00f6ss\u00e9gg\u00e9 form\u00e1lj\u00e1k. A munk\u00e1t transzparensen, k\u00f6z\u00f6sen, egym\u00e1s tapasztalataira \u00e9s a lakoss\u00e1g visszajelz\u00e9seire \u00e9p\u00edtve v\u00e9gezz\u00fck. Folyamatosan b\u0151v\u00fcl\u0151 rendezv\u00e9nyeink, programjaink \u00e9s k\u00f6z\u00f6ss\u00e9gi kezdem\u00e9nyez\u00e9seink azt a c\u00e9lt szolg\u00e1lj\u00e1k, hogy <strong>minden \u00f6rm\u00e9ny k\u00f6t\u0151d\u00e9s\u0171 ember helyet tal\u00e1ljon k\u00f6z\u00f6tt\u00fcnk<\/strong>.<\/p>\n\n\n\n<h3 class=\"wp-block-heading\">Amit m\u00e1r elind\u00edtottunk \u2013 \u00e9s b\u00fcszk\u00e9k vagyunk r\u00e1:<\/h3>\n\n\n\n<p>\u2013 \ud83c\udfb6 <strong>Templomi komolyzenei koncertek<\/strong><br>\u2013 \ud83d\udcdc <strong>\u00d6rm\u00e9ny kultur\u00e1lis estek<\/strong> az \u00d3budai T\u00e1rsask\u00f6rben<br>\u2013 \ud83e\udea8 <strong>A keresztesk\u0151 \u00d3bud\u00e1n<\/strong> \u2013 a Lajos utca \u00e9s Serf\u0151z\u0151 utca tal\u00e1lkoz\u00e1s\u00e1n\u00e1l \u00e1ll\u00edtott \u00f6rm\u00e9ny eml\u00e9khely k\u00f6rnyezete folyamatosan sz\u00e9p\u00fcl, \u00e9s m\u00e9lt\u00f3 helysz\u00edne \u00fcnnepeinknek<\/p>\n\n\n\n<h3 class=\"wp-block-heading\">Akt\u00edv k\u00f6z\u00f6ss\u00e9geink:<\/h3>\n\n\n\n<p>\u2013 \ud83c\udf72 <strong>Gasztro-f\u0151z\u0151klub<\/strong> \u2013 \u00f6rm\u00e9ny \u00e9telek, receptek, k\u00f6z\u00f6s f\u0151z\u00e9sek<br>\u2013 \ud83c\udfa8 <strong>Alkot\u00f3 klub<\/strong> \u2013 zene, t\u00e1nc, fest\u00e9szet, k\u00e9zm\u0171vess\u00e9g, ahol hagyom\u00e1nyaink \u00e9letre kelnek<br>\u2013 \ud83d\udeb4 <strong>T\u00fara- \u00e9s kir\u00e1ndul\u00f3 programok<\/strong> \u2013 term\u00e9szetben egy\u00fctt lenni, \u00f6rm\u00e9nyk\u00e9nt<br>\u2013 \ud83d\udde3\ufe0f <strong>\u00d6rm\u00e9ny nyelvtanfolyam<\/strong> \u2013 elind\u00edt\u00e1s alatt<br>\u2013 \ud83c\udf1e <strong>Gyermek ny\u00e1ri t\u00e1borok<\/strong> a Balatonn\u00e1l<\/p>\n\n\n\n<h3 class=\"wp-block-heading\">Kitekint\u00e9s orsz\u00e1gosan:<\/h3>\n\n\n\n<p>Minden \u00e9vben r\u00e9szt vesz\u00fcnk az <strong>orsz\u00e1gos \u00f6rm\u00e9ny csal\u00e1di napon<\/strong>, ahol diaszp\u00f3r\u00e1nk k\u00fcl\u00f6nb\u00f6z\u0151 pontjair\u00f3l \u00e9rkez\u0151 bar\u00e1tainkkal tal\u00e1lkozhatunk, kapcsolatot \u00e9p\u00edthet\u00fcnk, k\u00f6z\u00f6ss\u00e9get er\u0151s\u00edthet\u00fcnk.<\/p>\n\n\n\n<p>\u00c9vente t\u00f6bb alkalommal j\u00e1rjuk a vid\u00e9ket, s felkeress\u00fck az \u00d6rm\u00e9ny eml\u00e9khelyeinket, melynek <strong>els\u0151 \u00e1llom\u00e1sa Pozsony<\/strong> volt.<\/p>\n\n\n\n<hr class=\"wp-block-separator has-alpha-channel-opacity\"\/>\n\n\n\n<p>A pand\u00e9mia okozta kihagy\u00e1s ut\u00e1n c\u00e9lunk, hogy az \u00f6rm\u00e9ny \u00e9let \u00faj lend\u00fcletet kapjon \u00d3bud\u00e1n. Ennek r\u00e9sze a <strong>weblapunk \u00e9s k\u00f6z\u00f6ss\u00e9gi m\u00e9diafel\u00fcleteink fejleszt\u00e9se<\/strong>, hogy az inform\u00e1ci\u00f3k min\u00e9l gyorsabban, hitelesen eljussanak a ker\u00fcleti \u00f6rm\u00e9nyekhez \u00e9s mindazokhoz, akik \u00e9rdekl\u0151dnek a kult\u00far\u00e1nk ir\u00e1nt.<\/p>\n\n\n\n<hr class=\"wp-block-separator has-alpha-channel-opacity\"\/>\n\n\n\n<p><strong>Sz\u00edvb\u0151l v\u00e1runk minden \u00e9rdekl\u0151d\u0151t programjainkon, rendezv\u00e9nyeinken \u00e9s k\u00f6z\u00f6ss\u00e9gi alkalmainkon!<\/strong><br>Legyen r\u00e9szese \u00d6n is annak, hogy az \u00f6rm\u00e9ny kult\u00fara itt, \u00d3bud\u00e1n \u2013 \u00e9l, hat, \u00e9s \u00e9rt\u00e9ket teremt.<\/p>\n","protected":false},"excerpt":{"rendered":"<p>az \u00d3budai \u00d6rm\u00e9ny Nemzetis\u00e9gi \u00d6nkorm\u00e1nyzat honlapj\u00e1n! Egy k\u00f6z\u00f6ss\u00e9g, amely \u00e9l \u2013 \u00e9s \u00e9p\u00edt. Az \u00d3buda-B\u00e9k\u00e1smegyer \u00d6rm\u00e9ny Nemzetis\u00e9gi \u00d6nkorm\u00e1nyzat \u00faj \u00f6sszet\u00e9telben, meg\u00fajult lend\u00fclettel dolgozik azon, hogy az itt \u00e9l\u0151 \u00f6rm\u00e9ny k\u00f6z\u00f6ss\u00e9g [&hellip;]<\/p>\n","protected":false},"author":1,"featured_media":0,"parent":0,"menu_order":0,"comment_status":"closed","ping_status":"closed","template":"","meta":{"site-sidebar-layout":"default","site-content-layout":"","ast-site-content-layout":"default","site-content-style":"default","site-sidebar-style":"default","ast-global-header-display":"","ast-banner-title-visibility":"","ast-main-header-display":"","ast-hfb-above-header-display":"","ast-hfb-below-header-display":"","ast-hfb-mobile-header-display":"","site-post-title":"disabled","ast-breadcrumbs-content":"","ast-featured-img":"","footer-sml-layout":"","ast-disable-related-posts":"","theme-transparent-header-meta":"","adv-header-id-meta":"","stick-header-meta":"","header-above-stick-meta":"","header-main-stick-meta":"","header-below-stick-meta":"","astra-migrate-meta-layouts":"default","ast-page-background-enabled":"default","ast-page-background-meta":{"desktop":{"background-color":"var(--ast-global-color-5)","background-image":"","background-repeat":"repeat","background-position":"center center","background-size":"auto","background-attachment":"scroll","background-type":"","background-media":"","overlay-type":"","overlay-color":"","overlay-opacity":"","overlay-gradient":""},"tablet":{"background-color":"","background-image":"","background-repeat":"repeat","background-position":"center center","background-size":"auto","background-attachment":"scroll","background-type":"","background-media":"","overlay-type":"","overlay-color":"","overlay-opacity":"","overlay-gradient":""},"mobile":{"background-color":"","background-image":"","background-repeat":"repeat","background-position":"center center","background-size":"auto","background-attachment":"scroll","background-type":"","background-media":"","overlay-type":"","overlay-color":"","overlay-opacity":"","overlay-gradient":""}},"ast-content-background-meta":{"desktop":{"background-color":"var(--ast-global-color-4)","background-image":"","background-repeat":"repeat","background-position":"center center","background-size":"auto","background-attachment":"scroll","background-type":"","background-media":"","overlay-type":"","overlay-color":"","overlay-opacity":"","overlay-gradient":""},"tablet":{"background-color":"var(--ast-global-color-4)","background-image":"","background-repeat":"repeat","background-position":"center center","background-size":"auto","background-attachment":"scroll","background-type":"","background-media":"","overlay-type":"","overlay-color":"","overlay-opacity":"","overlay-gradient":""},"mobile":{"background-color":"var(--ast-global-color-4)","background-image":"","background-repeat":"repeat","background-position":"center center","background-size":"auto","background-attachment":"scroll","background-type":"","background-media":"","overlay-type":"","overlay-color":"","overlay-opacity":"","overlay-gradient":""}},"_price":"","_stock":"","_tribe_ticket_header":"","_tribe_default_ticket_provider":"","_tribe_ticket_capacity":"0","_ticket_start_date":"","_ticket_end_date":"","_tribe_ticket_show_description":"","_tribe_ticket_show_not_going":false,"_tribe_ticket_use_global_stock":"","_tribe_ticket_global_stock_level":"","_global_stock_mode":"","_global_stock_cap":"","_tribe_rsvp_for_event":"","_tribe_ticket_going_count":"","_tribe_ticket_not_going_count":"","_tribe_tickets_list":"[]","_tribe_ticket_has_attendee_info_fields":false,"footnotes":"","_tec_slr_enabled":"","_tec_slr_layout":""},"class_list":["post-447","page","type-page","status-publish","hentry"],"ticketed":false,"_links":{"self":[{"href":"https:\/\/ormenyobuda.hu\/hu_hu\/wp-json\/wp\/v2\/pages\/447","targetHints":{"allow":["GET"]}}],"collection":[{"href":"https:\/\/ormenyobuda.hu\/hu_hu\/wp-json\/wp\/v2\/pages"}],"about":[{"href":"https:\/\/ormenyobuda.hu\/hu_hu\/wp-json\/wp\/v2\/types\/page"}],"author":[{"embeddable":true,"href":"https:\/\/ormenyobuda.hu\/hu_hu\/wp-json\/wp\/v2\/users\/1"}],"replies":[{"embeddable":true,"href":"https:\/\/ormenyobuda.hu\/hu_hu\/wp-json\/wp\/v2\/comments?post=447"}],"version-history":[{"count":4,"href":"https:\/\/ormenyobuda.hu\/hu_hu\/wp-json\/wp\/v2\/pages\/447\/revisions"}],"predecessor-version":[{"id":694,"href":"https:\/\/ormenyobuda.hu\/hu_hu\/wp-json\/wp\/v2\/pages\/447\/revisions\/694"}],"wp:attachment":[{"href":"https:\/\/ormenyobuda.hu\/hu_hu\/wp-json\/wp\/v2\/media?parent=447"}],"curies":[{"name":"wp","href":"https:\/\/api.w.org\/{rel}","templated":true}]}}