{"id":5,"date":"2021-12-03T17:34:00","date_gmt":"2021-12-03T17:34:00","guid":{"rendered":"http:\/\/ormenyobuda.hu\/?page_id=5"},"modified":"2022-01-03T13:39:54","modified_gmt":"2022-01-03T13:39:54","slug":"kezdolap","status":"publish","type":"page","link":"https:\/\/ormenyobuda.hu\/hu_hu\/kezdolap\/","title":{"rendered":"Kezd\u0151lap"},"content":{"rendered":"\n<p>\u00dcdv\u00f6z\u00f6lj\u00fck Budapest 3. ker\u00fclet \u00d3buda-B\u00e9k\u00e1smegyer \u00d6rm\u00e9ny Nemzetis\u00e9gi \u00d6nkorm\u00e1nyzat honlapj\u00e1n.<\/p>\n\n\n\n<p>Az 2019 okt\u00f3berberi \u00f6nkorm\u00e1nyzati v\u00e1laszt\u00e1sok sor\u00e1n teljesen \u00faj vezet\u00e9s kapott bizalmat arra, hogy a ker\u00fcleti \u00f6rm\u00e9ny diaszp\u00f3ra \u00fcgyeit int\u00e9zze. A kicser\u00e9l\u0151d\u00f6tt \u00e9s meg\u00fajult vezet\u00e9s \u00faj ir\u00e1nyt hat\u00e1rozott meg a k\u00f6z\u00f6ss\u00e9g\u00fcnk mindennapjaival kapcsolatban. A kor\u00e1bbiakhoz k\u00e9pest transzparens m\u0171k\u00f6d\u00e9st t\u0171zt\u00fcnk ki c\u00e9lul. A pand\u00e9mia nem seg\u00edtette a munk\u00e1nkat, sz\u00e1mos elk\u00e9pzel\u00e9s\u00fcnket, terv\u00fcnket kellett elhalasztanunk a korl\u00e1toz\u00e1sok miatt, de szigor\u00edt\u00e1sok felold\u00e1sa ut\u00e1n p\u00f3toljuk ezeket. A jelenlegi helyzet nem seg\u00edti a k\u00f6z\u00f6ss\u00e9g akt\u00edv szervez\u00e9s\u00e9t, ez\u00e9rt is hat\u00e1roztuk el egy honlap \u00e9s m\u00e1s k\u00f6z\u00f6ss\u00e9gi oldal(ak) pl. facebook l\u00e9trehoz\u00e1s\u00e1t. Rem\u00e9lj\u00fck, hogy ezzel is seg\u00edtj\u00fck a ker\u00fcleti \u00f6rm\u00e9ny k\u00f6z\u00f6ss\u00e9g szervez\u0151d\u00e9s\u00e9t \u00e9s aktivit\u00e1s\u00e1t. <br>A neh\u00e9z k\u00f6r\u00fclm\u00e9nyek ellen\u00e9re is, mostanra t\u00f6bb programunk is sikeresnek mondhat\u00f3, \u00edgy vannak templomi komolyzenei koncertjeink, \u00d6rm\u00e9ny kultur\u00e1lis est\u00fcnk az OTK-ban, k\u00f6z\u00f6ss\u00e9g\u00fcnk b\u00fcszkes\u00e9ge a Serf\u0151z\u0151 \u00e9s Lajos utca tal\u00e1lkoz\u00e1s\u00e1n\u00e1l tal\u00e1lhat\u00f3 \u00d3budai keresztesk\u0151, aminek k\u00f6rnyezete folyamatosan sz\u00e9p\u00fcl \u00e9s megeml\u00e9kez\u00e9seink \u00fcnnepeink m\u00e9lt\u00f3 helysz\u00edn\u00e9\u00fcl szolg\u00e1l. <br>K\u00f6z\u00f6ss\u00e9g\u00fcnk form\u00e1l\u00f3d\u00e1s\u00e1t seg\u00edtik a nem r\u00e9gen alakult k\u00f6z\u00f6ss\u00e9gi klubjaink. Ezekhez is szeretettel v\u00e1rjuk az \u00e9rdekl\u0151d\u0151ket. M\u00e1r m\u0171k\u00f6dik a Gasztro-f\u0151z\u0151 klubbunk, ahol tradicion\u00e1lis \u00f6rm\u00e9ny \u00e9teleket k\u00e9sz\u00edt\u00fcnk, recepteket, fot\u00f3kat gy\u0171jt\u00fcnk. <br>Alkot\u00f3 k\u00f6z\u00f6ss\u00e9g\u00fcnk keret\u00e9ben lehet\u0151s\u00e9g van \u00e9nekes-t\u00e1ncos \u00f6sszej\u00f6vetelekre, valamint k\u00e9pz\u0151m\u0171v\u00e9szeti (rajz, fest\u00e9s, szobr\u00e1szat) foglalkoz\u00e1sokra is ahol lehet\u0151s\u00e9g van az \u00f6rm\u00e9ny hagyom\u00e1nyok, eml\u00e9kek \u00e1pol\u00e1s\u00e1ra. Akik t\u00far\u00e1zn\u00e1nak, kir\u00e1nduln\u00e1nak vagy ker\u00e9kp\u00e1rozn\u00e1nak sz\u00edvesen, azok sz\u00e1m\u00e1ra is szervez\u00fcnk programokat. Indul\u00f3ban van egy \u00f6rm\u00e9ny nyelvtanfolyamunk. Gyermekeink ny\u00e1ri t\u00e1borozhatnak a Balaton mellett. <br>\u00c9vente egyszer ny\u00e1ron orsz\u00e1gos csal\u00e1di napon vesz\u00fcnk r\u00e9szt. Tal\u00e1lkoz\u00f3ink folyamatosan sz\u00e9lesednek \u00edgy rem\u00e9lj\u00fck, hogy min\u00e9l t\u00f6bben kedvet \u00e9reznek majd arra, hogy r\u00e9szt vegyenek ezeken. <br>Ez a lapunk is azt a c\u00e9lt szolg\u00e1lja, hogy az inform\u00e1ci\u00f3k min\u00e9l hitelesebben \u00e9s gyorsabban eljussanak diaszp\u00f3r\u00e1nk tagjaihoz. <br>V\u00e1runk mindenkit szeretettel.<\/p>\n","protected":false},"excerpt":{"rendered":"<p>\u00dcdv\u00f6z\u00f6lj\u00fck Budapest 3. ker\u00fclet \u00d3buda-B\u00e9k\u00e1smegyer \u00d6rm\u00e9ny Nemzetis\u00e9gi \u00d6nkorm\u00e1nyzat honlapj\u00e1n. Az 2019 okt\u00f3berberi \u00f6nkorm\u00e1nyzati v\u00e1laszt\u00e1sok sor\u00e1n teljesen \u00faj vezet\u00e9s kapott bizalmat arra, hogy a ker\u00fcleti \u00f6rm\u00e9ny diaszp\u00f3ra \u00fcgyeit int\u00e9zze. A kicser\u00e9l\u0151d\u00f6tt [&hellip;]<\/p>\n","protected":false},"author":1,"featured_media":0,"parent":0,"menu_order":0,"comment_status":"closed","ping_status":"closed","template":"elementor_header_footer","meta":{"site-sidebar-layout":"default","site-content-layout":"","ast-site-content-layout":"default","site-content-style":"default","site-sidebar-style":"default","ast-global-header-display":"","ast-banner-title-visibility":"","ast-main-header-display":"","ast-hfb-above-header-display":"","ast-hfb-below-header-display":"","ast-hfb-mobile-header-display":"","site-post-title":"","ast-breadcrumbs-content":"","ast-featured-img":"","footer-sml-layout":"","ast-disable-related-posts":"","theme-transparent-header-meta":"","adv-header-id-meta":"","stick-header-meta":"","header-above-stick-meta":"","header-main-stick-meta":"","header-below-stick-meta":"","astra-migrate-meta-layouts":"default","ast-page-background-enabled":"default","ast-page-background-meta":{"desktop":{"background-color":"var(--ast-global-color-5)","background-image":"","background-repeat":"repeat","background-position":"center center","background-size":"auto","background-attachment":"scroll","background-type":"","background-media":"","overlay-type":"","overlay-color":"","overlay-opacity":"","overlay-gradient":""},"tablet":{"background-color":"","background-image":"","background-repeat":"repeat","background-position":"center center","background-size":"auto","background-attachment":"scroll","background-type":"","background-media":"","overlay-type":"","overlay-color":"","overlay-opacity":"","overlay-gradient":""},"mobile":{"background-color":"","background-image":"","background-repeat":"repeat","background-position":"center center","background-size":"auto","background-attachment":"scroll","background-type":"","background-media":"","overlay-type":"","overlay-color":"","overlay-opacity":"","overlay-gradient":""}},"ast-content-background-meta":{"desktop":{"background-color":"var(--ast-global-color-4)","background-image":"","background-repeat":"repeat","background-position":"center center","background-size":"auto","background-attachment":"scroll","background-type":"","background-media":"","overlay-type":"","overlay-color":"","overlay-opacity":"","overlay-gradient":""},"tablet":{"background-color":"var(--ast-global-color-4)","background-image":"","background-repeat":"repeat","background-position":"center center","background-size":"auto","background-attachment":"scroll","background-type":"","background-media":"","overlay-type":"","overlay-color":"","overlay-opacity":"","overlay-gradient":""},"mobile":{"background-color":"var(--ast-global-color-4)","background-image":"","background-repeat":"repeat","background-position":"center center","background-size":"auto","background-attachment":"scroll","background-type":"","background-media":"","overlay-type":"","overlay-color":"","overlay-opacity":"","overlay-gradient":""}},"_price":"","_stock":"","_tribe_ticket_header":"","_tribe_default_ticket_provider":"","_tribe_ticket_capacity":"0","_ticket_start_date":"","_ticket_end_date":"","_tribe_ticket_show_description":"","_tribe_ticket_show_not_going":false,"_tribe_ticket_use_global_stock":"","_tribe_ticket_global_stock_level":"","_global_stock_mode":"","_global_stock_cap":"","_tribe_rsvp_for_event":"","_tribe_ticket_going_count":"","_tribe_ticket_not_going_count":"","_tribe_tickets_list":"[]","_tribe_ticket_has_attendee_info_fields":false,"footnotes":"","_tec_slr_enabled":"","_tec_slr_layout":""},"class_list":["post-5","page","type-page","status-publish","hentry"],"ticketed":false,"_links":{"self":[{"href":"https:\/\/ormenyobuda.hu\/hu_hu\/wp-json\/wp\/v2\/pages\/5","targetHints":{"allow":["GET"]}}],"collection":[{"href":"https:\/\/ormenyobuda.hu\/hu_hu\/wp-json\/wp\/v2\/pages"}],"about":[{"href":"https:\/\/ormenyobuda.hu\/hu_hu\/wp-json\/wp\/v2\/types\/page"}],"author":[{"embeddable":true,"href":"https:\/\/ormenyobuda.hu\/hu_hu\/wp-json\/wp\/v2\/users\/1"}],"replies":[{"embeddable":true,"href":"https:\/\/ormenyobuda.hu\/hu_hu\/wp-json\/wp\/v2\/comments?post=5"}],"version-history":[{"count":5,"href":"https:\/\/ormenyobuda.hu\/hu_hu\/wp-json\/wp\/v2\/pages\/5\/revisions"}],"predecessor-version":[{"id":259,"href":"https:\/\/ormenyobuda.hu\/hu_hu\/wp-json\/wp\/v2\/pages\/5\/revisions\/259"}],"wp:attachment":[{"href":"https:\/\/ormenyobuda.hu\/hu_hu\/wp-json\/wp\/v2\/media?parent=5"}],"curies":[{"name":"wp","href":"https:\/\/api.w.org\/{rel}","templated":true}]}}