{"id":519,"date":"2025-07-17T11:27:09","date_gmt":"2025-07-17T11:27:09","guid":{"rendered":"https:\/\/ormenyobuda.hu\/?page_id=519"},"modified":"2026-02-05T15:00:16","modified_gmt":"2026-02-05T15:00:16","slug":"kokeresztek","status":"publish","type":"page","link":"https:\/\/ormenyobuda.hu\/hu_hu\/ormeny-emlekhelyek-magyarorszagon-ahol-a-ko-is-beszel\/kokeresztek\/","title":{"rendered":"K\u0151keresztek"},"content":{"rendered":"\n<p>K\u00e9pzelj el egy ver\u0151f\u00e9nyes reggelt \u00d3bud\u00e1n, ahol a harmatcsepp m\u00e9g csillog a Lajos utcai sarkon \u00e1ll\u00f3 khachkar level\u00e9n. Ez a k\u0151kereszt, vagy \u00f6rm\u00e9ny\u00fcl khachkar, nem puszta k\u0151faragv\u00e1ny: minden vonala im\u00e1ds\u00e1g, minden ind\u00e1ja az \u00f6r\u00f6kk\u00e9val\u00f3s\u00e1gba \u00edr\u00f3dott rem\u00e9ny. Mintha a m\u00falt \u00e9s a jelen k\u00e9zfog\u00e1s\u00e1t l\u00e1tn\u00e1d, ahogy a szobor \u00e9s a v\u00e1ros szele egy\u00fctt mes\u00e9lik a t\u00fal\u00e9l\u00e9s t\u00f6rt\u00e9net\u00e9t.<\/p>\n\n\n\n<p>\ud83e\udea8&nbsp;<strong>\u00d3budai Keresztesk\u0151 \u2013 A k\u00f6z\u00f6ss\u00e9g lelke<\/strong><br>Ahol Rafael Sargszjan v\u00e9s\u0151je a v\u00e9rtan\u00fak eml\u00e9k\u00e9t \u0151rzi, \u00e9s a k\u00f6vek k\u00f6z\u00f6tt a csend is ima.<\/p>\n\n\n\n<p>\u00c1tballagsz a Duna-part fel\u00e9, \u00e9s a Belv\u00e1ros sz\u00edv\u00e9ben \u00fajra meg\u00e1llsz:<\/p>\n\n\n\n<p>\ud83e\udea8&nbsp;<strong>Belv\u00e1rosi Khachkar \u2013 A l\u00e1thatatlan jelenl\u00e9t<\/strong><br>Ott, az Ortodox Sz\u00e9kesegyh\u00e1z parkj\u00e1ban, a khachkar \u00fagy \u00fcl a padok k\u00f6z\u00f6tt, mintha csendes \u0151rz\u0151je lenne a j\u00e1r\u00f3kel\u0151k t\u00f6rt\u00e9net\u00e9nek.<\/p>\n\n\n\n<p>Egy l\u00e9p\u00e9ssel od\u00e9bb a Pet\u0151fi t\u00e9ren<\/p>\n\n\n\n<p>\ud83e\udea8&nbsp;<strong>\u00d6rm\u00e9ny N\u00e9pirt\u00e1s Eml\u00e9km\u0171 \u2013 Pet\u0151fi t\u00e9r<\/strong><br>\u2026a khachkar\u2011szer\u0171 oszlop mag\u00e1nyosan \u00e1ll, de hangja er\u0151s: eml\u00e9keztet arra, hogy az emberis\u00e9g sorsa n\u00e9ha k\u0151v\u00e9 dermed.<\/p>\n\n\n\n<p>L\u00e9pj tov\u00e1bb a Farkasr\u00e9ti temet\u0151 fel\u00e9, ahol<\/p>\n\n\n\n<p>\ud83e\udea8&nbsp;<strong>Farkasr\u00e9ti \u00f6rm\u00e9ny s\u00edrkert \u2013 Eml\u00e9kez\u00e9s csendje<\/strong><br>\u2026a s\u00edreml\u00e9kek k\u00f6zt megsz\u00f3lalnak a khachkarok, mes\u00e9lve a m\u0171v\u00e9szek \u00e9s k\u00f6z\u00f6ss\u00e9gi vezet\u0151k \u00e9let\u00fatj\u00e1r\u00f3l.<\/p>\n\n\n\n<p>\u00c9s ha kicsit t\u00e1volabb utazol, Sopron fel\u00e9:<\/p>\n\n\n\n<p>\ud83e\udea8&nbsp;<strong>Soproni K\u0151kereszt \u2013 Nyugat kapuja<\/strong><br>\u2026ahol a v\u00e1rosfal mellett \u00e1ll\u00f3 k\u0151 eml\u00e9ket \u00e1ll\u00edt a diaszp\u00f3ra b\u00e1tors\u00e1g\u00e1nak.<\/p>\n\n\n\n<p>Debrecenben a k\u00f6z\u00f6ss\u00e9gi h\u00e1z udvar\u00e1ban \u00fajra tal\u00e1lkozol a k\u0151vel,<\/p>\n\n\n\n<p>\ud83e\udea8&nbsp;<strong>Debreceni Khachkar \u2013 \u00dajrakezd\u00e9s oszlopa<\/strong>,<\/p>\n\n\n\n<p>majd Miskolcon, Sz\u00e1zhalombatt\u00e1n \u00e9s J\u00e1szber\u00e9nyben is mindenhol egy-egy khachkar v\u00e1rja, hogy meghallgassuk a t\u00fal\u00e9l\u00e9s suttog\u00e1s\u00e1t.<\/p>\n\n\n\n<p>Ezek a k\u00f6vek nem csak eml\u00e9km\u0171vek: sz\u00ednes t\u00f6rt\u00e9netek lapjai, amelyekbe beleolvadhatunk, amikor meg\u00e9rintj\u00fck \u0151ket. \u00c9s b\u00e1r Magyarorsz\u00e1gon sz\u00e1mos templomban \u00e9s m\u00fazeumban \u0151rzik az \u00f6rm\u00e9ny kincseket \u2013 a k\u0151kereszteknek m\u00e9gis k\u00fcl\u00f6nleges var\u00e1zsuk van: egyszerre jelz\u0151t\u0171k\u00e9nt \u00e1llnak a v\u00e1rosok terei k\u00f6zep\u00e9n \u00e9s \u00f6sszek\u00f6tik a diaszp\u00f3ra sz\u00edveit.\u202f<\/p>\n\n\n\n<p>Menj, j\u00e1rd be \u0151ket, \u00e9s hallgasd meg, mit mes\u00e9lnek!<\/p>\n","protected":false},"excerpt":{"rendered":"<p>K\u00e9pzelj el egy ver\u0151f\u00e9nyes reggelt \u00d3bud\u00e1n, ahol a harmatcsepp m\u00e9g csillog a Lajos utcai sarkon \u00e1ll\u00f3 khachkar level\u00e9n. Ez a k\u0151kereszt, vagy \u00f6rm\u00e9ny\u00fcl khachkar, nem puszta k\u0151faragv\u00e1ny: minden vonala im\u00e1ds\u00e1g, [&hellip;]<\/p>\n","protected":false},"author":1,"featured_media":0,"parent":453,"menu_order":0,"comment_status":"closed","ping_status":"closed","template":"","meta":{"site-sidebar-layout":"default","site-content-layout":"","ast-site-content-layout":"default","site-content-style":"default","site-sidebar-style":"default","ast-global-header-display":"","ast-banner-title-visibility":"","ast-main-header-display":"","ast-hfb-above-header-display":"","ast-hfb-below-header-display":"","ast-hfb-mobile-header-display":"","site-post-title":"","ast-breadcrumbs-content":"","ast-featured-img":"","footer-sml-layout":"","ast-disable-related-posts":"","theme-transparent-header-meta":"","adv-header-id-meta":"","stick-header-meta":"","header-above-stick-meta":"","header-main-stick-meta":"","header-below-stick-meta":"","astra-migrate-meta-layouts":"default","ast-page-background-enabled":"default","ast-page-background-meta":{"desktop":{"background-color":"var(--ast-global-color-5)","background-image":"","background-repeat":"repeat","background-position":"center center","background-size":"auto","background-attachment":"scroll","background-type":"","background-media":"","overlay-type":"","overlay-color":"","overlay-opacity":"","overlay-gradient":""},"tablet":{"background-color":"","background-image":"","background-repeat":"repeat","background-position":"center center","background-size":"auto","background-attachment":"scroll","background-type":"","background-media":"","overlay-type":"","overlay-color":"","overlay-opacity":"","overlay-gradient":""},"mobile":{"background-color":"","background-image":"","background-repeat":"repeat","background-position":"center center","background-size":"auto","background-attachment":"scroll","background-type":"","background-media":"","overlay-type":"","overlay-color":"","overlay-opacity":"","overlay-gradient":""}},"ast-content-background-meta":{"desktop":{"background-color":"var(--ast-global-color-4)","background-image":"","background-repeat":"repeat","background-position":"center center","background-size":"auto","background-attachment":"scroll","background-type":"","background-media":"","overlay-type":"","overlay-color":"","overlay-opacity":"","overlay-gradient":""},"tablet":{"background-color":"var(--ast-global-color-4)","background-image":"","background-repeat":"repeat","background-position":"center center","background-size":"auto","background-attachment":"scroll","background-type":"","background-media":"","overlay-type":"","overlay-color":"","overlay-opacity":"","overlay-gradient":""},"mobile":{"background-color":"var(--ast-global-color-4)","background-image":"","background-repeat":"repeat","background-position":"center center","background-size":"auto","background-attachment":"scroll","background-type":"","background-media":"","overlay-type":"","overlay-color":"","overlay-opacity":"","overlay-gradient":""}},"_price":"","_stock":"","_tribe_ticket_header":"","_tribe_default_ticket_provider":"","_tribe_ticket_capacity":"0","_ticket_start_date":"","_ticket_end_date":"","_tribe_ticket_show_description":"","_tribe_ticket_show_not_going":false,"_tribe_ticket_use_global_stock":"","_tribe_ticket_global_stock_level":"","_global_stock_mode":"","_global_stock_cap":"","_tribe_rsvp_for_event":"","_tribe_ticket_going_count":"","_tribe_ticket_not_going_count":"","_tribe_tickets_list":"[]","_tribe_ticket_has_attendee_info_fields":false,"footnotes":"","_tec_slr_enabled":"","_tec_slr_layout":""},"class_list":["post-519","page","type-page","status-publish","hentry"],"ticketed":false,"_links":{"self":[{"href":"https:\/\/ormenyobuda.hu\/hu_hu\/wp-json\/wp\/v2\/pages\/519","targetHints":{"allow":["GET"]}}],"collection":[{"href":"https:\/\/ormenyobuda.hu\/hu_hu\/wp-json\/wp\/v2\/pages"}],"about":[{"href":"https:\/\/ormenyobuda.hu\/hu_hu\/wp-json\/wp\/v2\/types\/page"}],"author":[{"embeddable":true,"href":"https:\/\/ormenyobuda.hu\/hu_hu\/wp-json\/wp\/v2\/users\/1"}],"replies":[{"embeddable":true,"href":"https:\/\/ormenyobuda.hu\/hu_hu\/wp-json\/wp\/v2\/comments?post=519"}],"version-history":[{"count":1,"href":"https:\/\/ormenyobuda.hu\/hu_hu\/wp-json\/wp\/v2\/pages\/519\/revisions"}],"predecessor-version":[{"id":520,"href":"https:\/\/ormenyobuda.hu\/hu_hu\/wp-json\/wp\/v2\/pages\/519\/revisions\/520"}],"up":[{"embeddable":true,"href":"https:\/\/ormenyobuda.hu\/hu_hu\/wp-json\/wp\/v2\/pages\/453"}],"wp:attachment":[{"href":"https:\/\/ormenyobuda.hu\/hu_hu\/wp-json\/wp\/v2\/media?parent=519"}],"curies":[{"name":"wp","href":"https:\/\/api.w.org\/{rel}","templated":true}]}}