{"id":530,"date":"2025-07-17T11:53:55","date_gmt":"2025-07-17T11:53:55","guid":{"rendered":"https:\/\/ormenyobuda.hu\/?page_id=530"},"modified":"2025-07-17T11:53:55","modified_gmt":"2025-07-17T11:53:55","slug":"farkasreti-ormeny-sirkert","status":"publish","type":"page","link":"https:\/\/ormenyobuda.hu\/hu_hu\/farkasreti-ormeny-sirkert\/","title":{"rendered":"Farkasr\u00e9ti \u00f6rm\u00e9ny s\u00edrkert"},"content":{"rendered":"\n<p>\u2013 Az eml\u00e9kez\u00e9s csendje<\/p>\n\n\n\n<p>\ud83d\udccd <strong>Helysz\u00edn:<\/strong> Budapest XI., Farkasr\u00e9ti temet\u0151 \u2013 Farkasr\u00e9ti \u00fat\u202f12\u201314.<\/p>\n\n\n\n<p>Kev\u00e9s hely van Budapesten, ahol a t\u00f6rt\u00e9nelem ilyen s\u0171r\u0171n s\u00e9t\u00e1l a f\u00e1k k\u00f6z\u00f6tt. A Farkasr\u00e9ti temet\u0151 nem csup\u00e1n s\u00edrkert \u2013 hanem egyfajta <strong>id\u0151r\u00e9teg<\/strong>, ahol nemzed\u00e9kek hagyj\u00e1k r\u00e1nk az eml\u00e9kez\u00e9s m\u00e9lt\u00f3s\u00e1g\u00e1t.<\/p>\n\n\n\n<p>Az \u00f6rm\u00e9ny k\u00f6z\u00f6ss\u00e9g tagjai k\u00f6z\u00fcl sokan tal\u00e1ltak itt v\u00e9gs\u0151 nyugalmat \u2013 <strong>kultur\u00e1lis \u00e9let\u00fcnk jeles szerepl\u0151i, egyh\u00e1zi vezet\u0151k, mec\u00e9n\u00e1sok \u00e9s k\u00f6z\u00f6ss\u00e9gi emberek<\/strong>. A s\u00edrok k\u00f6z\u00f6tt megb\u00fav\u00f3 <strong>khachkarok<\/strong>, az \u00f6rm\u00e9ny keresztk\u00f6vek, a kereszt\u00e9ny hit \u00e9s a nemzeti identit\u00e1s \u0151si, k\u00e9zzel faragott szimb\u00f3lumai. Ezek nem csup\u00e1n k\u0151eml\u00e9kek \u2013 <strong>\u00fczenetek az \u00f6r\u00f6kk\u00e9val\u00f3s\u00e1gnak<\/strong>, amelyek \u00e9vsz\u00e1zados mot\u00edvumaik r\u00e9v\u00e9n mes\u00e9lnek hitr\u0151l, \u00e1ldozatr\u00f3l \u00e9s h\u0171s\u00e9gr\u0151l.<\/p>\n\n\n\n<h3 class=\"wp-block-heading\">Egy temet\u0151, amely besz\u00e9l<\/h3>\n\n\n\n<p>A khachkarok k\u00fcl\u00f6nleges helyet foglalnak el a Farkasr\u00e9ti temet\u0151 nyugati szeglet\u00e9ben. Nem hars\u00e1nyak, nem hivalkod\u00f3k \u2013 de <strong>jelenl\u00e9t\u00fck m\u00e9lyen rezon\u00e1l<\/strong>. Aki tudja, hova n\u00e9zzen, annak megmutatj\u00e1k: itt nemcsak emberek nyugszanak, hanem egy <strong>k\u00f6z\u00f6ss\u00e9g eml\u00e9kezete<\/strong>.<\/p>\n\n\n\n<p>A k\u0151be v\u00e9sett kereszt, a bimb\u00f3z\u00f3 gr\u00e1n\u00e1talma, az \u00f6r\u00f6kk\u00e9 ism\u00e9tl\u0151d\u0151 ornamentika mind-mind a <strong>hal\u00e1lon t\u00fali \u00e9letet \u00e9s a k\u00f6z\u00f6ss\u00e9gbe vetett hitet<\/strong> hirdetik. Ezek az eml\u00e9kjelek csendben kapcsolj\u00e1k \u00f6ssze az \u00f3haz\u00e1t \u00e9s az \u00faj haz\u00e1t \u2013 \u00d6rm\u00e9nyorsz\u00e1g hegyeit Budapest lank\u00e1ival.<\/p>\n\n\n\n<h3 class=\"wp-block-heading\">Kik nyugszanak itt?<\/h3>\n\n\n\n<p>A temet\u0151 \u00f6rm\u00e9ny parcell\u00e1j\u00e1ban <strong>m\u0171v\u00e9szek, k\u00f6z\u00e9leti szem\u00e9lyis\u00e9gek, lelkip\u00e1sztorok<\/strong> nevei olvashat\u00f3k a k\u00f6veken. Sokan k\u00f6z\u00fcl\u00fck akt\u00edv alak\u00edt\u00f3i voltak a magyar kultur\u00e1lis vagy vall\u00e1si \u00e9letnek, mik\u00f6zben identit\u00e1sukat h\u0171s\u00e9ggel \u0151rizt\u00e9k. \u0150k azok, akik hidat \u00e9p\u00edtettek m\u00falt \u00e9s jelen k\u00f6z\u00f6tt \u2013 s most e h\u00edd tart\u00f3oszlopai lettek maguk is.<\/p>\n\n\n\n<p>Az eml\u00e9khely <strong>tan\u00edt\u00f3 er\u0151vel b\u00edr<\/strong>: mindannyiunkat eml\u00e9keztet arra, hogy az \u00f6rm\u00e9ny k\u00f6z\u00f6ss\u00e9g nemcsak t\u00fal\u00e9lte a viharokat, hanem <strong>\u00e9rt\u00e9ket teremtett \u00e9s hagyott h\u00e1tra<\/strong> \u2013 k\u0151be v\u00e9sve, lelkekbe \u00edrva.<\/p>\n\n\n\n<h2 class=\"wp-block-heading\">\ud83d\udd6f\ufe0f Kiemelked\u0151 \u00f6rm\u00e9ny szem\u00e9lyis\u00e9gek a Farkasr\u00e9ti s\u00edrkertben<\/h2>\n\n\n\n<p>A temet\u0151 \u00f6rm\u00e9ny parcell\u00e1j\u00e1t \u00e1tl\u00e9pve n\u00e9h\u00e1ny olyan s\u00edrra bukkanhatunk, amelyek nemcsak csal\u00e1di trag\u00e9di\u00e1k, hanem a k\u00f6z\u00f6ss\u00e9g m\u00e9rf\u00f6ldk\u00f6vei \u2013 haz\u00e1hoz, kult\u00far\u00e1hoz \u00e9s m\u0171v\u00e9szethez f\u0171z\u0151d\u0151 elk\u00f6telez\u0151d\u00e9sek.<\/p>\n\n\n\n<h3 class=\"wp-block-heading\">\ud83c\udfad Ag\u00e1rdy G\u00e1bor (1922\u20132006) \u2013 A nemzet sz\u00edn\u00e9sze<\/h3>\n\n\n\n<p>A magyar sz\u00ednj\u00e1tsz\u00e1s ikonja, aki kelet-eur\u00f3pai sz\u00ednpadokon h\u00edvta \u00e9letre az embers\u00e9g mikrot\u00f6rt\u00e9neteit. \u00d6rm\u00e9ny gy\u00f6kerek\u2013magyar s\u00edpol\u00e1s: Ag\u00e1rdy gazdag identit\u00e1s\u00e1ban mindig egy\u00fctt \u00e9lt a hiva\u00adt\u00e1s \u00e9s a sz\u00e1rmaz\u00e1s \u2013 s\u00edrja a k\u00f6z\u00f6ss\u00e9g eml\u00e9kezete el\u0151tt tiszteleg.<\/p>\n\n\n\n<h3 class=\"wp-block-heading\">\ud83e\udde0 Issekutz B\u00e9la (190\u202f\u2013?) \u2013 Orvos \u00e9s gy\u00f3gyszerkutat\u00f3, az MTA tagja<\/h3>\n\n\n\n<p>M\u00e9ly elk\u00f6telezetts\u00e9g\u00e9vel a tudom\u00e1ny fel\u00e9, \u0151 az a hang, aki itt hallathat\u00f3 augusztus v\u00e9gi esti \u00f3r\u00e1kban \u2013 egy olyan ember\u00e9, aki az \u00e9let\u00e9rt k\u00fczd\u00f6tt, \u00edgy maradt p\u00e9lda a k\u00f6z\u00f6ss\u00e9g fiatal nemzed\u00e9keinek.<\/p>\n\n\n\n<h3 class=\"wp-block-heading\">\ud83d\udcdd Grandpierre Emil (1879\u20131956) \u2013 \u00cdr\u00f3, a kult\u00fara h\u00edve<\/h3>\n\n\n\n<p>Kolozsv\u00e1r sz\u00fcl\u00f6tte, \u00f6rm\u00e9ny\u2013magyar kett\u0151ss\u00e9ggel: reg\u00e9nyeiben, essz\u00e9iben egyszerre \u00edrta magyar k\u00f6zt\u00fcnk \u00e9l\u0151 t\u00f6rt\u00e9nelm\u00fcnket <em>\u00e9s<\/em> az \u00f6rm\u00e9ny diaszp\u00f3ra identit\u00e1s\u00e1t. S\u00edreml\u00e9ke ott \u00e1ll, mintha azt mondan\u00e1: \u201cMindk\u00e9t kult\u00far\u00e1t tiszteltem, s mindkett\u0151t gazdag\u00edtottam.\u201d<\/p>\n\n\n\n<hr class=\"wp-block-separator has-alpha-channel-opacity\"\/>\n\n\n\n<h3 class=\"wp-block-heading\">\ud83e\udea8 A khachkarok m\u00f6g\u00f6tti \u00fczenet<\/h3>\n\n\n\n<p>A s\u00edrk\u00f6vek k\u00f6z\u00f6tt \u00e1ll\u00f3 khachkarok \u2013 a keresztform\u00e1k, ornamentik\u00e1k, vir\u00e1g-ind\u00e1k \u2013 nem csup\u00e1n a halottak megism\u00e9telhetetlen szem\u00e9lyes \u00fatj\u00e1t \u0151rzik. <strong>A s\u00edrkert egy mikro\u00adt\u00f6rt\u00e9nelmi t\u00e9r<\/strong>: a m\u0171v\u00e9szet, a tudom\u00e1ny \u00e9s az emberi egy\u00fctt\u00e9rz\u00e9s t\u00f6bb mint \u00e9vsz\u00e1zados tal\u00e1lkoz\u00e1si helysz\u00edne. A s\u00edrok k\u00f6zti hossz\u00fa padok, az utaz\u00f3 idegen, az im\u00e1dkoz\u00f3 csend \u2013 mind r\u00e9szei ennek a \u201cn\u00e9m\u00e1n megny\u00edl\u00f3 m\u00fazeum\u201d-\u00e9lm\u00e9nynek.<\/p>\n\n\n\n<h3 class=\"wp-block-heading\">\ud83c\udf32 Eml\u00e9k a j\u00f6v\u0151nek<\/h3>\n\n\n\n<p>Az ide l\u00e1togat\u00f3k \u2013 legyenek m\u0171v\u00e9szetkedvel\u0151k, kultur\u00e1lis tanulm\u00e1nyoz\u00f3k vagy csak egy csendes s\u00e9t\u00e1ra v\u00e1gy\u00f3 polg\u00e1rok \u2013 mind felteszik a k\u00e9rd\u00e9st: <strong>Hogyan lehet ilyen sz\u00e9les k\u00f6r\u0171 \u00e9letp\u00e1ly\u00e1t \u00edgy egyszerre egy s\u00edrhelyben \u00f6sszefoglalni?<\/strong> A v\u00e1lasz: a s\u00edrkertben a k\u0151 nem s\u00faly, hanem \u00fczenet. Nem eml\u00e9k, hanem megh\u00edv\u00e1s: hogy v\u00e1ljunk a k\u00f6z\u00f6ss\u00e9g\u00fcnk \u00e9l\u0151 hagyom\u00e1ny\u00e1v\u00e1.<\/p>\n","protected":false},"excerpt":{"rendered":"<p>\u2013 Az eml\u00e9kez\u00e9s csendje \ud83d\udccd Helysz\u00edn: Budapest XI., Farkasr\u00e9ti temet\u0151 \u2013 Farkasr\u00e9ti \u00fat\u202f12\u201314. Kev\u00e9s hely van Budapesten, ahol a t\u00f6rt\u00e9nelem ilyen s\u0171r\u0171n s\u00e9t\u00e1l a f\u00e1k k\u00f6z\u00f6tt. A Farkasr\u00e9ti temet\u0151 nem [&hellip;]<\/p>\n","protected":false},"author":1,"featured_media":0,"parent":0,"menu_order":0,"comment_status":"closed","ping_status":"closed","template":"","meta":{"site-sidebar-layout":"default","site-content-layout":"","ast-site-content-layout":"default","site-content-style":"default","site-sidebar-style":"default","ast-global-header-display":"","ast-banner-title-visibility":"","ast-main-header-display":"","ast-hfb-above-header-display":"","ast-hfb-below-header-display":"","ast-hfb-mobile-header-display":"","site-post-title":"","ast-breadcrumbs-content":"","ast-featured-img":"","footer-sml-layout":"","ast-disable-related-posts":"","theme-transparent-header-meta":"","adv-header-id-meta":"","stick-header-meta":"","header-above-stick-meta":"","header-main-stick-meta":"","header-below-stick-meta":"","astra-migrate-meta-layouts":"default","ast-page-background-enabled":"default","ast-page-background-meta":{"desktop":{"background-color":"var(--ast-global-color-5)","background-image":"","background-repeat":"repeat","background-position":"center center","background-size":"auto","background-attachment":"scroll","background-type":"","background-media":"","overlay-type":"","overlay-color":"","overlay-opacity":"","overlay-gradient":""},"tablet":{"background-color":"","background-image":"","background-repeat":"repeat","background-position":"center center","background-size":"auto","background-attachment":"scroll","background-type":"","background-media":"","overlay-type":"","overlay-color":"","overlay-opacity":"","overlay-gradient":""},"mobile":{"background-color":"","background-image":"","background-repeat":"repeat","background-position":"center center","background-size":"auto","background-attachment":"scroll","background-type":"","background-media":"","overlay-type":"","overlay-color":"","overlay-opacity":"","overlay-gradient":""}},"ast-content-background-meta":{"desktop":{"background-color":"var(--ast-global-color-4)","background-image":"","background-repeat":"repeat","background-position":"center center","background-size":"auto","background-attachment":"scroll","background-type":"","background-media":"","overlay-type":"","overlay-color":"","overlay-opacity":"","overlay-gradient":""},"tablet":{"background-color":"var(--ast-global-color-4)","background-image":"","background-repeat":"repeat","background-position":"center center","background-size":"auto","background-attachment":"scroll","background-type":"","background-media":"","overlay-type":"","overlay-color":"","overlay-opacity":"","overlay-gradient":""},"mobile":{"background-color":"var(--ast-global-color-4)","background-image":"","background-repeat":"repeat","background-position":"center center","background-size":"auto","background-attachment":"scroll","background-type":"","background-media":"","overlay-type":"","overlay-color":"","overlay-opacity":"","overlay-gradient":""}},"_price":"","_stock":"","_tribe_ticket_header":"","_tribe_default_ticket_provider":"","_tribe_ticket_capacity":"0","_ticket_start_date":"","_ticket_end_date":"","_tribe_ticket_show_description":"","_tribe_ticket_show_not_going":false,"_tribe_ticket_use_global_stock":"","_tribe_ticket_global_stock_level":"","_global_stock_mode":"","_global_stock_cap":"","_tribe_rsvp_for_event":"","_tribe_ticket_going_count":"","_tribe_ticket_not_going_count":"","_tribe_tickets_list":"[]","_tribe_ticket_has_attendee_info_fields":false,"footnotes":"","_tec_slr_enabled":"","_tec_slr_layout":""},"class_list":["post-530","page","type-page","status-publish","hentry"],"ticketed":false,"_links":{"self":[{"href":"https:\/\/ormenyobuda.hu\/hu_hu\/wp-json\/wp\/v2\/pages\/530","targetHints":{"allow":["GET"]}}],"collection":[{"href":"https:\/\/ormenyobuda.hu\/hu_hu\/wp-json\/wp\/v2\/pages"}],"about":[{"href":"https:\/\/ormenyobuda.hu\/hu_hu\/wp-json\/wp\/v2\/types\/page"}],"author":[{"embeddable":true,"href":"https:\/\/ormenyobuda.hu\/hu_hu\/wp-json\/wp\/v2\/users\/1"}],"replies":[{"embeddable":true,"href":"https:\/\/ormenyobuda.hu\/hu_hu\/wp-json\/wp\/v2\/comments?post=530"}],"version-history":[{"count":1,"href":"https:\/\/ormenyobuda.hu\/hu_hu\/wp-json\/wp\/v2\/pages\/530\/revisions"}],"predecessor-version":[{"id":531,"href":"https:\/\/ormenyobuda.hu\/hu_hu\/wp-json\/wp\/v2\/pages\/530\/revisions\/531"}],"wp:attachment":[{"href":"https:\/\/ormenyobuda.hu\/hu_hu\/wp-json\/wp\/v2\/media?parent=530"}],"curies":[{"name":"wp","href":"https:\/\/api.w.org\/{rel}","templated":true}]}}