{"id":595,"date":"2026-02-05T16:09:15","date_gmt":"2026-02-05T16:09:15","guid":{"rendered":"https:\/\/ormenyobuda.hu\/?page_id=595"},"modified":"2026-03-05T11:12:07","modified_gmt":"2026-03-05T11:12:07","slug":"elso-utunk-a-khachkar-turainkbol","status":"publish","type":"page","link":"https:\/\/ormenyobuda.hu\/hu_hu\/elso-utunk-a-khachkar-turainkbol\/","title":{"rendered":"Els\u0151 utunk a khachkar t\u00far\u00e1inkb\u00f3l"},"content":{"rendered":"\n<p>2025. december 6. Kor\u00e1n indult a nap. A reggeli busz csendes volt, m\u00e9g mindenki f\u00e9l\u00e1lomban rendezte a gondolatait, mik\u00f6zben lassan magunk m\u00f6g\u00f6tt hagytuk az otthoni utc\u00e1kat. <strong>Pozsony<\/strong> belv\u00e1ros\u00e1ban sz\u00e1lltunk le, ott, ahol m\u00e1r \u00e9rezhet\u0151 volt az \u00fcnnepi k\u00e9sz\u00fcl\u0151d\u00e9s fesz\u00fclts\u00e9ge \u00e9s zaja. December 6-a volt \u2013 a v\u00e1ros egyszerre volt sz\u00ednes \u00e9s szomork\u00e1s.<\/p>\n\n\n\n<p>Az es\u0151 finoman, kitart\u00f3an esett. Nem zavart, ink\u00e1bb hangulatot adott. Az utc\u00e1kon h\u00f6mp\u00f6lyg\u00f6tt a t\u00f6meg, mindenki v\u00e1s\u00e1rolt, sietett, n\u00e9zel\u0151d\u00f6tt. Mi azonban m\u00e1s c\u00e9l miatt \u00e9rkezt\u00fcnk. A v\u00e1r alatt elhaladva \u00e1tkelt\u00fcnk a h\u00eddon, majd bel\u00e9pt\u00fcnk a parkba. Innen m\u00e1r csak n\u00e9h\u00e1ny sz\u00e1z m\u00e9ter volt az \u00fat.<\/p>\n\n\n\n<p>\u00c9s ott volt. A khachkar.<\/p>\n\n\n\n<figure class=\"wp-block-image size-large\"><img loading=\"lazy\" decoding=\"async\" width=\"770\" height=\"1024\" src=\"https:\/\/ormenyobuda.hu\/wp-content\/uploads\/2026\/03\/khackar_Pozsony-770x1024.jpg\" alt=\"\" class=\"wp-image-683\" srcset=\"https:\/\/ormenyobuda.hu\/wp-content\/uploads\/2026\/03\/khackar_Pozsony-770x1024.jpg 770w, https:\/\/ormenyobuda.hu\/wp-content\/uploads\/2026\/03\/khackar_Pozsony-226x300.jpg 226w, https:\/\/ormenyobuda.hu\/wp-content\/uploads\/2026\/03\/khackar_Pozsony-768x1022.jpg 768w, https:\/\/ormenyobuda.hu\/wp-content\/uploads\/2026\/03\/khackar_Pozsony-1155x1536.jpg 1155w, https:\/\/ormenyobuda.hu\/wp-content\/uploads\/2026\/03\/khackar_Pozsony-9x12.jpg 9w, https:\/\/ormenyobuda.hu\/wp-content\/uploads\/2026\/03\/khackar_Pozsony.jpg 1496w\" sizes=\"auto, (max-width: 770px) 100vw, 770px\" \/><\/figure>\n\n\n\n<figure class=\"wp-block-image size-large\"><img loading=\"lazy\" decoding=\"async\" width=\"1024\" height=\"768\" src=\"https:\/\/ormenyobuda.hu\/wp-content\/uploads\/2026\/03\/khackar_Pozsony2-1024x768.jpg\" alt=\"\" class=\"wp-image-688\" srcset=\"https:\/\/ormenyobuda.hu\/wp-content\/uploads\/2026\/03\/khackar_Pozsony2-1024x768.jpg 1024w, https:\/\/ormenyobuda.hu\/wp-content\/uploads\/2026\/03\/khackar_Pozsony2-300x225.jpg 300w, https:\/\/ormenyobuda.hu\/wp-content\/uploads\/2026\/03\/khackar_Pozsony2-768x576.jpg 768w, https:\/\/ormenyobuda.hu\/wp-content\/uploads\/2026\/03\/khackar_Pozsony2-1536x1152.jpg 1536w, https:\/\/ormenyobuda.hu\/wp-content\/uploads\/2026\/03\/khackar_Pozsony2-16x12.jpg 16w, https:\/\/ormenyobuda.hu\/wp-content\/uploads\/2026\/03\/khackar_Pozsony2.jpg 1795w\" sizes=\"auto, (max-width: 1024px) 100vw, 1024px\" \/><\/figure>\n\n\n\n<p>Egy pillanatra minden lelassult. A v\u00e1ros zaja tomp\u00e1bb lett, az es\u0151 halkabbnak t\u0171nt. Meg\u00e1lltunk, tiszteletet adtunk, \u00e9s csendben tisztelegt\u00fcnk a m\u00falt esem\u00e9nyei el\u0151tt. Nem volt sz\u00fcks\u00e9g szavakra. El\u00e9g volt az ottl\u00e9t. N\u00e9h\u00e1ny fot\u00f3, egy utols\u00f3 pillant\u00e1s, majd b\u00facs\u00fa.<\/p>\n\n\n\n<figure class=\"wp-block-image size-large\"><img loading=\"lazy\" decoding=\"async\" width=\"1024\" height=\"770\" src=\"https:\/\/ormenyobuda.hu\/wp-content\/uploads\/2026\/03\/karacsonyi-forgatag_pozsony-1024x770.jpg\" alt=\"\" class=\"wp-image-685\" srcset=\"https:\/\/ormenyobuda.hu\/wp-content\/uploads\/2026\/03\/karacsonyi-forgatag_pozsony-1024x770.jpg 1024w, https:\/\/ormenyobuda.hu\/wp-content\/uploads\/2026\/03\/karacsonyi-forgatag_pozsony-300x226.jpg 300w, https:\/\/ormenyobuda.hu\/wp-content\/uploads\/2026\/03\/karacsonyi-forgatag_pozsony-768x578.jpg 768w, https:\/\/ormenyobuda.hu\/wp-content\/uploads\/2026\/03\/karacsonyi-forgatag_pozsony-1536x1155.jpg 1536w, https:\/\/ormenyobuda.hu\/wp-content\/uploads\/2026\/03\/karacsonyi-forgatag_pozsony-16x12.jpg 16w, https:\/\/ormenyobuda.hu\/wp-content\/uploads\/2026\/03\/karacsonyi-forgatag_pozsony.jpg 1795w\" sizes=\"auto, (max-width: 1024px) 100vw, 1024px\" \/><figcaption class=\"wp-element-caption\">oplus_1048576<\/figcaption><\/figure>\n\n\n\n<p>Visszat\u00e9rve a belv\u00e1rosba ism\u00e9t mag\u00e1val ragadott a forgatag. K\u00f6rbej\u00e1rtuk a pozsonyi kar\u00e1csonyi v\u00e1s\u00e1rt, ahol az \u00fcnnepi illatok \u00e9s f\u00e9nyek eg\u00e9szen m\u00e1s arc\u00e1t mutatt\u00e1k meg a v\u00e1rosnak. Egy finom <strong>Matu\u0161ka s\u00f6r<\/strong> is belef\u00e9rt a helyi \u00e9telek mell\u00e9 \u2013 apr\u00f3, de eml\u00e9kezetes lez\u00e1r\u00e1sa volt a napnak.<\/p>\n\n\n\n<p>Este hatkor indult vissza a busz. Odakint m\u00e1r s\u00f6t\u00e9t volt, az ablakon t\u00fal elsuhantak a f\u00e9nyek. \u00c9jszaka \u00e9rkezt\u00fcnk haza \u2013 f\u00e1radtan, de felt\u00f6lt\u0151dve. Nem csak egy v\u00e1rost, hanem egy eml\u00e9ket is magunkkal hoztunk.<\/p>\n","protected":false},"excerpt":{"rendered":"<p>2025. december 6. Kor\u00e1n indult a nap. A reggeli busz csendes volt, m\u00e9g mindenki f\u00e9l\u00e1lomban rendezte a gondolatait, mik\u00f6zben lassan magunk m\u00f6g\u00f6tt hagytuk az otthoni utc\u00e1kat. Pozsony belv\u00e1ros\u00e1ban sz\u00e1lltunk le, [&hellip;]<\/p>\n","protected":false},"author":1,"featured_media":0,"parent":0,"menu_order":0,"comment_status":"closed","ping_status":"closed","template":"","meta":{"site-sidebar-layout":"default","site-content-layout":"","ast-site-content-layout":"default","site-content-style":"default","site-sidebar-style":"default","ast-global-header-display":"","ast-banner-title-visibility":"","ast-main-header-display":"","ast-hfb-above-header-display":"","ast-hfb-below-header-display":"","ast-hfb-mobile-header-display":"","site-post-title":"","ast-breadcrumbs-content":"","ast-featured-img":"","footer-sml-layout":"","ast-disable-related-posts":"","theme-transparent-header-meta":"","adv-header-id-meta":"","stick-header-meta":"","header-above-stick-meta":"","header-main-stick-meta":"","header-below-stick-meta":"","astra-migrate-meta-layouts":"default","ast-page-background-enabled":"default","ast-page-background-meta":{"desktop":{"background-color":"var(--ast-global-color-5)","background-image":"","background-repeat":"repeat","background-position":"center center","background-size":"auto","background-attachment":"scroll","background-type":"","background-media":"","overlay-type":"","overlay-color":"","overlay-opacity":"","overlay-gradient":""},"tablet":{"background-color":"","background-image":"","background-repeat":"repeat","background-position":"center center","background-size":"auto","background-attachment":"scroll","background-type":"","background-media":"","overlay-type":"","overlay-color":"","overlay-opacity":"","overlay-gradient":""},"mobile":{"background-color":"","background-image":"","background-repeat":"repeat","background-position":"center center","background-size":"auto","background-attachment":"scroll","background-type":"","background-media":"","overlay-type":"","overlay-color":"","overlay-opacity":"","overlay-gradient":""}},"ast-content-background-meta":{"desktop":{"background-color":"var(--ast-global-color-4)","background-image":"","background-repeat":"repeat","background-position":"center center","background-size":"auto","background-attachment":"scroll","background-type":"","background-media":"","overlay-type":"","overlay-color":"","overlay-opacity":"","overlay-gradient":""},"tablet":{"background-color":"var(--ast-global-color-4)","background-image":"","background-repeat":"repeat","background-position":"center center","background-size":"auto","background-attachment":"scroll","background-type":"","background-media":"","overlay-type":"","overlay-color":"","overlay-opacity":"","overlay-gradient":""},"mobile":{"background-color":"var(--ast-global-color-4)","background-image":"","background-repeat":"repeat","background-position":"center center","background-size":"auto","background-attachment":"scroll","background-type":"","background-media":"","overlay-type":"","overlay-color":"","overlay-opacity":"","overlay-gradient":""}},"_price":"","_stock":"","_tribe_ticket_header":"","_tribe_default_ticket_provider":"","_tribe_ticket_capacity":"0","_ticket_start_date":"","_ticket_end_date":"","_tribe_ticket_show_description":"","_tribe_ticket_show_not_going":false,"_tribe_ticket_use_global_stock":"","_tribe_ticket_global_stock_level":"","_global_stock_mode":"","_global_stock_cap":"","_tribe_rsvp_for_event":"","_tribe_ticket_going_count":"","_tribe_ticket_not_going_count":"","_tribe_tickets_list":"[]","_tribe_ticket_has_attendee_info_fields":false,"footnotes":"","_tec_slr_enabled":"","_tec_slr_layout":""},"class_list":["post-595","page","type-page","status-publish","hentry"],"ticketed":false,"_links":{"self":[{"href":"https:\/\/ormenyobuda.hu\/hu_hu\/wp-json\/wp\/v2\/pages\/595","targetHints":{"allow":["GET"]}}],"collection":[{"href":"https:\/\/ormenyobuda.hu\/hu_hu\/wp-json\/wp\/v2\/pages"}],"about":[{"href":"https:\/\/ormenyobuda.hu\/hu_hu\/wp-json\/wp\/v2\/types\/page"}],"author":[{"embeddable":true,"href":"https:\/\/ormenyobuda.hu\/hu_hu\/wp-json\/wp\/v2\/users\/1"}],"replies":[{"embeddable":true,"href":"https:\/\/ormenyobuda.hu\/hu_hu\/wp-json\/wp\/v2\/comments?post=595"}],"version-history":[{"count":8,"href":"https:\/\/ormenyobuda.hu\/hu_hu\/wp-json\/wp\/v2\/pages\/595\/revisions"}],"predecessor-version":[{"id":690,"href":"https:\/\/ormenyobuda.hu\/hu_hu\/wp-json\/wp\/v2\/pages\/595\/revisions\/690"}],"wp:attachment":[{"href":"https:\/\/ormenyobuda.hu\/hu_hu\/wp-json\/wp\/v2\/media?parent=595"}],"curies":[{"name":"wp","href":"https:\/\/api.w.org\/{rel}","templated":true}]}}