{"id":598,"date":"2026-02-05T16:21:37","date_gmt":"2026-02-05T16:21:37","guid":{"rendered":"https:\/\/ormenyobuda.hu\/?page_id=598"},"modified":"2026-02-05T16:25:56","modified_gmt":"2026-02-05T16:25:56","slug":"emlekhelyeink","status":"publish","type":"page","link":"https:\/\/ormenyobuda.hu\/hu_hu\/emlekhelyeink\/","title":{"rendered":"Eml\u00e9khelyeink"},"content":{"rendered":"\n<p>2025-ben a<strong> <strong>Budapest III. ker\u00fcleti \u00d3buda-B\u00e9k\u00e1smegyer \u00d6rm\u00e9ny Nemzetis\u00e9gi \u00d6nkorm\u00e1nyzat<\/strong><\/strong> fontos d\u00f6nt\u00e9st hozott: nem csup\u00e1n t\u00e9rk\u00e9pen \u00e9s arch\u00edvumokban k\u00edv\u00e1njuk sz\u00e1mon tartani az el\u0151zetesen felkutatott khachkarokat \u00e9s \u00f6rm\u00e9ny eml\u00e9khelyeket, hanem szem\u00e9lyesen is felkeress\u00fck \u0151ket. Tiszteletet adva, jelenl\u00e9ttel, meg\u00e1ll\u00e1ssal, eml\u00e9kez\u00e9ssel.<br>Ez a hi\u00e1nyp\u00f3tl\u00f3 v\u00e1llal\u00e1s abb\u00f3l a sz\u00e1nd\u00e9kb\u00f3l sz\u00fcletett, hogy az orsz\u00e1gon bel\u00fcl, valamint a k\u00f6rnyez\u0151 orsz\u00e1gokban fellelhet\u0151 \u00f6rm\u00e9ny eml\u00e9khelyeket m\u00f3dszeresen felt\u00e1rjuk, majd be is j\u00e1rjuk. Az elhat\u00e1roz\u00e1st nem hagytuk sok\u00e1ig \u00e9rlel\u0151dni: m\u00e1r az indul\u00f3 \u00e9vben tettek k\u00f6vett\u00e9k, \u00e9s els\u0151 \u00fati c\u00e9lk\u00e9nt <strong>Pozsony<\/strong> fel\u00e9 vett\u00fck az ir\u00e1nyt.<\/p>\n\n\n\n<p>A III. ker\u00fcleti nemzetis\u00e9gi k\u00f6z\u00f6ss\u00e9gek k\u00f6z\u00f6tti egy\u00fcttm\u0171k\u00f6d\u00e9s szellem\u00e9ben a t\u00far\u00e1ra megh\u00edvtuk a roma \u00e9s a bolg\u00e1r nemzetis\u00e9gi \u00f6nkorm\u00e1nyzat k\u00e9pvisel\u0151it is, akik eln\u00f6keik r\u00e9v\u00e9n csatlakoztak hozz\u00e1nk. Jelenl\u00e9t\u00fck t\u00falmutatott az udvariass\u00e1gon: er\u0151s\u00edtette a k\u00f6z\u00f6ss\u00e9gek k\u00f6z\u00f6tti kapcsolatokat, \u00e9s tov\u00e1bb m\u00e9ly\u00edtette az id\u0151k\u00f6zben kialakult bar\u00e1ts\u00e1gokat.<\/p>\n\n\n\n<p>A pozsonyi l\u00e1togat\u00e1s lez\u00e1r\u00e1sakor k\u00f6z\u00f6s elhat\u00e1roz\u00e1s sz\u00fcletett arr\u00f3l, hogy ez az egy\u00fcttm\u0171k\u00f6d\u00e9s nem egyszeri alkalom marad. A r\u00e9sztvev\u0151k jelezt\u00e9k, hogy a j\u00f6v\u0151ben is sz\u00edvesen csatlakoznak hagyom\u00e1ny\u0151rz\u0151 eml\u00e9kt\u00far\u00e1inkhoz. Ez az elgondol\u00e1s 2025 tavasz\u00e1n konkr\u00e9t form\u00e1t is \u00f6lt: k\u00f6vetkez\u0151 c\u00e9lpontunk <strong>Kassa<\/strong>, ahonnan hazafel\u00e9 <strong>Miskolc<\/strong> fel\u00e9 vessz\u00fck az utat.<\/p>\n\n\n\n<p>A vissza\u00faton egy roma eml\u00e9khelyet is felkeres\u00fcnk, ahol k\u00f6z\u00f6sen eml\u00e9kez\u00fcnk \u2013 nemcsak az \u00f6rm\u00e9ny, hanem a roma k\u00f6z\u00f6ss\u00e9g m\u00faltj\u00e1ra \u00e9s vesztes\u00e9geire is. Mert az eml\u00e9kez\u00e9s akkor v\u00e1lik igaz\u00e1n \u00e9l\u0151v\u00e9, ha nem elv\u00e1laszt, hanem \u00f6sszek\u00f6t.nk meg nem csak az \u00d6rm\u00e9ny, hanem a Roma k\u00f6z\u00f6ss\u00e9ghez kapcsol\u00f3d\u00f3 eml\u00e9khelyen is.<\/p>\n\n\n\n<p><strong>K\u00f6z\u00f6s eml\u00e9kez\u00e9s, meg\u00e9lt tapasztalat<\/strong><\/p>\n\n\n\n<p>Fontosnak tartjuk azt is, hogy a megtervezett \u00e9s bej\u00e1rt \u00fatvonalakat saj\u00e1t szemsz\u00f6gb\u0151l, szem\u00e9lyes \u00e9lm\u00e9nybesz\u00e1mol\u00f3k form\u00e1j\u00e1ban \u00f6r\u00f6k\u00edts\u00fck meg. Meggy\u0151z\u0151d\u00e9s\u00fcnk, hogy ett\u0151l v\u00e1lik a m\u00falt val\u00f3ban az \u00e9let\u00fcnk r\u00e9sz\u00e9v\u00e9: nem puszta t\u00f6rt\u00e9nelmi adatk\u00e9nt, hanem meg\u00e9lt tapasztalatk\u00e9nt. A mai szem\u00fcnkkel, a jelen tud\u00e1s\u00e1val \u00e9s \u00e9rz\u00e9kenys\u00e9g\u00e9vel k\u00f6zel\u00edt\u00fcnk azokhoz az esem\u00e9nyekhez \u00e9s helysz\u00ednekhez, amelyek egykor m\u00e1s k\u00f6z\u00f6ss\u00e9gek mindennapjaihoz tartoztak.<\/p>\n\n\n\n<p>Az\u00e1ltal, hogy bej\u00e1rjuk ezeket a helyeket, \u00faj \u00e9lm\u00e9nyeket szerz\u00fcnk \u2013 nemcsak az eml\u00e9khelyek r\u00e9v\u00e9n, hanem a k\u00f6rnyezet\u00fck\u00f6n, a v\u00e1rosokon, parkokon, utc\u00e1kon kereszt\u00fcl is. A m\u00falt \u00edgy nem elszigetelten jelenik meg, hanem a jelen form\u00e1j\u00e1ban: egy\u00fctt a helyi k\u00f6z\u00f6ss\u00e9gek mai \u00e9let\u00e9vel, mindennapjaival. Ez az \u00e9l\u0151 kapcsolat ad \u00e9rtelmet az \u00fatnak, \u00e9s ez teszi az eml\u00e9kez\u00e9st val\u00f3di, k\u00f6z\u00f6s tapasztalatt\u00e1.<\/p>\n","protected":false},"excerpt":{"rendered":"<p>2025-ben a Budapest III. ker\u00fcleti \u00d3buda-B\u00e9k\u00e1smegyer \u00d6rm\u00e9ny Nemzetis\u00e9gi \u00d6nkorm\u00e1nyzat fontos d\u00f6nt\u00e9st hozott: nem csup\u00e1n t\u00e9rk\u00e9pen \u00e9s arch\u00edvumokban k\u00edv\u00e1njuk sz\u00e1mon tartani az el\u0151zetesen felkutatott khachkarokat \u00e9s \u00f6rm\u00e9ny eml\u00e9khelyeket, hanem szem\u00e9lyesen is [&hellip;]<\/p>\n","protected":false},"author":1,"featured_media":0,"parent":0,"menu_order":0,"comment_status":"closed","ping_status":"closed","template":"","meta":{"site-sidebar-layout":"default","site-content-layout":"","ast-site-content-layout":"default","site-content-style":"default","site-sidebar-style":"default","ast-global-header-display":"","ast-banner-title-visibility":"","ast-main-header-display":"","ast-hfb-above-header-display":"","ast-hfb-below-header-display":"","ast-hfb-mobile-header-display":"","site-post-title":"","ast-breadcrumbs-content":"","ast-featured-img":"","footer-sml-layout":"","ast-disable-related-posts":"","theme-transparent-header-meta":"","adv-header-id-meta":"","stick-header-meta":"","header-above-stick-meta":"","header-main-stick-meta":"","header-below-stick-meta":"","astra-migrate-meta-layouts":"default","ast-page-background-enabled":"default","ast-page-background-meta":{"desktop":{"background-color":"var(--ast-global-color-5)","background-image":"","background-repeat":"repeat","background-position":"center center","background-size":"auto","background-attachment":"scroll","background-type":"","background-media":"","overlay-type":"","overlay-color":"","overlay-opacity":"","overlay-gradient":""},"tablet":{"background-color":"","background-image":"","background-repeat":"repeat","background-position":"center center","background-size":"auto","background-attachment":"scroll","background-type":"","background-media":"","overlay-type":"","overlay-color":"","overlay-opacity":"","overlay-gradient":""},"mobile":{"background-color":"","background-image":"","background-repeat":"repeat","background-position":"center center","background-size":"auto","background-attachment":"scroll","background-type":"","background-media":"","overlay-type":"","overlay-color":"","overlay-opacity":"","overlay-gradient":""}},"ast-content-background-meta":{"desktop":{"background-color":"var(--ast-global-color-4)","background-image":"","background-repeat":"repeat","background-position":"center center","background-size":"auto","background-attachment":"scroll","background-type":"","background-media":"","overlay-type":"","overlay-color":"","overlay-opacity":"","overlay-gradient":""},"tablet":{"background-color":"var(--ast-global-color-4)","background-image":"","background-repeat":"repeat","background-position":"center center","background-size":"auto","background-attachment":"scroll","background-type":"","background-media":"","overlay-type":"","overlay-color":"","overlay-opacity":"","overlay-gradient":""},"mobile":{"background-color":"var(--ast-global-color-4)","background-image":"","background-repeat":"repeat","background-position":"center center","background-size":"auto","background-attachment":"scroll","background-type":"","background-media":"","overlay-type":"","overlay-color":"","overlay-opacity":"","overlay-gradient":""}},"_price":"","_stock":"","_tribe_ticket_header":"","_tribe_default_ticket_provider":"","_tribe_ticket_capacity":"0","_ticket_start_date":"","_ticket_end_date":"","_tribe_ticket_show_description":"","_tribe_ticket_show_not_going":false,"_tribe_ticket_use_global_stock":"","_tribe_ticket_global_stock_level":"","_global_stock_mode":"","_global_stock_cap":"","_tribe_rsvp_for_event":"","_tribe_ticket_going_count":"","_tribe_ticket_not_going_count":"","_tribe_tickets_list":"[]","_tribe_ticket_has_attendee_info_fields":false,"footnotes":"","_tec_slr_enabled":"","_tec_slr_layout":""},"class_list":["post-598","page","type-page","status-publish","hentry"],"ticketed":false,"_links":{"self":[{"href":"https:\/\/ormenyobuda.hu\/hu_hu\/wp-json\/wp\/v2\/pages\/598","targetHints":{"allow":["GET"]}}],"collection":[{"href":"https:\/\/ormenyobuda.hu\/hu_hu\/wp-json\/wp\/v2\/pages"}],"about":[{"href":"https:\/\/ormenyobuda.hu\/hu_hu\/wp-json\/wp\/v2\/types\/page"}],"author":[{"embeddable":true,"href":"https:\/\/ormenyobuda.hu\/hu_hu\/wp-json\/wp\/v2\/users\/1"}],"replies":[{"embeddable":true,"href":"https:\/\/ormenyobuda.hu\/hu_hu\/wp-json\/wp\/v2\/comments?post=598"}],"version-history":[{"count":2,"href":"https:\/\/ormenyobuda.hu\/hu_hu\/wp-json\/wp\/v2\/pages\/598\/revisions"}],"predecessor-version":[{"id":601,"href":"https:\/\/ormenyobuda.hu\/hu_hu\/wp-json\/wp\/v2\/pages\/598\/revisions\/601"}],"wp:attachment":[{"href":"https:\/\/ormenyobuda.hu\/hu_hu\/wp-json\/wp\/v2\/media?parent=598"}],"curies":[{"name":"wp","href":"https:\/\/api.w.org\/{rel}","templated":true}]}}