{"id":76,"date":"2021-12-06T09:04:33","date_gmt":"2021-12-06T09:04:33","guid":{"rendered":"https:\/\/ormenyobuda.hu\/?page_id=76"},"modified":"2021-12-06T18:02:36","modified_gmt":"2021-12-06T18:02:36","slug":"ormeny-kulturalis-nap-obudai-tarsaskorben","status":"publish","type":"page","link":"https:\/\/ormenyobuda.hu\/hu_hu\/esemenyek__trashed\/ormeny-kulturalis-nap-obudai-tarsaskorben\/","title":{"rendered":"\u00d6rm\u00e9ny kultur\u00e1lis nap \u2013 \u00f3budai t\u00e1rsask\u00f6rben"},"content":{"rendered":"\n<p><strong>\u00d6RM\u00c9NY ADVENT \u00d3BUD\u00c1N \u00d3buda-B\u00e9k\u00e1smegyer \u00d6rm\u00e9ny Nemzetis\u00e9gi \u00d6nkorm\u00e1nyzat\u00e1nak estje<\/strong><br>2021. december 4.,&nbsp;19:00 \u00d3budai T\u00e1rsask\u00f6r<\/p>\n\n\n\n<p>18.00&nbsp;<strong>KI\u00c1LL\u00cdT\u00c1S MEGNYIT\u00d3<\/strong><\/p>\n\n\n\n<p>Szobrok \u00e9s fot\u00f3k: \u00f6rm\u00e9ny ruh\u00e1k \u00e9s viseletek, \u00f6rm\u00e9ny t\u00e1jak, falvak, v\u00e1rosok<\/p>\n\n\n\n<p><strong>19.00&nbsp;NELSON SAHAKJAN \u00c1RIA- \u00c9S DALESTJE \u2013 1. r\u00e9sz<\/strong><\/p>\n\n\n\n<p>\u00f6rm\u00e9ny egyh\u00e1zi \u00e9nekek \u00e9s n\u00e9pdalok, olasz opera\u00e1ri\u00e1k, n\u00e1polyi dalok<\/p>\n\n\n\n<p>Zongor\u00e1n k\u00eds\u00e9r: Csipkay \u00c9va<\/p>\n\n\n\n<p><strong>19.30&nbsp;K\u0150 ORSZ\u00c1G&nbsp;AVANESIAN&nbsp;ALEX vet\u00edt\u00e9ssel egybek\u00f6t\u00f6tt el\u0151ad\u00e1sa \u00d6rm\u00e9nyorsz\u00e1gr\u00f3l<\/strong><\/p>\n\n\n\n<p><strong>20.00&nbsp;NELSON SAHAKJAN \u00c1RIA- \u00c9S DALESTJE &#8211; 2. r\u00e9sz<\/strong><\/p>\n\n\n\n<figure class=\"wp-block-gallery columns-3 is-cropped wp-block-gallery-1 is-layout-flex wp-block-gallery-is-layout-flex\"><ul class=\"blocks-gallery-grid\"><li class=\"blocks-gallery-item\"><figure><img loading=\"lazy\" decoding=\"async\" width=\"1024\" height=\"768\" src=\"https:\/\/ormenyobuda.hu\/wp-content\/uploads\/2021\/12\/IMG_20211204_180041-1024x768.jpg\" alt=\"\" data-id=\"237\" data-full-url=\"https:\/\/ormenyobuda.hu\/wp-content\/uploads\/2021\/12\/IMG_20211204_180041-scaled.jpg\" data-link=\"https:\/\/ormenyobuda.hu\/esemenyek\/ormeny-kulturalis-nap-obudai-tarsaskorben\/img_20211204_180041-jpg\/\" class=\"wp-image-237\" srcset=\"https:\/\/ormenyobuda.hu\/wp-content\/uploads\/2021\/12\/IMG_20211204_180041-1024x768.jpg 1024w, https:\/\/ormenyobuda.hu\/wp-content\/uploads\/2021\/12\/IMG_20211204_180041-300x225.jpg 300w, https:\/\/ormenyobuda.hu\/wp-content\/uploads\/2021\/12\/IMG_20211204_180041-768x576.jpg 768w, https:\/\/ormenyobuda.hu\/wp-content\/uploads\/2021\/12\/IMG_20211204_180041-1536x1152.jpg 1536w, https:\/\/ormenyobuda.hu\/wp-content\/uploads\/2021\/12\/IMG_20211204_180041-2048x1536.jpg 2048w\" sizes=\"auto, (max-width: 1024px) 100vw, 1024px\" \/><\/figure><\/li><li class=\"blocks-gallery-item\"><figure><img loading=\"lazy\" decoding=\"async\" width=\"1024\" height=\"768\" src=\"https:\/\/ormenyobuda.hu\/wp-content\/uploads\/2021\/12\/IMG_20211204_180054-1024x768.jpg\" alt=\"\" data-id=\"236\" data-full-url=\"https:\/\/ormenyobuda.hu\/wp-content\/uploads\/2021\/12\/IMG_20211204_180054-scaled.jpg\" data-link=\"https:\/\/ormenyobuda.hu\/esemenyek\/ormeny-kulturalis-nap-obudai-tarsaskorben\/img_20211204_180054-jpg\/\" class=\"wp-image-236\" srcset=\"https:\/\/ormenyobuda.hu\/wp-content\/uploads\/2021\/12\/IMG_20211204_180054-1024x768.jpg 1024w, https:\/\/ormenyobuda.hu\/wp-content\/uploads\/2021\/12\/IMG_20211204_180054-300x225.jpg 300w, https:\/\/ormenyobuda.hu\/wp-content\/uploads\/2021\/12\/IMG_20211204_180054-768x576.jpg 768w, https:\/\/ormenyobuda.hu\/wp-content\/uploads\/2021\/12\/IMG_20211204_180054-1536x1152.jpg 1536w, https:\/\/ormenyobuda.hu\/wp-content\/uploads\/2021\/12\/IMG_20211204_180054-2048x1536.jpg 2048w\" sizes=\"auto, (max-width: 1024px) 100vw, 1024px\" \/><\/figure><\/li><li class=\"blocks-gallery-item\"><figure><img loading=\"lazy\" decoding=\"async\" width=\"1024\" height=\"768\" src=\"https:\/\/ormenyobuda.hu\/wp-content\/uploads\/2021\/12\/IMG_20211204_180039-1024x768.jpg\" alt=\"\" data-id=\"240\" data-full-url=\"https:\/\/ormenyobuda.hu\/wp-content\/uploads\/2021\/12\/IMG_20211204_180039-scaled.jpg\" data-link=\"https:\/\/ormenyobuda.hu\/esemenyek\/ormeny-kulturalis-nap-obudai-tarsaskorben\/img_20211204_180039-jpg\/\" class=\"wp-image-240\" srcset=\"https:\/\/ormenyobuda.hu\/wp-content\/uploads\/2021\/12\/IMG_20211204_180039-1024x768.jpg 1024w, https:\/\/ormenyobuda.hu\/wp-content\/uploads\/2021\/12\/IMG_20211204_180039-300x225.jpg 300w, https:\/\/ormenyobuda.hu\/wp-content\/uploads\/2021\/12\/IMG_20211204_180039-768x576.jpg 768w, https:\/\/ormenyobuda.hu\/wp-content\/uploads\/2021\/12\/IMG_20211204_180039-1536x1152.jpg 1536w, https:\/\/ormenyobuda.hu\/wp-content\/uploads\/2021\/12\/IMG_20211204_180039-2048x1536.jpg 2048w\" sizes=\"auto, (max-width: 1024px) 100vw, 1024px\" \/><\/figure><\/li><li class=\"blocks-gallery-item\"><figure><img loading=\"lazy\" decoding=\"async\" width=\"1024\" height=\"768\" src=\"https:\/\/ormenyobuda.hu\/wp-content\/uploads\/2021\/12\/IMG_20211204_184104-1024x768.jpg\" alt=\"\" data-id=\"239\" data-full-url=\"https:\/\/ormenyobuda.hu\/wp-content\/uploads\/2021\/12\/IMG_20211204_184104-scaled.jpg\" data-link=\"https:\/\/ormenyobuda.hu\/esemenyek\/ormeny-kulturalis-nap-obudai-tarsaskorben\/img_20211204_184104-jpg\/\" class=\"wp-image-239\" srcset=\"https:\/\/ormenyobuda.hu\/wp-content\/uploads\/2021\/12\/IMG_20211204_184104-1024x768.jpg 1024w, https:\/\/ormenyobuda.hu\/wp-content\/uploads\/2021\/12\/IMG_20211204_184104-300x225.jpg 300w, https:\/\/ormenyobuda.hu\/wp-content\/uploads\/2021\/12\/IMG_20211204_184104-768x576.jpg 768w, https:\/\/ormenyobuda.hu\/wp-content\/uploads\/2021\/12\/IMG_20211204_184104-1536x1152.jpg 1536w, https:\/\/ormenyobuda.hu\/wp-content\/uploads\/2021\/12\/IMG_20211204_184104-2048x1536.jpg 2048w\" sizes=\"auto, (max-width: 1024px) 100vw, 1024px\" \/><\/figure><\/li><li class=\"blocks-gallery-item\"><figure><img loading=\"lazy\" decoding=\"async\" width=\"1024\" height=\"768\" src=\"https:\/\/ormenyobuda.hu\/wp-content\/uploads\/2021\/12\/IMG_20211204_184103-1024x768.jpg\" alt=\"\" data-id=\"238\" data-full-url=\"https:\/\/ormenyobuda.hu\/wp-content\/uploads\/2021\/12\/IMG_20211204_184103-scaled.jpg\" data-link=\"https:\/\/ormenyobuda.hu\/esemenyek\/ormeny-kulturalis-nap-obudai-tarsaskorben\/img_20211204_184103-jpg\/\" class=\"wp-image-238\" srcset=\"https:\/\/ormenyobuda.hu\/wp-content\/uploads\/2021\/12\/IMG_20211204_184103-1024x768.jpg 1024w, https:\/\/ormenyobuda.hu\/wp-content\/uploads\/2021\/12\/IMG_20211204_184103-300x225.jpg 300w, https:\/\/ormenyobuda.hu\/wp-content\/uploads\/2021\/12\/IMG_20211204_184103-768x576.jpg 768w, https:\/\/ormenyobuda.hu\/wp-content\/uploads\/2021\/12\/IMG_20211204_184103-1536x1152.jpg 1536w, https:\/\/ormenyobuda.hu\/wp-content\/uploads\/2021\/12\/IMG_20211204_184103-2048x1536.jpg 2048w\" sizes=\"auto, (max-width: 1024px) 100vw, 1024px\" \/><\/figure><\/li><li class=\"blocks-gallery-item\"><figure><img loading=\"lazy\" decoding=\"async\" width=\"1024\" height=\"768\" src=\"https:\/\/ormenyobuda.hu\/wp-content\/uploads\/2021\/12\/IMG_20211204_184106-1024x768.jpg\" alt=\"\" data-id=\"241\" data-full-url=\"https:\/\/ormenyobuda.hu\/wp-content\/uploads\/2021\/12\/IMG_20211204_184106-scaled.jpg\" data-link=\"https:\/\/ormenyobuda.hu\/esemenyek\/ormeny-kulturalis-nap-obudai-tarsaskorben\/img_20211204_184106-jpg\/\" class=\"wp-image-241\" srcset=\"https:\/\/ormenyobuda.hu\/wp-content\/uploads\/2021\/12\/IMG_20211204_184106-1024x768.jpg 1024w, https:\/\/ormenyobuda.hu\/wp-content\/uploads\/2021\/12\/IMG_20211204_184106-300x225.jpg 300w, https:\/\/ormenyobuda.hu\/wp-content\/uploads\/2021\/12\/IMG_20211204_184106-768x576.jpg 768w, https:\/\/ormenyobuda.hu\/wp-content\/uploads\/2021\/12\/IMG_20211204_184106-1536x1152.jpg 1536w, https:\/\/ormenyobuda.hu\/wp-content\/uploads\/2021\/12\/IMG_20211204_184106-2048x1536.jpg 2048w\" sizes=\"auto, (max-width: 1024px) 100vw, 1024px\" \/><\/figure><\/li><\/ul><\/figure>\n","protected":false},"excerpt":{"rendered":"<p>\u00d6RM\u00c9NY ADVENT \u00d3BUD\u00c1N \u00d3buda-B\u00e9k\u00e1smegyer \u00d6rm\u00e9ny Nemzetis\u00e9gi \u00d6nkorm\u00e1nyzat\u00e1nak estje2021. december 4.,&nbsp;19:00 \u00d3budai T\u00e1rsask\u00f6r 18.00&nbsp;KI\u00c1LL\u00cdT\u00c1S MEGNYIT\u00d3 Szobrok \u00e9s fot\u00f3k: \u00f6rm\u00e9ny ruh\u00e1k \u00e9s viseletek, \u00f6rm\u00e9ny t\u00e1jak, falvak, v\u00e1rosok 19.00&nbsp;NELSON SAHAKJAN \u00c1RIA- \u00c9S DALESTJE [&hellip;]<\/p>\n","protected":false},"author":1,"featured_media":0,"parent":11,"menu_order":1,"comment_status":"closed","ping_status":"closed","template":"","meta":{"site-sidebar-layout":"default","site-content-layout":"","ast-site-content-layout":"default","site-content-style":"default","site-sidebar-style":"default","ast-global-header-display":"","ast-banner-title-visibility":"","ast-main-header-display":"","ast-hfb-above-header-display":"","ast-hfb-below-header-display":"","ast-hfb-mobile-header-display":"","site-post-title":"","ast-breadcrumbs-content":"","ast-featured-img":"","footer-sml-layout":"","ast-disable-related-posts":"","theme-transparent-header-meta":"","adv-header-id-meta":"","stick-header-meta":"","header-above-stick-meta":"","header-main-stick-meta":"","header-below-stick-meta":"","astra-migrate-meta-layouts":"default","ast-page-background-enabled":"default","ast-page-background-meta":{"desktop":{"background-color":"var(--ast-global-color-5)","background-image":"","background-repeat":"repeat","background-position":"center center","background-size":"auto","background-attachment":"scroll","background-type":"","background-media":"","overlay-type":"","overlay-color":"","overlay-opacity":"","overlay-gradient":""},"tablet":{"background-color":"","background-image":"","background-repeat":"repeat","background-position":"center center","background-size":"auto","background-attachment":"scroll","background-type":"","background-media":"","overlay-type":"","overlay-color":"","overlay-opacity":"","overlay-gradient":""},"mobile":{"background-color":"","background-image":"","background-repeat":"repeat","background-position":"center center","background-size":"auto","background-attachment":"scroll","background-type":"","background-media":"","overlay-type":"","overlay-color":"","overlay-opacity":"","overlay-gradient":""}},"ast-content-background-meta":{"desktop":{"background-color":"var(--ast-global-color-4)","background-image":"","background-repeat":"repeat","background-position":"center center","background-size":"auto","background-attachment":"scroll","background-type":"","background-media":"","overlay-type":"","overlay-color":"","overlay-opacity":"","overlay-gradient":""},"tablet":{"background-color":"var(--ast-global-color-4)","background-image":"","background-repeat":"repeat","background-position":"center center","background-size":"auto","background-attachment":"scroll","background-type":"","background-media":"","overlay-type":"","overlay-color":"","overlay-opacity":"","overlay-gradient":""},"mobile":{"background-color":"var(--ast-global-color-4)","background-image":"","background-repeat":"repeat","background-position":"center center","background-size":"auto","background-attachment":"scroll","background-type":"","background-media":"","overlay-type":"","overlay-color":"","overlay-opacity":"","overlay-gradient":""}},"_price":"","_stock":"","_tribe_ticket_header":"","_tribe_default_ticket_provider":"","_tribe_ticket_capacity":"0","_ticket_start_date":"","_ticket_end_date":"","_tribe_ticket_show_description":"","_tribe_ticket_show_not_going":false,"_tribe_ticket_use_global_stock":"","_tribe_ticket_global_stock_level":"","_global_stock_mode":"","_global_stock_cap":"","_tribe_rsvp_for_event":"","_tribe_ticket_going_count":"","_tribe_ticket_not_going_count":"","_tribe_tickets_list":"[]","_tribe_ticket_has_attendee_info_fields":false,"footnotes":"","_tec_slr_enabled":"","_tec_slr_layout":""},"class_list":["post-76","page","type-page","status-publish","hentry"],"ticketed":false,"_links":{"self":[{"href":"https:\/\/ormenyobuda.hu\/hu_hu\/wp-json\/wp\/v2\/pages\/76","targetHints":{"allow":["GET"]}}],"collection":[{"href":"https:\/\/ormenyobuda.hu\/hu_hu\/wp-json\/wp\/v2\/pages"}],"about":[{"href":"https:\/\/ormenyobuda.hu\/hu_hu\/wp-json\/wp\/v2\/types\/page"}],"author":[{"embeddable":true,"href":"https:\/\/ormenyobuda.hu\/hu_hu\/wp-json\/wp\/v2\/users\/1"}],"replies":[{"embeddable":true,"href":"https:\/\/ormenyobuda.hu\/hu_hu\/wp-json\/wp\/v2\/comments?post=76"}],"version-history":[{"count":13,"href":"https:\/\/ormenyobuda.hu\/hu_hu\/wp-json\/wp\/v2\/pages\/76\/revisions"}],"predecessor-version":[{"id":244,"href":"https:\/\/ormenyobuda.hu\/hu_hu\/wp-json\/wp\/v2\/pages\/76\/revisions\/244"}],"up":[{"embeddable":true,"href":"https:\/\/ormenyobuda.hu\/hu_hu\/wp-json\/wp\/v2\/pages\/11"}],"wp:attachment":[{"href":"https:\/\/ormenyobuda.hu\/hu_hu\/wp-json\/wp\/v2\/media?parent=76"}],"curies":[{"name":"wp","href":"https:\/\/api.w.org\/{rel}","templated":true}]}}