{"id":9,"date":"2021-12-03T17:34:31","date_gmt":"2021-12-03T17:34:31","guid":{"rendered":"http:\/\/ormenyobuda.hu\/?page_id=9"},"modified":"2025-07-15T20:14:38","modified_gmt":"2025-07-15T20:14:38","slug":"elnokseg","status":"publish","type":"page","link":"https:\/\/ormenyobuda.hu\/hu_hu\/elnokseg\/","title":{"rendered":"Eln\u00f6ks\u00e9g"},"content":{"rendered":"\n<div class=\"wp-block-group is-layout-flow wp-block-group-is-layout-flow\">\n<div class=\"wp-block-columns is-layout-flex wp-container-core-columns-is-layout-28f84493 wp-block-columns-is-layout-flex\">\n<div class=\"wp-block-column is-layout-flow wp-block-column-is-layout-flow\" style=\"flex-basis:100%\">\n<figure class=\"wp-block-table\"><table class=\"has-fixed-layout\"><tbody><tr><td class=\"has-text-align-center\" data-align=\"center\"><a href=\"https:\/\/obuda.hu\/szervezeti-felepites\/budapest-iii-kerulet-obuda-bekasmegyer-ormeny-nemzetisegi-onkormanyzat\/\" target=\"_blank\" rel=\"noreferrer noopener\"><img loading=\"lazy\" decoding=\"async\" width=\"150\" height=\"151\" class=\"wp-image-443\" style=\"width: 150px;\" src=\"https:\/\/ormenyobuda.hu\/wp-content\/uploads\/2025\/07\/ervin.webp\" alt=\"\" srcset=\"https:\/\/ormenyobuda.hu\/wp-content\/uploads\/2025\/07\/ervin.webp 248w, https:\/\/ormenyobuda.hu\/wp-content\/uploads\/2025\/07\/ervin-150x150.webp 150w\" sizes=\"auto, (max-width: 150px) 100vw, 150px\" \/><\/a><\/td><td class=\"has-text-align-center\" data-align=\"center\"><a href=\"https:\/\/obuda.hu\/szervezeti-felepites\/budapest-iii-kerulet-obuda-bekasmegyer-ormeny-nemzetisegi-onkormanyzat\/\" target=\"_blank\" rel=\"noreferrer noopener\"><img decoding=\"async\" src=\"https:\/\/ormenyobuda.hu\/wp-content\/uploads\/2022\/01\/szgzs-1024x1022.jpg\" alt=\"A k\u00e9phez tartoz\u00f3 alt jellemz\u0151 \u00fcres; szgzs-1024x1022.jpg a f\u00e1jln\u00e9v\"><\/a><a href=\"https:\/\/obuda.hu\/blog\/szemelyek\/szucs-gaspar-zsolt\/\" target=\"_blank\" rel=\"noreferrer noopener\"><\/a><\/td><td class=\"has-text-align-center\" data-align=\"center\"><a href=\"https:\/\/obuda.hu\/szervezeti-felepites\/budapest-iii-kerulet-obuda-bekasmegyer-ormeny-nemzetisegi-onkormanyzat\/\" target=\"_blank\" rel=\"noreferrer noopener\"><img decoding=\"async\" src=\"https:\/\/ormenyobuda.hu\/wp-content\/uploads\/2021\/12\/IMG_1445-2.jpg\"><\/a><\/td><td class=\"has-text-align-center\" data-align=\"center\"><a href=\"https:\/\/obuda.hu\/szervezeti-felepites\/budapest-iii-kerulet-obuda-bekasmegyer-ormeny-nemzetisegi-onkormanyzat\/\" target=\"_blank\" rel=\"noreferrer noopener\"><img loading=\"lazy\" decoding=\"async\" width=\"150\" height=\"150\" class=\"wp-image-442\" style=\"width: 150px;\" src=\"https:\/\/ormenyobuda.hu\/wp-content\/uploads\/2025\/07\/balogTv-250x250-1.webp\" alt=\"\" srcset=\"https:\/\/ormenyobuda.hu\/wp-content\/uploads\/2025\/07\/balogTv-250x250-1.webp 250w, https:\/\/ormenyobuda.hu\/wp-content\/uploads\/2025\/07\/balogTv-250x250-1-150x150.webp 150w\" sizes=\"auto, (max-width: 150px) 100vw, 150px\" \/><\/a><\/td><\/tr><tr><td class=\"has-text-align-center\" data-align=\"center\">Dr. Kis J\u00f3zsef Ervin &#8211; eln\u00f6khelyettes<\/td><td class=\"has-text-align-center\" data-align=\"center\">Sz\u0171cs-G\u00e1sp\u00e1r Zsolt &#8211; eln\u00f6k<\/td><td class=\"has-text-align-center\" data-align=\"center\">Bana Attila &#8211; k\u00e9pvisel\u0151<\/td><td class=\"has-text-align-center\" data-align=\"center\">Balogh Tivadar &#8211; k\u00e9pvisel\u0151<\/td><\/tr><\/tbody><\/table><\/figure>\n<\/div>\n<\/div>\n<\/div>\n\n\n\n<h2 class=\"wp-block-heading\">\ud83d\udc65 Az \u00d3budai \u00d6rm\u00e9ny Nemzetis\u00e9gi \u00d6nkorm\u00e1nyzat \u2013 akik k\u00f6z\u00f6ss\u00e9g\u00fcnket k\u00e9pviselik<\/h2>\n\n\n\n<p>Az <strong>\u00d3budai \u00d6rm\u00e9ny Nemzetis\u00e9gi \u00d6nkorm\u00e1nyzat<\/strong> vezet\u00e9s\u00e9t \u00e9s k\u00e9pviselet\u00e9t olyan elk\u00f6telezett szem\u00e9lyek l\u00e1tj\u00e1k el, akik \u00e9let\u00fatjukban, szakmai tapasztalataikban \u00e9s k\u00f6z\u00f6ss\u00e9gi szerepv\u00e1llal\u00e1sukban is m\u00e9lyen k\u00f6t\u0151dnek \u00d3bud\u00e1hoz, \u00e9s sz\u00edv\u00fcgy\u00fcknek tekintik az \u00f6rm\u00e9ny identit\u00e1s \u00e1pol\u00e1s\u00e1t, meger\u0151s\u00edt\u00e9s\u00e9t.<\/p>\n\n\n\n<p>Az \u00f6nkorm\u00e1nyzat eln\u00f6ki tiszts\u00e9g\u00e9t <strong>Sz\u0171cs-G\u00e1sp\u00e1r Zsolt<\/strong> t\u00f6lti be, aki m\u00e1sodik ciklus\u00e1t kezdte 2024-ben. P\u00e9nz\u00fcgyi szakemberk\u00e9nt k\u00f6z\u00e9p- \u00e9s fels\u0151vezet\u0151i m\u00falttal rendelkezik, \u00e9s lok\u00e1lpatri\u00f3ta elk\u00f6telezetts\u00e9ggel tev\u00e9kenykedik ker\u00fclet\u00fcnkben. Sz\u00e1m\u00e1ra nemcsak a strat\u00e9giai tervez\u00e9s fontos, hanem az olyan k\u00f6z\u00f6ss\u00e9gi szimb\u00f3lumok is, mint az \u00f6rm\u00e9ny keresztesk\u0151 \u00fajra\u00e1ll\u00edt\u00e1sa a Lajos utc\u00e1n\u00e1l \u2013 amely az eml\u00e9kezet \u00e9s az \u00f6sszetartoz\u00e1s egyik sz\u00e9p p\u00e9ld\u00e1ja.<\/p>\n\n\n\n<p>Az eln\u00f6k munk\u00e1j\u00e1t <strong>Dr. Kis J\u00f3zsef Ervin<\/strong> eln\u00f6khelyettesk\u00e9nt seg\u00edti, aki k\u00f6zigazgat\u00e1si \u00e9s katonai h\u00e1tt\u00e9rrel, valamint p\u00e9nz\u00fcgyi-gazdas\u00e1gi tapasztalattal j\u00e1rul hozz\u00e1 a test\u00fclet munk\u00e1j\u00e1hoz. Fontosnak tartja az \u00f6rm\u00e9ny m\u00falt m\u00e9lyebb megismertet\u00e9s\u00e9t \u00e9s a hazai k\u00f6z\u00f6ss\u00e9g \u00f6sszekov\u00e1csol\u00e1s\u00e1t \u2013 gazdag programk\u00edn\u00e1lattal \u00e9s a gasztron\u00f3miai-kultur\u00e1lis \u00e9rt\u00e9kek bemutat\u00e1s\u00e1val.<\/p>\n\n\n\n<p>A test\u00fclet tagjai k\u00f6z\u00f6tt tal\u00e1ljuk <strong>Bana Attil\u00e1t<\/strong>, aki 2019 \u00f3ta akt\u00edv tagja az \u00f6nkorm\u00e1nyzatnak. Informatikai \u00e9s t\u00e1rsash\u00e1zkezel\u00e9si ter\u00fcleten dolgozik, \u00e9s tapasztalatait k\u00f6z\u00f6ss\u00e9gszervez\u0151 munk\u00e1ban is kamatoztatja. Meggy\u0151z\u0151d\u00e9se, hogy a dolgokat jobban is lehet csin\u00e1lni \u2013 \u00e9s ez a hozz\u00e1\u00e1ll\u00e1s t\u00fckr\u00f6z\u0151dik az \u00f6rm\u00e9ny k\u00f6z\u00f6ss\u00e9g egyre sz\u00ednvonalasabb rendezv\u00e9nyeiben is. Az elm\u00falt \u00e9vekben sikeres, stabil csapatt\u00e1 kov\u00e1csol\u00f3dott a k\u00e9pvisel\u0151-test\u00fclet, amely most \u00faj tagokkal \u00faj lend\u00fcletet is nyert.<\/p>\n\n\n\n<p>A frissen csatlakozott k\u00e9pvisel\u0151k k\u00f6z\u00e9 tartozik <strong>Balogh Tivadar<\/strong>, aki hossz\u00fa ideje k\u00f6veti figyelemmel a nemzetis\u00e9gi \u00fcgyeket, most pedig akt\u00edv szerepet v\u00e1llal a k\u00f6z\u00f6ss\u00e9g\u00e9p\u00edt\u00e9sben. Mag\u00e1n\u00e9let\u00e9ben \u00e9s szakm\u00e1j\u00e1ban is az \u00e9letk\u00f6r\u00fclm\u00e9nyek jav\u00edt\u00e1sa \u00e9s a j\u00f3l\u00e9t el\u0151seg\u00edt\u00e9se \u00e1ll a k\u00f6z\u00e9ppontban \u2013 a munkat\u00e1rsak \u00e9s a k\u00f6z\u00f6ss\u00e9gek t\u00e1mogat\u00e1s\u00e1val, gyakorlati eszk\u00f6z\u00f6kkel \u00e9s szeml\u00e9lettel.<\/p>\n\n\n\n<hr class=\"wp-block-separator has-alpha-channel-opacity\"\/>\n\n\n\n<h2 class=\"wp-block-heading\">\ud83e\udd1d K\u00f6z\u00f6s c\u00e9l \u2013 egy er\u0151s, l\u00e1that\u00f3, \u00e9l\u0151 \u00f6rm\u00e9ny k\u00f6z\u00f6ss\u00e9g \u00d3bud\u00e1n<\/h2>\n\n\n\n<p>A test\u00fclet tagjai k\u00fcl\u00f6nb\u00f6z\u0151 h\u00e1tter\u0171ek, k\u00fcl\u00f6nb\u00f6z\u0151 utakat j\u00e1rtak be \u2013 de k\u00f6z\u00f6s benn\u00fck a <strong>k\u00f6z\u00f6ss\u00e9g ir\u00e1nti elk\u00f6telezetts\u00e9g, a hit az \u00f6rm\u00e9ny kult\u00fara megtart\u00f3 erej\u00e9ben, \u00e9s a v\u00e1gy, hogy val\u00f3di \u00e9rt\u00e9ket teremtsenek a helyi \u00f6rm\u00e9ny k\u00f6z\u00f6ss\u00e9g sz\u00e1m\u00e1ra<\/strong>.<\/p>\n\n\n\n<p>Munk\u00e1juk nem csup\u00e1n k\u00e9pviselet \u2013 hanem h\u00edd\u00e9p\u00edt\u00e9s m\u00falt \u00e9s jelen, sz\u00e1rmaz\u00e1s \u00e9s sz\u00fcl\u0151f\u00f6ld, identit\u00e1s \u00e9s befogad\u00e1s k\u00f6z\u00f6tt.<\/p>\n\n\n\n<p><\/p>\n","protected":false},"excerpt":{"rendered":"<p>Dr. Kis J\u00f3zsef Ervin &#8211; eln\u00f6khelyettes Sz\u0171cs-G\u00e1sp\u00e1r Zsolt &#8211; eln\u00f6k Bana Attila &#8211; k\u00e9pvisel\u0151 Balogh Tivadar &#8211; k\u00e9pvisel\u0151 \ud83d\udc65 Az \u00d3budai \u00d6rm\u00e9ny Nemzetis\u00e9gi \u00d6nkorm\u00e1nyzat \u2013 akik k\u00f6z\u00f6ss\u00e9g\u00fcnket k\u00e9pviselik Az \u00d3budai [&hellip;]<\/p>\n","protected":false},"author":1,"featured_media":0,"parent":0,"menu_order":0,"comment_status":"closed","ping_status":"closed","template":"","meta":{"site-sidebar-layout":"default","site-content-layout":"","ast-site-content-layout":"default","site-content-style":"default","site-sidebar-style":"default","ast-global-header-display":"","ast-banner-title-visibility":"","ast-main-header-display":"","ast-hfb-above-header-display":"","ast-hfb-below-header-display":"","ast-hfb-mobile-header-display":"","site-post-title":"","ast-breadcrumbs-content":"","ast-featured-img":"","footer-sml-layout":"","ast-disable-related-posts":"","theme-transparent-header-meta":"","adv-header-id-meta":"","stick-header-meta":"","header-above-stick-meta":"","header-main-stick-meta":"","header-below-stick-meta":"","astra-migrate-meta-layouts":"default","ast-page-background-enabled":"default","ast-page-background-meta":{"desktop":{"background-color":"var(--ast-global-color-5)","background-image":"","background-repeat":"repeat","background-position":"center center","background-size":"auto","background-attachment":"scroll","background-type":"","background-media":"","overlay-type":"","overlay-color":"","overlay-opacity":"","overlay-gradient":""},"tablet":{"background-color":"","background-image":"","background-repeat":"repeat","background-position":"center center","background-size":"auto","background-attachment":"scroll","background-type":"","background-media":"","overlay-type":"","overlay-color":"","overlay-opacity":"","overlay-gradient":""},"mobile":{"background-color":"","background-image":"","background-repeat":"repeat","background-position":"center center","background-size":"auto","background-attachment":"scroll","background-type":"","background-media":"","overlay-type":"","overlay-color":"","overlay-opacity":"","overlay-gradient":""}},"ast-content-background-meta":{"desktop":{"background-color":"var(--ast-global-color-4)","background-image":"","background-repeat":"repeat","background-position":"center center","background-size":"auto","background-attachment":"scroll","background-type":"","background-media":"","overlay-type":"","overlay-color":"","overlay-opacity":"","overlay-gradient":""},"tablet":{"background-color":"var(--ast-global-color-4)","background-image":"","background-repeat":"repeat","background-position":"center center","background-size":"auto","background-attachment":"scroll","background-type":"","background-media":"","overlay-type":"","overlay-color":"","overlay-opacity":"","overlay-gradient":""},"mobile":{"background-color":"var(--ast-global-color-4)","background-image":"","background-repeat":"repeat","background-position":"center center","background-size":"auto","background-attachment":"scroll","background-type":"","background-media":"","overlay-type":"","overlay-color":"","overlay-opacity":"","overlay-gradient":""}},"_price":"","_stock":"","_tribe_ticket_header":"","_tribe_default_ticket_provider":"","_tribe_ticket_capacity":"0","_ticket_start_date":"","_ticket_end_date":"","_tribe_ticket_show_description":"","_tribe_ticket_show_not_going":false,"_tribe_ticket_use_global_stock":"","_tribe_ticket_global_stock_level":"","_global_stock_mode":"","_global_stock_cap":"","_tribe_rsvp_for_event":"","_tribe_ticket_going_count":"","_tribe_ticket_not_going_count":"","_tribe_tickets_list":"[]","_tribe_ticket_has_attendee_info_fields":false,"footnotes":"","_tec_slr_enabled":"","_tec_slr_layout":""},"class_list":["post-9","page","type-page","status-publish","hentry"],"ticketed":false,"_links":{"self":[{"href":"https:\/\/ormenyobuda.hu\/hu_hu\/wp-json\/wp\/v2\/pages\/9","targetHints":{"allow":["GET"]}}],"collection":[{"href":"https:\/\/ormenyobuda.hu\/hu_hu\/wp-json\/wp\/v2\/pages"}],"about":[{"href":"https:\/\/ormenyobuda.hu\/hu_hu\/wp-json\/wp\/v2\/types\/page"}],"author":[{"embeddable":true,"href":"https:\/\/ormenyobuda.hu\/hu_hu\/wp-json\/wp\/v2\/users\/1"}],"replies":[{"embeddable":true,"href":"https:\/\/ormenyobuda.hu\/hu_hu\/wp-json\/wp\/v2\/comments?post=9"}],"version-history":[{"count":24,"href":"https:\/\/ormenyobuda.hu\/hu_hu\/wp-json\/wp\/v2\/pages\/9\/revisions"}],"predecessor-version":[{"id":471,"href":"https:\/\/ormenyobuda.hu\/hu_hu\/wp-json\/wp\/v2\/pages\/9\/revisions\/471"}],"wp:attachment":[{"href":"https:\/\/ormenyobuda.hu\/hu_hu\/wp-json\/wp\/v2\/media?parent=9"}],"curies":[{"name":"wp","href":"https:\/\/api.w.org\/{rel}","templated":true}]}}