{"id":177,"date":"2021-12-06T11:15:02","date_gmt":"2021-12-06T11:15:02","guid":{"rendered":"https:\/\/ormenyobuda.hu\/?page_id=177"},"modified":"2022-01-03T13:43:49","modified_gmt":"2022-01-03T13:43:49","slug":"fozoiskola","status":"publish","type":"page","link":"https:\/\/ormenyobuda.hu\/hy\/csoportok\/fozoiskola\/","title":{"rendered":"\u053d\u0578\u0570\u0561\u0580\u0561\u0580\u0561\u056f\u0561\u0576 \u0564\u057a\u0580\u0578\u0581"},"content":{"rendered":"<p>\u00dcdv\u00f6z\u00f6lj\u00fck a Gasztro-f\u0151z\u0151klubban. 2021 \u0151sz\u00e9n alakultunk azzal a sz\u00e1nd\u00e9kkal, hogy ker\u00fclet\u00fcnk k\u00f6z\u00f6ss\u00e9gi \u00e9let\u00e9t sz\u00ednesebb\u00e9 tegy\u00fck \u00e9s hangulatos, eml\u00e9kezetes gasztron\u00f3miai \u00f6sszej\u00f6veteleken is \u00e1poljuk az \u00f6rm\u00e9ny konyha hagyom\u00e1nyait. Eredeti \u00f6rm\u00e9ny recepteket \u00e9s fot\u00f3kat gy\u0171jt\u00fcnk, a legn\u00e9pszer\u0171bbeket klubnapjainkon el is k\u00e9sz\u00edtj\u00fck k\u00f6z\u00f6sen, majd egy kellemes besz\u00e9lget\u00e9s mellett el is fogyasztjuk. Aki szeretn\u00e9 elv\u00e1llalhatja chef szerep\u00e9t \u00e9s az \u0150 ir\u00e1ny\u00edt\u00e1s\u00e1val k\u00e9sz\u00fcl el a kiv\u00e1lasztott \u00e9tel. V\u00e1rjuk az \u00e9rdekl\u0151d\u0151k jelentkez\u00e9s\u00e9t.<\/p>\n\n\n\n<p><\/p>","protected":false},"excerpt":{"rendered":"<p>\u00dcdv\u00f6z\u00f6lj\u00fck a Gasztro-f\u0151z\u0151klubban. 2021 \u0151sz\u00e9n alakultunk azzal a sz\u00e1nd\u00e9kkal, hogy ker\u00fclet\u00fcnk k\u00f6z\u00f6ss\u00e9gi \u00e9let\u00e9t sz\u00ednesebb\u00e9 tegy\u00fck \u00e9s hangulatos, eml\u00e9kezetes gasztron\u00f3miai \u00f6sszej\u00f6veteleken is \u00e1poljuk az \u00f6rm\u00e9ny konyha hagyom\u00e1nyait. Eredeti \u00f6rm\u00e9ny recepteket \u00e9s [&hellip;]<\/p>\n","protected":false},"author":1,"featured_media":0,"parent":15,"menu_order":0,"comment_status":"closed","ping_status":"closed","template":"","meta":{"site-sidebar-layout":"default","site-content-layout":"","ast-site-content-layout":"default","site-content-style":"default","site-sidebar-style":"default","ast-global-header-display":"","ast-banner-title-visibility":"","ast-main-header-display":"","ast-hfb-above-header-display":"","ast-hfb-below-header-display":"","ast-hfb-mobile-header-display":"","site-post-title":"","ast-breadcrumbs-content":"","ast-featured-img":"","footer-sml-layout":"","ast-disable-related-posts":"","theme-transparent-header-meta":"","adv-header-id-meta":"","stick-header-meta":"","header-above-stick-meta":"","header-main-stick-meta":"","header-below-stick-meta":"","astra-migrate-meta-layouts":"default","ast-page-background-enabled":"default","ast-page-background-meta":{"desktop":{"background-color":"var(--ast-global-color-5)","background-image":"","background-repeat":"repeat","background-position":"center center","background-size":"auto","background-attachment":"scroll","background-type":"","background-media":"","overlay-type":"","overlay-color":"","overlay-opacity":"","overlay-gradient":""},"tablet":{"background-color":"","background-image":"","background-repeat":"repeat","background-position":"center center","background-size":"auto","background-attachment":"scroll","background-type":"","background-media":"","overlay-type":"","overlay-color":"","overlay-opacity":"","overlay-gradient":""},"mobile":{"background-color":"","background-image":"","background-repeat":"repeat","background-position":"center center","background-size":"auto","background-attachment":"scroll","background-type":"","background-media":"","overlay-type":"","overlay-color":"","overlay-opacity":"","overlay-gradient":""}},"ast-content-background-meta":{"desktop":{"background-color":"var(--ast-global-color-4)","background-image":"","background-repeat":"repeat","background-position":"center center","background-size":"auto","background-attachment":"scroll","background-type":"","background-media":"","overlay-type":"","overlay-color":"","overlay-opacity":"","overlay-gradient":""},"tablet":{"background-color":"var(--ast-global-color-4)","background-image":"","background-repeat":"repeat","background-position":"center center","background-size":"auto","background-attachment":"scroll","background-type":"","background-media":"","overlay-type":"","overlay-color":"","overlay-opacity":"","overlay-gradient":""},"mobile":{"background-color":"var(--ast-global-color-4)","background-image":"","background-repeat":"repeat","background-position":"center center","background-size":"auto","background-attachment":"scroll","background-type":"","background-media":"","overlay-type":"","overlay-color":"","overlay-opacity":"","overlay-gradient":""}},"_price":"","_stock":"","_tribe_ticket_header":"","_tribe_default_ticket_provider":"","_tribe_ticket_capacity":"0","_ticket_start_date":"","_ticket_end_date":"","_tribe_ticket_show_description":"","_tribe_ticket_show_not_going":false,"_tribe_ticket_use_global_stock":"","_tribe_ticket_global_stock_level":"","_global_stock_mode":"","_global_stock_cap":"","_tribe_rsvp_for_event":"","_tribe_ticket_going_count":"","_tribe_ticket_not_going_count":"","_tribe_tickets_list":"[]","_tribe_ticket_has_attendee_info_fields":false,"footnotes":"","_tec_slr_enabled":"","_tec_slr_layout":""},"class_list":["post-177","page","type-page","status-publish","hentry"],"ticketed":false,"_links":{"self":[{"href":"https:\/\/ormenyobuda.hu\/hy\/wp-json\/wp\/v2\/pages\/177","targetHints":{"allow":["GET"]}}],"collection":[{"href":"https:\/\/ormenyobuda.hu\/hy\/wp-json\/wp\/v2\/pages"}],"about":[{"href":"https:\/\/ormenyobuda.hu\/hy\/wp-json\/wp\/v2\/types\/page"}],"author":[{"embeddable":true,"href":"https:\/\/ormenyobuda.hu\/hy\/wp-json\/wp\/v2\/users\/1"}],"replies":[{"embeddable":true,"href":"https:\/\/ormenyobuda.hu\/hy\/wp-json\/wp\/v2\/comments?post=177"}],"version-history":[{"count":5,"href":"https:\/\/ormenyobuda.hu\/hy\/wp-json\/wp\/v2\/pages\/177\/revisions"}],"predecessor-version":[{"id":260,"href":"https:\/\/ormenyobuda.hu\/hy\/wp-json\/wp\/v2\/pages\/177\/revisions\/260"}],"up":[{"embeddable":true,"href":"https:\/\/ormenyobuda.hu\/hy\/wp-json\/wp\/v2\/pages\/15"}],"wp:attachment":[{"href":"https:\/\/ormenyobuda.hu\/hy\/wp-json\/wp\/v2\/media?parent=177"}],"curies":[{"name":"wp","href":"https:\/\/api.w.org\/{rel}","templated":true}]}}