{"id":19,"date":"2021-12-03T17:35:18","date_gmt":"2021-12-03T17:35:18","guid":{"rendered":"http:\/\/ormenyobuda.hu\/?page_id=19"},"modified":"2025-07-17T10:56:46","modified_gmt":"2025-07-17T10:56:46","slug":"tarsszervezetek","status":"publish","type":"page","link":"https:\/\/ormenyobuda.hu\/hy\/tarsszervezetek\/","title":{"rendered":"\u0533\u0578\u0580\u056e\u0568\u0576\u056f\u0565\u0580 \u056f\u0561\u0566\u0574\u0561\u056f\u0565\u0580\u057a\u0578\u0582\u0569\u0575\u0578\u0582\u0576\u0576\u0565\u0580"},"content":{"rendered":"<p>Kev\u00e9s olyan k\u00f6z\u00f6ss\u00e9g van, ahol a m\u00falt tisztelete, a kult\u00fara \u00fcnnepl\u00e9se \u00e9s a gyerekek j\u00f6v\u0151j\u00e9be vetett hit ennyire k\u00e9z a k\u00e9zben j\u00e1r. T\u00e1rszervezeteink mindegyike a maga m\u00f3dj\u00e1n \u00e9p\u00edti az \u00f6rm\u00e9ny diaszp\u00f3ra erdej\u00e9t \u00d3buda\u2011B\u00e9k\u00e1smegyerben, \u00e9s egy\u00fctt h\u00e1l\u00f3zzuk be a ker\u00fcletet a gy\u00f6kerek \u00e9s \u00e1lmok finom fonal\u00e1val.<\/p>\n\n\n\n<p><a href=\"https:\/\/www.facebook.com\/search\/top?q=%C3%B6rm%C3%A9ny%20kult%C3%BAr%C3%A1lis%20k%C3%B6zpont\" target=\"_blank\" rel=\"noreferrer noopener\">\u00d6rm\u00e9ny kult\u00far\u00e1lis k\u00f6zpont<\/a><\/p>\n\n\n\n<p>Ahol a kapuk mindig nyitva \u00e1llnak: itt b\u00fajnak el\u0151 a hangszeres pr\u00f3ba f\u00fclledt dallamai, itt t\u00e1rulnak fel a t\u00e1ncruh\u00e1k \u00e9l\u00e9nk sz\u00ednei. A Kultur\u00e1lis K\u00f6zpont szervezetei alatt nemcsak est\u00e9k gy\u00falnak, de \u00faj bar\u00e1ts\u00e1gok is \u2013 innen indulnak a k\u00f6z\u00f6s ki\u00e1ll\u00edt\u00e1sok, k\u00f6nyvbemutat\u00f3k \u00e9s az els\u0151 l\u00e9p\u00e9sek a nyelvtanul\u00e1s \u00f6sv\u00e9ny\u00e9n.<\/p>\n\n\n\n<p><a href=\"https:\/\/www.facebook.com\/%C3%96rm%C3%A9ny-Gyermekt%C3%A1bor-107798661596475\/\" target=\"_blank\" rel=\"noreferrer noopener\">\u00d6rm\u00e9ny gyermekt\u00e1bor<\/a><\/p>\n\n\n\n<p>Minden ny\u00e1r egy \u00faj vil\u00e1g elevenedik meg: a gyerekek s\u00e1trak k\u00f6z\u00f6tt mes\u00e9lnek s\u00e1rk\u00e1nyokr\u00f3l, megtanulj\u00e1k k\u00e9sz\u00edteni a lavash\u2011t \u00e9s egy\u00fctt alkotj\u00e1k meg az \u00e9v legsz\u00ednesebb z\u00e1szl\u00f3it. A T\u00e1bort vezet\u0151k \u0151rzik a hagyom\u00e1nyt, \u00e9s gondoskodnak r\u00f3la, hogy a legkisebbek is \u00e9rezz\u00e9k: az \u00f6rm\u00e9nys\u00e9g nem csak m\u00falt, de j\u00e1t\u00e9k \u00e9s nevet\u00e9s is.<\/p>\n\n\n\n<p><a href=\"https:\/\/www.facebook.com\/%C3%96rm%C3%A9ny-Sz%C3%ADnh%C3%A1z-285521751571407\" target=\"_blank\" rel=\"noreferrer noopener\">\u00d6rm\u00e9ny Sz\u00ednh\u00e1z<\/a><\/p>\n\n\n\n<p>A sz\u00ednh\u00e1zterem f\u00fcgg\u00f6nye felg\u00f6rd\u00fcl, \u00e9s a t\u00f6rt\u00e9netek azonnal \u00e9letre kelnek: Sayat Nova versei itt csengenek \u00fajj\u00e1, Czetz J\u00e1nos k\u00fczdelmeit pedig m\u00e1r trag\u00e9diak\u00e9nt \u00e9s diadalmas k\u00f3rusk\u00e9nt is meg\u00e9lhetj\u00fck. A Sz\u00ednh\u00e1z nem csup\u00e1n el\u0151ad\u00e1sok helysz\u00edne, hanem m\u0171v\u00e9szeti m\u0171hely, ahol a sz\u00edn\u00e9szek \u00e9s zen\u00e9szek egym\u00e1sra tal\u00e1lnak, \u00e9s \u00faj t\u00f6rt\u00e9neteket sz\u0151nek a diaszp\u00f3ra sz\u00f6vet\u00e9be.<\/p>\n\n\n\n<p><a href=\"https:\/\/www.facebook.com\/Orsz%C3%A1gos-%C3%96rm%C3%A9ny-%C3%96nkorm%C3%A1nyzat-105530234532372\" target=\"_blank\" rel=\"noreferrer noopener\">Orsz\u00e1gos \u00d6rm\u00e9ny \u00d6nkorm\u00e1nyzat<\/a><\/p>\n\n\n\n<p>H\u00edd a ker\u00fcletek k\u00f6zt, f\u00f3ruma a k\u00f6z\u00f6s d\u00f6nt\u00e9seknek: itt sz\u00fcletik meg a h\u00e9t programj\u00e1nak v\u00e1zlata, \u00e9s innen indulnak a koszor\u00faz\u00e1sok a khachkarokn\u00e1l. Az Orsz\u00e1gos \u00d6nkorm\u00e1nyzat lend\u00fcletet ad a helyi kezdem\u00e9nyez\u00e9seknek, t\u00e1mogatja a gyerekcsapatot, hogy tany\u00e1z\u00f3 t\u00e1bor helyett val\u00f3di otthont teremthessenek.<\/p>\n\n\n\n<p><a href=\"https:\/\/www.facebook.com\/ormeny.kulturaertalapitvany.1\" target=\"_blank\" rel=\"noreferrer noopener\">Veszpr\u00e9mi \u00d6rm\u00e9nyek<\/a><\/p>\n\n\n\n<p>Kicsit od\u00e9bb, Veszpr\u00e9m sik\u00e1toraiban \u00e9l a m\u00e1sik \u00f6rm\u00e9ny mese: \u0151k viszik tov\u00e1bb a di\u00f3t\u00f6r\u0151 figur\u00e1kat \u00e9s a sumgajiti dalokat, amelyeket id\u0151r\u0151l-id\u0151re \u00d3bud\u00e1ra is megh\u00edvunk. A Veszpr\u00e9mi \u00d6rm\u00e9nyek testv\u00e9ri k\u00e9z a h\u00e9tv\u00e9gi k\u00e9zm\u0171ves b\u00f6rz\u00e9ken, \u00e9s \u0151k is ott \u00e1llnak, amikor Czetz J\u00e1nos szobr\u00e1n\u00e1l vir\u00e1got helyez\u00fcnk.<\/p>\n\n\n\n<p>Egy\u00fctt ezek a szervezetek nemcsak \u00e9p\u00fcleteket \u00e9s programokat tartanak \u00e9letben, hanem a diaszp\u00f3ra sz\u00edv\u00e9t \u2013 ahol minden esem\u00e9ny egy \u00fajabb ritmus a k\u00f6z\u00f6s dobunkon, minden mosoly egy \u00fajabb k\u0151darab a vil\u00e1gsz\u00f6v\u00e9s fal\u00e1n. Mi pedig, mint a k\u0151keresztek alatt gy\u00fclekez\u0151 k\u00f6z\u00f6ss\u00e9g, egym\u00e1sba kapaszkodva tessz\u00fck teljess\u00e9 a t\u00f6rt\u00e9netet.<\/p>","protected":false},"excerpt":{"rendered":"<p>Kev\u00e9s olyan k\u00f6z\u00f6ss\u00e9g van, ahol a m\u00falt tisztelete, a kult\u00fara \u00fcnnepl\u00e9se \u00e9s a gyerekek j\u00f6v\u0151j\u00e9be vetett hit ennyire k\u00e9z a k\u00e9zben j\u00e1r. T\u00e1rszervezeteink mindegyike a maga m\u00f3dj\u00e1n \u00e9p\u00edti az \u00f6rm\u00e9ny [&hellip;]<\/p>\n","protected":false},"author":1,"featured_media":0,"parent":0,"menu_order":0,"comment_status":"closed","ping_status":"closed","template":"","meta":{"site-sidebar-layout":"default","site-content-layout":"","ast-site-content-layout":"default","site-content-style":"default","site-sidebar-style":"default","ast-global-header-display":"","ast-banner-title-visibility":"","ast-main-header-display":"","ast-hfb-above-header-display":"","ast-hfb-below-header-display":"","ast-hfb-mobile-header-display":"","site-post-title":"","ast-breadcrumbs-content":"","ast-featured-img":"","footer-sml-layout":"","ast-disable-related-posts":"","theme-transparent-header-meta":"","adv-header-id-meta":"","stick-header-meta":"","header-above-stick-meta":"","header-main-stick-meta":"","header-below-stick-meta":"","astra-migrate-meta-layouts":"default","ast-page-background-enabled":"default","ast-page-background-meta":{"desktop":{"background-color":"var(--ast-global-color-5)","background-image":"","background-repeat":"repeat","background-position":"center center","background-size":"auto","background-attachment":"scroll","background-type":"","background-media":"","overlay-type":"","overlay-color":"","overlay-opacity":"","overlay-gradient":""},"tablet":{"background-color":"","background-image":"","background-repeat":"repeat","background-position":"center center","background-size":"auto","background-attachment":"scroll","background-type":"","background-media":"","overlay-type":"","overlay-color":"","overlay-opacity":"","overlay-gradient":""},"mobile":{"background-color":"","background-image":"","background-repeat":"repeat","background-position":"center center","background-size":"auto","background-attachment":"scroll","background-type":"","background-media":"","overlay-type":"","overlay-color":"","overlay-opacity":"","overlay-gradient":""}},"ast-content-background-meta":{"desktop":{"background-color":"var(--ast-global-color-4)","background-image":"","background-repeat":"repeat","background-position":"center center","background-size":"auto","background-attachment":"scroll","background-type":"","background-media":"","overlay-type":"","overlay-color":"","overlay-opacity":"","overlay-gradient":""},"tablet":{"background-color":"var(--ast-global-color-4)","background-image":"","background-repeat":"repeat","background-position":"center center","background-size":"auto","background-attachment":"scroll","background-type":"","background-media":"","overlay-type":"","overlay-color":"","overlay-opacity":"","overlay-gradient":""},"mobile":{"background-color":"var(--ast-global-color-4)","background-image":"","background-repeat":"repeat","background-position":"center center","background-size":"auto","background-attachment":"scroll","background-type":"","background-media":"","overlay-type":"","overlay-color":"","overlay-opacity":"","overlay-gradient":""}},"_price":"","_stock":"","_tribe_ticket_header":"","_tribe_default_ticket_provider":"","_tribe_ticket_capacity":"0","_ticket_start_date":"","_ticket_end_date":"","_tribe_ticket_show_description":"","_tribe_ticket_show_not_going":false,"_tribe_ticket_use_global_stock":"","_tribe_ticket_global_stock_level":"","_global_stock_mode":"","_global_stock_cap":"","_tribe_rsvp_for_event":"","_tribe_ticket_going_count":"","_tribe_ticket_not_going_count":"","_tribe_tickets_list":"[]","_tribe_ticket_has_attendee_info_fields":false,"footnotes":"","_tec_slr_enabled":"","_tec_slr_layout":""},"class_list":["post-19","page","type-page","status-publish","hentry"],"ticketed":false,"_links":{"self":[{"href":"https:\/\/ormenyobuda.hu\/hy\/wp-json\/wp\/v2\/pages\/19","targetHints":{"allow":["GET"]}}],"collection":[{"href":"https:\/\/ormenyobuda.hu\/hy\/wp-json\/wp\/v2\/pages"}],"about":[{"href":"https:\/\/ormenyobuda.hu\/hy\/wp-json\/wp\/v2\/types\/page"}],"author":[{"embeddable":true,"href":"https:\/\/ormenyobuda.hu\/hy\/wp-json\/wp\/v2\/users\/1"}],"replies":[{"embeddable":true,"href":"https:\/\/ormenyobuda.hu\/hy\/wp-json\/wp\/v2\/comments?post=19"}],"version-history":[{"count":5,"href":"https:\/\/ormenyobuda.hu\/hy\/wp-json\/wp\/v2\/pages\/19\/revisions"}],"predecessor-version":[{"id":508,"href":"https:\/\/ormenyobuda.hu\/hy\/wp-json\/wp\/v2\/pages\/19\/revisions\/508"}],"wp:attachment":[{"href":"https:\/\/ormenyobuda.hu\/hy\/wp-json\/wp\/v2\/media?parent=19"}],"curies":[{"name":"wp","href":"https:\/\/api.w.org\/{rel}","templated":true}]}}