{"id":298,"date":"2022-06-10T14:05:37","date_gmt":"2022-06-10T14:05:37","guid":{"rendered":"https:\/\/ormenyobuda.hu\/?page_id=298"},"modified":"2022-06-10T14:09:18","modified_gmt":"2022-06-10T14:09:18","slug":"czetcz-janos-tabornok","status":"publish","type":"page","link":"https:\/\/ormenyobuda.hu\/hy\/czetcz-janos-tabornok\/","title":{"rendered":"\u0533\u0565\u0576\u0565\u0580\u0561\u056c \u0545\u0561\u0576\u0578\u0577 \u0549\u0565\u0581"},"content":{"rendered":"<h1 class=\"wp-block-heading\">\u00d6r\u00f6kre lemondott haz\u00e1j\u00e1r\u00f3l a magyar t\u00e1bornok<\/h1>\n\n\n\n<p><a href=\"https:\/\/24.hu\/author\/bbchistory\/\"><\/a><a href=\"https:\/\/24.hu\/author\/bbchistory\/\">BBC History<\/a><\/p>\n\n\n\n<p>2022. 06. 10. 04:40<\/p>\n\n\n\n<p>Ha a vil\u00e1g esem\u00e9nyeire nagy hat\u00e1ssal b\u00edr\u00f3 magyar emigr\u00e1nsok ker\u00fclnek sz\u00f3ba, a legt\u00f6bben term\u00e9szetesen a XX. sz\u00e1zadban k\u00fclf\u00f6ld\u00f6n karriert csin\u00e1lt \u201emarslak\u00f3kra\u201d, kiemelked\u0151 tud\u00f3sainkra gondolnak. Pedig nem szabadna elfelejteni azt sem, hogy az 1848\u20131849-es szabads\u00e1gharc buk\u00e1sa ut\u00e1n emigr\u00e1ci\u00f3ba k\u00e9nyszer\u00fclt honv\u00e9dtisztek k\u00f6z\u00fcl is sokan ker\u00fcltek magasra \u00faj haz\u00e1jukban, \u00e9s nem felt\u00e9tlen\u00fcl csak katonak\u00e9nt. Itthon tal\u00e1n kev\u00e9sb\u00e9 ismert <strong>Czetz J\u00e1nos<\/strong>, avagy Juan Fernando Czetz \u00e9let\u00fatja, tal\u00e1n az\u00e9rt is, mert v\u00e9g\u00fcl igen messze, D\u00e9l-Amerik\u00e1ban telepedett le.<\/p>\n\n\n\n<h2 class=\"wp-block-heading\">A legfiatalabb t\u00e1bornok<\/h2>\n\n\n\n<p>Az apai \u00e1gon \u00f6rm\u00e9ny gy\u00f6kerekkel rendelkez\u0151, anyai \u00e1gon sz\u00e9kely kisnemesi csal\u00e1db\u00f3l sz\u00e1rmaz\u00f3 (ifjabb) Czetz J\u00e1nos 1822. j\u00fanius 8-\u00e1n sz\u00fcletett Gid\u00f3falv\u00e1n, \u00e9s apja korai hal\u00e1la ut\u00e1n m\u00e1r h\u00e9t\u00e9vesen a sz\u00e9kely hat\u00e1r\u0151rezredek sz\u00e1m\u00e1ra alap\u00edtott k\u00e9zdiv\u00e1s\u00e1rhelyi katonai nevel\u0151int\u00e9zetbe ker\u00fclt. 1834-ben a h\u00edres b\u00e9cs\u00fajhelyi Theresianum \u00f6szt\u00f6nd\u00edjas di\u00e1kja lett, ahol \u00fajfent a legjobb tanul\u00f3k k\u00f6z\u00e9 ker\u00fclt, \u00edgy 1842-ben els\u0151 oszt\u00e1ly\u00fa hadnagyk\u00e9nt l\u00e9phetett szolg\u00e1latba.<\/p>\n\n\n\n<p>Elk\u00e9peszt\u0151 tudatoss\u00e1g\u00e1ra jellemz\u0151, hogy ifj\u00fa tisztk\u00e9nt sem a romantikus kalandok vagy m\u00e1s l\u00e9has\u00e1gok foglalkoztatt\u00e1k, hanem az a probl\u00e9ma, hogy magyar nyelven nem l\u00e9teztek a n\u00e9met katonai kifejez\u00e9sek egy\u00e9rtelm\u0171 \u00e9s j\u00f3l haszn\u00e1lhat\u00f3 v\u00e1ltozatai. 1843-ban \u2013 teh\u00e1t 21 \u00e9vesen \u2013 meg is jelent <em>Magyar hadnyelvtan<\/em> c\u00edm\u0171 k\u00f6nyve, amely az elm\u00e9leti alapok tiszt\u00e1z\u00e1sa mellett k\u00e9zik\u00f6nyvk\u00e9nt is kit\u0171n\u0151en haszn\u00e1lhat\u00f3 volt, a sz\u00f3t\u00e1rhoz mell\u00e9kelt p\u00e9ldabesz\u00e9dek seg\u00edts\u00e9g\u00e9vel az erre nyitott tisztek k\u00f6nnyed\u00e9n elsaj\u00e1t\u00edthatt\u00e1k a magyar ajk\u00fa katon\u00e1ikkal val\u00f3 kapcsolattart\u00e1st.<\/p>\n\n\n\n<p>A k\u00f6vetkez\u0151 \u00e9vben m\u00e1r f\u0151hadnaggy\u00e1 l\u00e9ptett\u00e9k el\u0151, 1847-t\u0151l pedig a b\u00e9csi t\u00e1borkarn\u00e1l szolg\u00e1lt, ahol els\u0151sorban f\u00f6ldrajzi, t\u00e9rk\u00e9prajzol\u00f3 tud\u00e1s\u00e1t csiszolta, mell\u00e9kesen pedig n\u00e9metre ford\u00edtotta <strong>F\u00e9nyes Elek<\/strong> <em>Magyarorsz\u00e1g le\u00edr\u00e1sa<\/em> c\u00edm\u0171 1847-es k\u00f6nyv\u00e9t.<\/p>\n\n\n\n<figure class=\"wp-block-image\" id=\"attachment_3454309\"><img decoding=\"async\" src=\"https:\/\/s.24.hu\/app\/uploads\/2022\/06\/juan_f_czetz.jpg\" alt=\"\" class=\"wp-image-3454309\" title=\"\u00d6r\u00f6kre lemondott haz\u00e1j\u00e1r\u00f3l a magyar t\u00e1bornok 1\"\/><figcaption>Wikipedia.hu Czetz J\u00e1nos f\u00e9nyk\u00e9pe a Buenos Airesben kiadott Argent\u00edna t\u00f6rt\u00e9nete c\u00edm\u0171 k\u00f6nyvben<\/figcaption><\/figure>\n\n\n\n<p>A fiatal kora ellen\u00e9re is j\u00f3 h\u00edr\u0171 katonai szakemberre term\u00e9szetesen az 1848-as forradalom ut\u00e1n fel\u00e1ll\u00edtott magyar had\u00fcgyminiszt\u00e9riumban is sz\u00e1m\u00edtottak, a szabads\u00e1gharc kezdetekor pedig az Orsz\u00e1gos Honv\u00e9delmi Bizottm\u00e1nyhoz ker\u00fclt, v\u00e9g\u00fcl pedig az erd\u00e9lyi honv\u00e9dcsapatokhoz. <strong>Bem J\u00f3zsef<\/strong> t\u00e1borkari f\u0151n\u00f6kek\u00e9nt el\u00e9v\u00fclhetetlen \u00e9rdemeket szerzett a lengyel t\u00e1bornok sikeres erd\u00e9lyi hadj\u00e1rat\u00e1ban, ennek nyom\u00e1n 1849 m\u00e1jus\u00e1ban m\u00e1r \u2013 a szabads\u00e1gharc sor\u00e1n a legfiatalabb tisztk\u00e9nt \u2013 t\u00e1bornokk\u00e1 nevezt\u00e9k ki, de egy baleset miatt az orsz\u00e1gba be\u00f6z\u00f6nl\u0151 oroszok ellen nem tudott harcolni.<\/p>\n\n\n\n<h2 class=\"wp-block-heading\">\u201e\u00d6r\u00f6kre lemondva haz\u00e1mr\u00f3l\u201d<\/h2>\n\n\n\n<p>Vil\u00e1gost k\u00f6vet\u0151en Nyugat-Eur\u00f3p\u00e1ba menek\u00fclt, ahol cikkek \u00edr\u00e1s\u00e1b\u00f3l \u00e9s vas\u00fatm\u00e9rn\u00f6ki munk\u00e1kb\u00f3l tartotta fenn mag\u00e1t. Egy spanyolorsz\u00e1gi \u00fatj\u00e1n ismerkedett meg <strong>Juan Manuel Ortiz<\/strong> de Rosas befoly\u00e1sos argentin politikus unokah\u00fag\u00e1val, <strong>Basili\u00e1val,<\/strong> akivel 1859-ben \u00f6ssze is h\u00e1zasodott. Id\u0151k\u00f6zben r\u00e9szt v\u00e1llalt az olaszorsz\u00e1gi magyar l\u00e9gi\u00f3 szervez\u00e9s\u00e9ben, de a h\u00e1zass\u00e1g\u00e1nak \u00e9v\u00e9ben al\u00e1\u00edrt villafrancai b\u00e9ke nyilv\u00e1nval\u00f3v\u00e1 tette, hogy a k\u00fclf\u00f6ldi seg\u00edts\u00e9ggel fel\u00e9lesztett magyar szabads\u00e1gharc terveinek nincsen es\u00e9lye a megval\u00f3sul\u00e1sra, \u00edgy Czetz \u00fagy d\u00f6nt\u00f6tt, feles\u00e9ge haz\u00e1j\u00e1ban kezd \u00faj \u00e9letet.<\/p>\n\n\n\n<blockquote class=\"wp-block-quote is-layout-flow wp-block-quote-is-layout-flow\"><p>El\u00e9rkezett az id\u0151, hogy lemondjak mindenf\u00e9le rem\u00e9nyr\u0151l \u00e9s az id\u0151t \u00e9s er\u0151t arra kell szentelni, hogy f\u00fcggetlen \u00e9letlehet\u0151s\u00e9get teremts\u00fcnk magunk \u00e9s csal\u00e1dunk sz\u00e1m\u00e1ra. Ezt a meggy\u0151z\u0151d\u00e9semet k\u00f6vettem, \u00f6r\u00f6kre lemondva haz\u00e1mr\u00f3l \u00e9s D\u00e9l-Amerika fel\u00e9 vettem az ir\u00e1nyt<\/p><\/blockquote>\n\n\n\n<p>\u2013 fogalmazott eml\u00e9kirataiban.<\/p>\n\n\n\n<p>Ugyan Argent\u00edn\u00e1ban t\u00e1bornoki rendfokozat\u00e1t nem tudta elfogadtatni \u2013 a szab\u00e1lyok szerint a k\u00fclf\u00f6ld\u00f6n sz\u00fcletettek legfeljebb ezredesi rangig juthattak \u2013, Czetz hamar fontos feladatokat kapott. F\u00f6ldm\u00e9r\u0151k\u00e9nt \u00e9s kartogr\u00e1fusk\u00e9nt r\u00e9szt vett Argent\u00edna hat\u00e1rvid\u00e9keinek felt\u00e9rk\u00e9pez\u00e9s\u00e9ben, v\u00e9delm\u00fck ki\u00e9p\u00edt\u00e9s\u00e9ben. Fontos szerepe volt az orsz\u00e1g vas\u00fatvonalainak \u00e9s t\u00e1v\u00edr\u00f3h\u00e1l\u00f3zat\u00e1nak fejleszt\u00e9s\u00e9ben.<\/p>\n\n\n\n<p>Katonai tud\u00e1sa sem veszett k\u00e1rba, el\u0151bb fel\u00e1ll\u00edtotta Argent\u00edna els\u0151 katonam\u00e9rn\u00f6ki alakulat\u00e1t, majd alap\u00edt\u00f3ja lett az orsz\u00e1g els\u0151 katonai iskol\u00e1j\u00e1nak, melynek igazgat\u00f3ja is lett. Miut\u00e1n innen politikai okokb\u00f3l t\u00e1vozni k\u00e9nyszer\u00fclt, a Topogr\u00e1fiai Int\u00e9zet eln\u00f6ke lett, ebben a min\u0151s\u00e9g\u00e9ben a nev\u00e9hez f\u0171z\u0151dik Argent\u00edna nagy r\u00e9sz\u00e9nek korszer\u0171 felm\u00e9r\u00e9se. A szerencse \u00fajabb fordulatak\u00e9nt visszat\u00e9rt a hadsereghez, m\u00e9ghozz\u00e1 a Buenos Aires-i Katonai Akad\u00e9mia alap\u00edt\u00f3jak\u00e9nt, a vez\u00e9rkar tagjak\u00e9nt.<\/p>\n\n\n\n<h2 class=\"wp-block-heading\">Nem t\u00e9rhetett haza<\/h2>\n\n\n\n<p>A sz\u00e1zad utols\u00f3 \u00e9veiben a kor\u00e1bban szinte elfeledett Czetz sors\u00e1r\u00f3l rendszeres tud\u00f3s\u00edt\u00e1sok jelentek meg a magyar lapokban \u2013 nem f\u00fcggetlen\u00fcl att\u00f3l, hogy a sz\u00e1zadfordul\u00f3 k\u00f6zeledt\u00e9vel a sokak \u00e1ltal \u201e\u00e1rul\u00f3\u201d-nak b\u00e9lyegzett G\u00f6rgei mellett \u0151 maradt egyed\u00fcl \u00e9letben a szabads\u00e1gharc f\u0151tisztjei k\u00f6z\u00fcl. Sok\u00e1ig tervezte, hogy hazal\u00e1togat, \u00e1m eg\u00e9szs\u00e9gi \u00e1llapota v\u00e9g\u00fcl ezt nem tette lehet\u0151v\u00e9.<\/p>\n\n\n\n<p>\u201e\u00c9n m\u00e1r \u00f6regember vagyok, haz\u00e1mt\u00f3l m\u00e1r oly r\u00e9g t\u00e1vol, \u00e9s m\u00e9gis a honv\u00e1gy hat\u00e1sa folyt\u00e1n m\u00e9g mindig sajog a sz\u00edvem ama tudatt\u00f3l, hogy idegen porban kell megnyugodnom. Nagy meger\u0151ltet\u00e9sembe ker\u00fclt a v\u00e9gleges lemond\u00e1s, hogy haz\u00e1mat viszont ne l\u00e1thassam, de orvosaim tan\u00e1csa \u00e9s Krisztina le\u00e1nyom s\u00falyosabb t\u00fcd\u0151baja arra ind\u00edtottak, hogy t\u00f6bb\u00e9 m\u00e9g csak rem\u00e9nyt se t\u00e1pl\u00e1ljak r\u00e9gi terveim megval\u00f3s\u00edt\u00e1s\u00e1hoz\u201d \u2013 \u00edrta egyik utols\u00f3 level\u00e9ben.<\/p>\n\n\n\n<p>Az 1904 szeptember\u00e9ben elhunyt Czetz J\u00e1nosnak (avagy Juan Fernando Czetznek) szobra, eml\u00e9kt\u00e1bl\u00e1ja is van Buenos Airesben, de tal\u00e1n maga is azt tal\u00e1ln\u00e1 a legnagyobb megtiszteltet\u00e9snek, hogy az argentin m\u0171szaki alakulatok m\u00e9g most is az \u00e1ltala tervezett d\u00edszegyenruh\u00e1t viselik.<\/p>\n\n\n\n<p><strong>forr\u00e1s:<\/strong> <a href=\"https:\/\/24.hu\/tudomany\/2022\/06\/10\/czetz-janos-tabornok-1848-szabadsagharc-tortenelem\/\">https:\/\/24.hu\/tudomany\/2022\/06\/10\/czetz-janos-tabornok-1848-szabadsagharc-tortenelem\/<\/a><\/p>","protected":false},"excerpt":{"rendered":"<p>\u00d6r\u00f6kre lemondott haz\u00e1j\u00e1r\u00f3l a magyar t\u00e1bornok BBC History 2022. 06. 10. 04:40 Ha a vil\u00e1g esem\u00e9nyeire nagy hat\u00e1ssal b\u00edr\u00f3 magyar emigr\u00e1nsok ker\u00fclnek sz\u00f3ba, a legt\u00f6bben term\u00e9szetesen a XX. sz\u00e1zadban k\u00fclf\u00f6ld\u00f6n [&hellip;]<\/p>\n","protected":false},"author":1,"featured_media":0,"parent":0,"menu_order":0,"comment_status":"closed","ping_status":"closed","template":"","meta":{"site-sidebar-layout":"default","site-content-layout":"","ast-site-content-layout":"default","site-content-style":"default","site-sidebar-style":"default","ast-global-header-display":"","ast-banner-title-visibility":"","ast-main-header-display":"","ast-hfb-above-header-display":"","ast-hfb-below-header-display":"","ast-hfb-mobile-header-display":"","site-post-title":"","ast-breadcrumbs-content":"","ast-featured-img":"","footer-sml-layout":"","ast-disable-related-posts":"","theme-transparent-header-meta":"","adv-header-id-meta":"","stick-header-meta":"","header-above-stick-meta":"","header-main-stick-meta":"","header-below-stick-meta":"","astra-migrate-meta-layouts":"default","ast-page-background-enabled":"default","ast-page-background-meta":{"desktop":{"background-color":"var(--ast-global-color-5)","background-image":"","background-repeat":"repeat","background-position":"center center","background-size":"auto","background-attachment":"scroll","background-type":"","background-media":"","overlay-type":"","overlay-color":"","overlay-opacity":"","overlay-gradient":""},"tablet":{"background-color":"","background-image":"","background-repeat":"repeat","background-position":"center center","background-size":"auto","background-attachment":"scroll","background-type":"","background-media":"","overlay-type":"","overlay-color":"","overlay-opacity":"","overlay-gradient":""},"mobile":{"background-color":"","background-image":"","background-repeat":"repeat","background-position":"center center","background-size":"auto","background-attachment":"scroll","background-type":"","background-media":"","overlay-type":"","overlay-color":"","overlay-opacity":"","overlay-gradient":""}},"ast-content-background-meta":{"desktop":{"background-color":"var(--ast-global-color-4)","background-image":"","background-repeat":"repeat","background-position":"center center","background-size":"auto","background-attachment":"scroll","background-type":"","background-media":"","overlay-type":"","overlay-color":"","overlay-opacity":"","overlay-gradient":""},"tablet":{"background-color":"var(--ast-global-color-4)","background-image":"","background-repeat":"repeat","background-position":"center center","background-size":"auto","background-attachment":"scroll","background-type":"","background-media":"","overlay-type":"","overlay-color":"","overlay-opacity":"","overlay-gradient":""},"mobile":{"background-color":"var(--ast-global-color-4)","background-image":"","background-repeat":"repeat","background-position":"center center","background-size":"auto","background-attachment":"scroll","background-type":"","background-media":"","overlay-type":"","overlay-color":"","overlay-opacity":"","overlay-gradient":""}},"_price":"","_stock":"","_tribe_ticket_header":"","_tribe_default_ticket_provider":"","_tribe_ticket_capacity":"0","_ticket_start_date":"","_ticket_end_date":"","_tribe_ticket_show_description":"","_tribe_ticket_show_not_going":false,"_tribe_ticket_use_global_stock":"","_tribe_ticket_global_stock_level":"","_global_stock_mode":"","_global_stock_cap":"","_tribe_rsvp_for_event":"","_tribe_ticket_going_count":"","_tribe_ticket_not_going_count":"","_tribe_tickets_list":"[]","_tribe_ticket_has_attendee_info_fields":false,"footnotes":"","_tec_slr_enabled":"","_tec_slr_layout":""},"class_list":["post-298","page","type-page","status-publish","hentry"],"ticketed":false,"_links":{"self":[{"href":"https:\/\/ormenyobuda.hu\/hy\/wp-json\/wp\/v2\/pages\/298","targetHints":{"allow":["GET"]}}],"collection":[{"href":"https:\/\/ormenyobuda.hu\/hy\/wp-json\/wp\/v2\/pages"}],"about":[{"href":"https:\/\/ormenyobuda.hu\/hy\/wp-json\/wp\/v2\/types\/page"}],"author":[{"embeddable":true,"href":"https:\/\/ormenyobuda.hu\/hy\/wp-json\/wp\/v2\/users\/1"}],"replies":[{"embeddable":true,"href":"https:\/\/ormenyobuda.hu\/hy\/wp-json\/wp\/v2\/comments?post=298"}],"version-history":[{"count":2,"href":"https:\/\/ormenyobuda.hu\/hy\/wp-json\/wp\/v2\/pages\/298\/revisions"}],"predecessor-version":[{"id":301,"href":"https:\/\/ormenyobuda.hu\/hy\/wp-json\/wp\/v2\/pages\/298\/revisions\/301"}],"wp:attachment":[{"href":"https:\/\/ormenyobuda.hu\/hy\/wp-json\/wp\/v2\/media?parent=298"}],"curies":[{"name":"wp","href":"https:\/\/api.w.org\/{rel}","templated":true}]}}