{"id":453,"date":"2025-07-15T19:31:56","date_gmt":"2025-07-15T19:31:56","guid":{"rendered":"https:\/\/ormenyobuda.hu\/?page_id=453"},"modified":"2025-07-17T12:52:41","modified_gmt":"2025-07-17T12:52:41","slug":"ormeny-emlekhelyek-magyarorszagon-ahol-a-ko-is-beszel","status":"publish","type":"page","link":"https:\/\/ormenyobuda.hu\/hy\/ormeny-emlekhelyek-magyarorszagon-ahol-a-ko-is-beszel\/","title":{"rendered":"\u0540\u0578\u0582\u0576\u0563\u0561\u0580\u056b\u0561\u0575\u0578\u0582\u0574 \u0570\u0561\u0575\u056f\u0561\u056f\u0561\u0576 \u0570\u0578\u0582\u0577\u0561\u0580\u0571\u0561\u0576\u0561\u0575\u056b\u0576 \u057e\u0561\u0575\u0580\u0565\u0580"},"content":{"rendered":"\n<p> \u2013 ahol a k\u0151 is besz\u00e9l<\/p>\n\n\n\n<p><strong><a href=\"https:\/\/ormenyobuda.hu\/kokeresztek\/\">Keresztek<\/a>, <a href=\"https:\/\/ormenyobuda.hu\/emlekjelek\/\">eml\u00e9kjelek<\/a>, <a href=\"https:\/\/ormenyobuda.hu\/liturgikus-targyak\/\">liturgikus t\u00e1rgyak<\/a> \u2013 az \u00f6rm\u00e9ny identit\u00e1s k\u00e9zzelfoghat\u00f3 lenyomatai<\/strong><\/p>\n\n\n\n<p>Kev\u00e9s olyan k\u00f6z\u00f6ss\u00e9g van, amely annyi id\u0151n, \u00fcld\u00f6ztet\u00e9sen \u00e9s t\u00f6rt\u00e9nelmi kataklizm\u00e1n kereszt\u00fcl meg\u0151rizte \u00f6nazonoss\u00e1g\u00e1t, mint az \u00f6rm\u00e9nys\u00e9g. \u00c9s kev\u00e9s olyan forma van, amely ennyire s\u0171r\u0171n hordozza a hit, a h\u0171s\u00e9g \u00e9s az eml\u00e9kez\u00e9s r\u00e9tegeit, mint egy \u00f6rm\u00e9ny k\u0151kereszt, a <strong>khachkar<\/strong>.<\/p>\n\n\n\n<p>Magyarorsz\u00e1g t\u00f6bb pontj\u00e1n \u2013 k\u00fcl\u00f6n\u00f6sen Budapesten \u2013 olyan helysz\u00ednek v\u00e1rj\u00e1k a l\u00e1togat\u00f3t, ahol nemcsak d\u00edsz\u00edt\u0151elemk\u00e9nt, hanem <strong>\u00e9l\u0151, k\u00f6z\u00f6ss\u00e9gi \u00fczenetk\u00e9nt<\/strong> \u00e1llnak ezek az eml\u00e9kek. Sz\u00f3lnak a t\u00f6rt\u00e9nelmi \u00fcld\u00f6ztet\u00e9sekr\u0151l, a t\u00fal\u00e9l\u00e9sr\u0151l, az itthoni \u00fajrakezd\u00e9sr\u0151l \u2013 \u00e9s k\u00f6zben csendben \u00f6sszek\u00f6tnek m\u00faltat \u00e9s jelent.<\/p>\n\n\n\n<h2 class=\"wp-block-heading\">\ud83d\udccd \u201eNe hagyd ki!\u201d \u2013 \u00fatikalauz az \u00f6rm\u00e9ny eml\u00e9khelyekhez<\/h2>\n\n\n\n<p>Ez az aloldalainkra tagolt gy\u0171jt\u0151oldal az al\u00e1bbi t\u00e9m\u00e1kat \u00e9s helysz\u00edneket fogja bemutatni:<\/p>\n\n\n\n<h3 class=\"wp-block-heading\"><strong>I. A k\u0151keresztek (khachkarok)<\/strong><\/h3>\n\n\n\n<ol class=\"wp-block-list\">\n<li>\ud83e\udea8 <strong>\u00d3budai Keresztesk\u0151 \u2013 A k\u00f6z\u00f6ss\u00e9g lelke<\/strong><br>\ud83d\udccc III. ker., Lajos u. \u2013 Serf\u0151z\u0151 u. sarka<br>\ud83d\udca0 Rafael Sargszjan farag\u00e1sa a n\u00e9pirt\u00e1sok \u00e1ldozatainak eml\u00e9k\u00e9re.<br>\u26ea R\u00e9szletes aloldal \u2192<a href=\"https:\/\/ormenyobuda.hu\/ormeny-emlekhelyek-magyarorszagon-ahol-a-ko-is-beszel\/obudai-ormeny-keresztesko\/\"> [link]<\/a><br>\ud83d\uddfa\ufe0f T\u00e9rk\u00e9p<\/li>\n\n\n\n<li>\ud83e\udea8 <strong>Belv\u00e1rosi Khachkar \u2013 A l\u00e1thatatlan jelenl\u00e9t<\/strong><br>\ud83d\udccc V. ker., Duna\u2011korz\u00f3 \u2013 Ortodox Sz\u00e9kesegyh\u00e1z parkja<br>\ud83d\udca0 Felirat n\u00e9lk\u00fcli, klasszikus mot\u00edvumokkal; csendes elm\u00e9lked\u00e9s.<br>\u26ea R\u00e9szletes aloldal \u2192 <a href=\"https:\/\/ormenyobuda.hu\/ormeny-emlekhelyek-magyarorszagon-ahol-a-ko-is-beszel\/%f0%9f%aa%a8-belvarosi-ormeny-keresztko\/\">[link]<\/a><br>\ud83d\uddfa\ufe0f T\u00e9rk\u00e9p<\/li>\n\n\n\n<li>\ud83e\udea8 <strong>\u00d6rm\u00e9ny N\u00e9pirt\u00e1s Eml\u00e9km\u0171 \u2013 Pet\u0151fi t\u00e9r<\/strong><br>\ud83d\udccc V. ker., Pet\u0151fi t\u00e9r<br>\ud83d\udca0 Khachkar\u2011szer\u0171 oszlop az 1915\u2011\u00f6s n\u00e9pirt\u00e1s eml\u00e9k\u00e9re.<br>\u26ea R\u00e9szletes aloldal \u2192 <a href=\"https:\/\/ormenyobuda.hu\/ormeny-nepirtas-emlekmu-a-csend-hangja-a-petofi-teren\/\">[link]<\/a><br>\ud83d\uddfa\ufe0f T\u00e9rk\u00e9p<\/li>\n\n\n\n<li>\ud83e\udea8 <strong>Farkasr\u00e9ti \u00f6rm\u00e9ny s\u00edrkert \u2013 Eml\u00e9kez\u00e9s csendje<\/strong><br>\ud83d\udccc XI. ker., Farkasr\u00e9ti \u00fat\u202f12\u201314.<br>\ud83d\udca0 M\u0171v\u00e9szek \u00e9s k\u00f6z\u00f6ss\u00e9gi vezet\u0151k s\u00edrjai k\u00f6z\u00f6tt \u00e1ll\u00f3 khachkarok.<br>\u26ea R\u00e9szletes aloldal \u2192 <a href=\"https:\/\/ormenyobuda.hu\/farkasreti-ormeny-sirkert\/\">[link]<\/a><br>\ud83d\uddfa\ufe0f T\u00e9rk\u00e9p<\/li>\n\n\n\n<li>\ud83e\udea8 <strong>Orlay utcai K\u0151kereszt \u2013 A m\u00e1rt\u00edrok tisztelete<\/strong><br>\ud83d\udccc XI. ker., Orlay u.\u202f6., lelk\u00e9szs\u00e9g udvara<br>\ud83d\udca0 2015\u2011\u00f6s sz\u00e1z\u00e9ves \u00e9vfordul\u00f3n avatott eml\u00e9khely.<br>\u26ea R\u00e9szletes aloldal \u2192<a href=\"https:\/\/ormenyobuda.hu\/ormeny-emlekhelyek-magyarorszagon-ahol-a-ko-is-beszel\/%f0%9f%95%af%ef%b8%8f-orlay-utcai-ormeny-keresztesko\/\"> [link]<\/a><br>\ud83d\uddfa\ufe0f T\u00e9rk\u00e9p<\/li>\n\n\n\n<li>\ud83e\udea8 <strong>V\u00e1c\u2013R\u00e9v utcai Khachkar \u2013 Duna parti eml\u00e9k<\/strong><br>\ud83d\udccc V\u00e1c, R\u00e9v utca v\u00e9ge<br>\ud83d\udca0 19. sz\u00e1zadi khachkar\u2011csoport a s\u00e9t\u00e1nyon.<br>\u26ea R\u00e9szletes aloldal \u2192 [link]<br>\ud83d\uddfa\ufe0f T\u00e9rk\u00e9p<\/li>\n\n\n\n<li>\ud83e\udea8 <strong>Sz\u00e1zhalombattai Khachkar \u2013 Temet\u0151 melletti park<\/strong><br>\ud83d\udccc Sz\u00e1zhalombatta, temet\u0151 parkja<br>\ud83d\udca0 \u201990\u2011es \u00e9vekbeli khachkar, helyi k\u00f6z\u00f6ss\u00e9gi eml\u00e9khely.<br>\u26ea R\u00e9szletes aloldal \u2192 [link]<br>\ud83d\uddfa\ufe0f T\u00e9rk\u00e9p<\/li>\n\n\n\n<li>\ud83e\udea8 <strong>J\u00e1szber\u00e9nyi \u00f6rm\u00e9ny eml\u00e9khely \u2013 K\u00e1polnarom<\/strong><br>\ud83d\udccc J\u00e1szber\u00e9ny, egykori k\u00e1polnarom parkja<br>\ud83d\udca0 Khachkar \u00e9s eml\u00e9kpad a helyi \u00f6rm\u00e9ny csal\u00e1dok tisztelet\u00e9re.<br>\u26ea R\u00e9szletes aloldal \u2192 [link]<br>\ud83d\uddfa\ufe0f T\u00e9rk\u00e9p<\/li>\n\n\n\n<li>\ud83e\udea8 <strong>Miskolci Khachkar \u2013 Borsodi gy\u00f6kerek<\/strong><br>\ud83d\udccc Miskolc, Szentp\u00e1li u.\u202f8.<br>\ud83d\udca0 A k\u00f6z\u00f6ss\u00e9gi h\u00e1z udvar\u00e1ban \u00e1ll\u00f3 k\u0151kereszt az \u00f6sszetartoz\u00e1s\u00e9rt.<br>\u26ea R\u00e9szletes aloldal \u2192 [link]<br>\ud83d\uddfa\ufe0f T\u00e9rk\u00e9p<\/li>\n\n\n\n<li>\ud83e\udea8 <strong>Soproni K\u0151kereszt \u2013 Nyugat kapuja<\/strong><br>\ud83d\udccc Sopron, V\u00e1rker\u00fclet k\u00f6rny\u00e9ke<br>\ud83d\udca0 Helyi csal\u00e1dok \u00e1ltal \u00e1ll\u00edttatott khachkar a v\u00e1rosfal mellett.<br>\u26ea R\u00e9szletes aloldal \u2192 [link]<br>\ud83d\uddfa\ufe0f T\u00e9rk\u00e9p<\/li>\n\n\n\n<li>\ud83e\udea8 <strong>Debreceni Khachkar &amp; K\u00f6z\u00f6ss\u00e9gi H\u00e1z \u2013 \u00dajrakezd\u00e9s oszlopa<\/strong><br>\ud83d\udccc Debrecen, K\u00e1lvin t\u00e9r\u202f1.<br>\ud83d\udca0 Khachkar az 1915\u2011\u00f6s n\u00e9pirt\u00e1s eml\u00e9k\u00e9re, a diaszp\u00f3ra jelk\u00e9pe.<br>\u26ea R\u00e9szletes aloldal \u2192<a href=\"https:\/\/ormenyobuda.hu\/debreceni-khachkar-kozossegi-haz-ujrakezdes-oszlopa\/\"> [link]<\/a><br>\ud83d\uddfa\ufe0f T\u00e9rk\u00e9p<\/li>\n<\/ol>\n\n\n\n<hr class=\"wp-block-separator has-alpha-channel-opacity\"\/>\n\n\n\n<h3 class=\"wp-block-heading\"><strong>II. Egy\u00e9b \u00f6rm\u00e9ny helysz\u00ednek<\/strong><\/h3>\n\n\n\n<ol start=\"12\" class=\"wp-block-list\">\n<li>\u26ea <strong>Budapesti \u00d6rm\u00e9ny Katolikus Pl\u00e9b\u00e1nia \u2013 M\u00e1rcius\u202f15. t\u00e9r<\/strong><br>\ud83d\udccc V. ker., M\u00e1rcius\u202f15. t\u00e9r\u202f5.<br>\ud83d\udca0 18. sz\u00e1zadi templom akt\u00edv liturgikus \u00e9s m\u00fazeumi gy\u0171jtem\u00e9nnyel.<br>\u26ea R\u00e9szletes aloldal \u2192 [link]<br>\ud83d\uddfa\ufe0f T\u00e9rk\u00e9p<\/li>\n\n\n\n<li>\ud83d\udcda <strong>Magyarorsz\u00e1gi \u00d6rm\u00e9ny Diaszp\u00f3ra M\u00fazeuma \u2013 \u00d6rm\u00e9ny H\u00e1z<\/strong><br>\ud83d\udccc III. ker., T\u00edm\u00e1r utca\u202f6.<br>\ud83d\udca0 Diaszp\u00f3ra\u2011m\u00fazeum, k\u00f6nyvt\u00e1r \u00e9s arch\u00edvum gazdag dokumentumgy\u0171jtem\u00e9nnyel.<br>\u26ea R\u00e9szletes aloldal \u2192 [link]<br>\ud83d\uddfa\ufe0f T\u00e9rk\u00e9p<\/li>\n\n\n\n<li>\ud83c\udfdb\ufe0f <strong>Urartu \u00d6rm\u00e9ny Sz\u00ednh\u00e1z \u2013 Kort\u00e1rs m\u0171v\u00e9szet<\/strong><br>\ud83d\udccc XIII. ker., Pozsonyi \u00fat\u202f48.<br>\ud83d\udca0 Kultur\u00e1lis k\u00f6zpont el\u0151ad\u00e1sokkal, ki\u00e1ll\u00edt\u00e1sokkal a kort\u00e1rs diaszp\u00f3r\u00e1nak.<br>\u26ea R\u00e9szletes aloldal \u2192 [link]<br>\ud83d\uddfa\ufe0f T\u00e9rk\u00e9p<\/li>\n\n\n\n<li>\ud83c\udfdb\ufe0f <strong>Gy\u0151ri Szent Anna \u00f6rm\u00e9ny templom \u2013 Erd\u00e9lyi hagyom\u00e1ny<\/strong><br>\ud83d\udccc Gy\u0151r, Szent Anna t\u00e9r\u202f5.<br>\ud83d\udca0 18. sz\u00e1zadi barokk\u2011klasszicista templom, ma is k\u00f6z\u00f6ss\u00e9gi lelki otthon.<br>\u26ea R\u00e9szletes aloldal \u2192 [link]<br>\ud83d\uddfa\ufe0f T\u00e9rk\u00e9p<\/li>\n\n\n\n<li>\u26ea <strong>P\u00e9csi Szent Anna \u00f6rm\u00e9ny templom \u2013 Mecseki o\u00e1zis<\/strong><br>\ud83d\udccc P\u00e9cs, Makay Istv\u00e1n u.\u202f1.<br>\ud83d\udca0 1896\u2011ban neog\u00f3tikus st\u00edlusban felszentelt templom a diaszp\u00f3ra k\u00f6zpontja.<br>\u26ea R\u00e9szletes aloldal \u2192 [link]<br>\ud83d\uddfa\ufe0f T\u00e9rk\u00e9p<\/li>\n\n\n\n<li>\u26ea <strong>Sz\u00e9kesfeh\u00e9rv\u00e1ri \u00f6rm\u00e9ny templom \u2013 Ima \u00e9s fresk\u00f3k<\/strong><br>\ud83d\udccc Sz\u00e9kesfeh\u00e9rv\u00e1r, Magyar Kir\u00e1ly u.\u202f27.<br>\ud83d\udca0 19. sz\u00e1zadi templom \u00f6rm\u00e9ny mot\u00edvumokkal a fresk\u00f3kon.<br>\u26ea R\u00e9szletes aloldal \u2192 [link]<br>\ud83d\uddfa\ufe0f T\u00e9rk\u00e9p<\/li>\n\n\n\n<li>\u26b0\ufe0f <strong>P\u00e9csi \u00d6rm\u00e9ny Temet\u0151 \u2013 Csal\u00e1di kript\u00e1k<\/strong><br>\ud83d\udccc P\u00e9cs, Kertv\u00e1rosi temet\u0151<br>\ud83d\udca0 A helyi \u00f6rm\u00e9ny k\u00f6z\u00f6ss\u00e9g kript\u00e1i \u00e9s s\u00edreml\u00e9kei a mindennapi eml\u00e9kez\u00e9s tere.<br>\u26ea R\u00e9szletes aloldal \u2192 [link]<br>\ud83d\uddfa\ufe0f T\u00e9rk\u00e9p<\/li>\n\n\n\n<li>\ud83d\udcdc <strong>Ny\u00edregyh\u00e1zi inf\u00f3oszlop \u2013 T\u00f6rt\u00e9net k\u00e9t nyelven<\/strong><br>\ud83d\udccc Ny\u00edregyh\u00e1za, Kossuth t\u00e9r<br>\ud83d\udca0 Magyar \u00e9s \u00f6rm\u00e9ny nyelv\u0171 t\u00e1j\u00e9koztat\u00f3 oszlop a diaszp\u00f3ra t\u00f6rt\u00e9net\u00e9r\u0151l.<br>\u26ea R\u00e9szletes aloldal \u2192 [link]<br>\ud83d\uddfa\ufe0f T\u00e9rk\u00e9p<\/li>\n\n\n\n<li>\ud83c\udfe0 <strong>Szolnoki \u00d6rm\u00e9ny Hagyom\u00e1ny\u0151rz\u0151 Egyes\u00fclet \u2013 Vid\u00e9ki otthon<\/strong><br>\ud83d\udccc Szolnok, Vas\u00fat utca\u202f7.<br>\ud83d\udca0 \u00c1talak\u00edtott t\u0171zifat\u00e1rol\u00f3 \u00e9p\u00fclet n\u00e9pviselet\u2011 \u00e9s szakr\u00e1lis gy\u0171jtem\u00e9nnyel.<br>\u26ea R\u00e9szletes aloldal \u2192 [link]<br>\ud83d\uddfa\ufe0f T\u00e9rk\u00e9p<\/li>\n\n\n\n<li>\ud83d\ude82 <strong>Szegedi \u00f6rm\u00e9ny eml\u00e9kpad \u2013 Tud\u00e1s \u00e9s b\u00e9ke<\/strong><br>\ud83d\udccc Szeged, D\u00f3m t\u00e9r<br>\ud83d\udca0 Padok \u00e9s k\u0151lapok \u00f6rm\u00e9ny\u2013magyar feliratokkal a diaszp\u00f3ra tisztelet\u00e9re.<br>\u26ea R\u00e9szletes aloldal \u2192 [link]<br>\ud83d\uddfa\ufe0f T\u00e9rk\u00e9p<\/li>\n\n\n\n<li>\u2699\ufe0f <strong>Akopj\u00e1n Nikogosz Parlamenti Sz\u00f3sz\u00f3l\u00f3i Iroda \u2013 A diaszp\u00f3ra hangja<\/strong><br>\ud83d\udccc V. ker., Kossuth t\u00e9r\u202f1\u20133.<br>\ud83d\udca0 Az Orsz\u00e1ggy\u0171l\u00e9s \u00f6rm\u00e9ny nemzetis\u00e9gi sz\u00f3sz\u00f3l\u00f3j\u00e1nak hivatalos irod\u00e1ja.<br>\u26ea R\u00e9szletes aloldal \u2192 [link]<br>\ud83d\uddfa\ufe0f T\u00e9rk\u00e9p<\/li>\n\n\n\n<li>\ud83c\udfdb\ufe0f <strong>Kalocsai \u00e9rseki gy\u0171jtem\u00e9ny \u2013 Szakr\u00e1lis kincsek<\/strong><br>\ud83d\udccc Kalocsa, Szent Istv\u00e1n t\u00e9r\u202f15.<br>\ud83d\udca0 17\u201318. sz\u00e1zadi \u00f6rm\u00e9ny kehely, t\u00f6mj\u00e9nez\u0151 \u00e9s liturgikus t\u00e1rgyak a m\u00fazeumban.<br>\u26ea R\u00e9szletes aloldal \u2192 [link]<br>\ud83d\uddfa\ufe0f T\u00e9rk\u00e9p<\/li>\n\n\n\n<li>\ud83c\udffa <strong>Esztergomi Kereszt\u00e9ny M\u00fazeum \u2013 Liturgikus darabok<\/strong><br>\ud83d\udccc Esztergom, Dobog\u00f3k\u0151i \u00fat\u202f8\u201310.<br>\ud83d\udca0 \u00d6rm\u00e9ny evang\u00e9liumos k\u00f6nyvbor\u00edt\u00f3 \u00e9s keresztel\u0151kancs\u00f3 az \u00e1lland\u00f3 ki\u00e1ll\u00edt\u00e1s gy\u00f6ngyszemei.<br>\u26ea R\u00e9szletes aloldal \u2192 [link]<br>\ud83d\uddfa\ufe0f T\u00e9rk\u00e9p<\/li>\n\n\n\n<li>\ud83d\udcda <strong>Pannonhalmi Ap\u00e1ts\u00e1g k\u00f6nyvt\u00e1ra \u2013 K\u00e9ziratok k\u00f6z\u00f6tt<\/strong><br>\ud83d\udccc Pannonhalma, 9090 Pannonhalma<br>\ud83d\udca0 Benc\u00e9s ap\u00e1ts\u00e1g k\u00f6nyvt\u00e1ra \u00f6rm\u00e9ny k\u00e9ziratok lapjaival \u00e9s liturgikus dokumentumokkal.<br>\u26ea R\u00e9szletes aloldal \u2192 [link]<br>\ud83d\uddfa\ufe0f T\u00e9rk\u00e9p<\/li>\n\n\n\n<li>\ud83d\udea9 <strong>Szegedi \u00d6rm\u00e9ny H\u00e1z \u2013 K\u00f6z\u00f6ss\u00e9gi k\u00f6zpont<\/strong><br>\ud83d\udccc Szeged, K\u00e1rolyi utca\u202f3.<br>\ud83d\udca0 Helyi hagyom\u00e1ny\u0151rz\u0151 k\u00f6zpont programokkal, nyelv- \u00e9s gasztron\u00f3miai foglalkoz\u00e1sokkal.<br>\u26ea R\u00e9szletes aloldal \u2192 [link]<br>\ud83d\uddfa\ufe0f T\u00e9rk\u00e9p<\/li>\n\n\n\n<li>\ud83c\udfdb\ufe0f <strong>\u00dajpesti \u00d6rm\u00e9ny K\u00f6z\u00f6ss\u00e9gi Szalon \u2013 Kultur\u00e1lis m\u0171hely<\/strong><br>\ud83d\udccc Budapest IV., Istv\u00e1n \u00fat\u202f24.<br>\ud83d\udca0 Kisebb k\u00f6z\u00f6ss\u00e9gi t\u00e9r el\u0151ad\u00e1sokkal, filmvet\u00edt\u00e9sekkel \u00e9s k\u00e9zm\u0171ves foglalkoz\u00e1sokkal.<br>\u26ea R\u00e9szletes aloldal \u2192 [link]<br>\ud83d\uddfa\ufe0f T\u00e9rk\u00e9p<\/li>\n\n\n\n<li>\ud83d\uded6 <strong>Hajd\u00faszoboszl\u00f3i khachkar \u2013 Helyt\u00f6rt\u00e9neti sziget<\/strong><br>\ud83d\udccc Hajd\u00faszoboszl\u00f3, M\u00e1ty\u00e1s kir\u00e1ly s\u00e9t\u00e1ny<br>\ud83d\udca0 Modern interpret\u00e1ci\u00f3 khachkar\u2011mot\u00edvumokkal, a helyi \u00f6rm\u00e9ny k\u00f6z\u00f6ss\u00e9g kezdem\u00e9nyez\u00e9s\u00e9re.<br>\u26ea R\u00e9szletes aloldal \u2192 [link]<br>\ud83d\uddfa\ufe0f T\u00e9rk\u00e9p<\/li>\n<\/ol>\n\n\n\n<h2 class=\"wp-block-heading\"><strong>Kitekint\u00e9s: \u00d6rm\u00e9ny eml\u00e9khelyek hat\u00e1ron innen \u00e9s t\u00fal<\/strong><\/h2>\n\n\n\n<p>A magyarorsz\u00e1gi \u00f6rm\u00e9ny eml\u00e9khelyek sor\u00e1t \u00e9rdemes t\u00e1gabb n\u00e9z\u0151pontb\u00f3l is szeml\u00e9lni, hiszen K\u00f6z\u00e9p- \u00e9s Kelet-Eur\u00f3pa orsz\u00e1gaiban is sz\u00e1mos khachkar, templom \u00e9s \u00f6rm\u00e9ny k\u00f6z\u00f6ss\u00e9gi m\u0171hely \u0151rzi a diaszp\u00f3ra sz\u00edv\u00f3s eml\u00e9kezet\u00e9t. Ezek a k\u00f6vek, eml\u00e9kt\u00e1bl\u00e1k \u00e9s katedr\u00e1lisok nem csup\u00e1n a m\u00falt tan\u00fai, hanem \u00e9l\u0151 kapcsot teremtenek az \u00f6rm\u00e9ny \u00e9s a befogad\u00f3 kult\u00far\u00e1k k\u00f6z\u00f6tt. Ha utaz\u00e1s k\u00f6zben ilyen helysz\u00ednre bukkansz, \u00e1llj meg egy pillanatra \u2013 \u00e9s olvass bele a k\u0151be v\u00e9sett t\u00f6rt\u00e9nelembe!<\/p>\n\n\n\n<p>Az al\u00e1bbi list\u00e1val szeretn\u00e9nk kedvet csin\u00e1lni ahhoz, hogy barangol\u00e1saitok sor\u00e1n ne csak Magyarorsz\u00e1g, hanem a k\u00f6rnyez\u0151 orsz\u00e1gok \u00f6rm\u00e9ny \u00f6r\u00f6ks\u00e9g\u00e9t is felfedezz\u00e9tek.<br><strong>Ha tudom\u00e1sod van olyan helysz\u00ednr\u0151l, amely kimaradt a gy\u0171jt\u00e9sb\u0151l, k\u00e9rj\u00fck, jelezd \u2013 k\u00f6z\u00f6sen \u00edrjuk tov\u00e1bb a t\u00f6rt\u00e9netet!<\/strong><\/p>\n\n\n\n<p>\u00c9s akkor l\u00e1ssuk a <a href=\"https:\/\/ormenyobuda.hu\/khachkarok-es-ormeny-emlekhelyek-a-kornyekunkon-barangolas-a-regioban\/\">list\u00e1t<\/a>!<\/p>\n","protected":false},"excerpt":{"rendered":"<p>\u2013 ahol a k\u0151 is besz\u00e9l Keresztek, eml\u00e9kjelek, liturgikus t\u00e1rgyak \u2013 az \u00f6rm\u00e9ny identit\u00e1s k\u00e9zzelfoghat\u00f3 lenyomatai Kev\u00e9s olyan k\u00f6z\u00f6ss\u00e9g van, amely annyi id\u0151n, \u00fcld\u00f6ztet\u00e9sen \u00e9s t\u00f6rt\u00e9nelmi kataklizm\u00e1n kereszt\u00fcl meg\u0151rizte \u00f6nazonoss\u00e1g\u00e1t, [&hellip;]<\/p>\n","protected":false},"author":1,"featured_media":0,"parent":0,"menu_order":0,"comment_status":"closed","ping_status":"closed","template":"","meta":{"site-sidebar-layout":"default","site-content-layout":"","ast-site-content-layout":"default","site-content-style":"default","site-sidebar-style":"default","ast-global-header-display":"","ast-banner-title-visibility":"","ast-main-header-display":"","ast-hfb-above-header-display":"","ast-hfb-below-header-display":"","ast-hfb-mobile-header-display":"","site-post-title":"","ast-breadcrumbs-content":"","ast-featured-img":"","footer-sml-layout":"","ast-disable-related-posts":"","theme-transparent-header-meta":"","adv-header-id-meta":"","stick-header-meta":"","header-above-stick-meta":"","header-main-stick-meta":"","header-below-stick-meta":"","astra-migrate-meta-layouts":"default","ast-page-background-enabled":"default","ast-page-background-meta":{"desktop":{"background-color":"var(--ast-global-color-5)","background-image":"","background-repeat":"repeat","background-position":"center center","background-size":"auto","background-attachment":"scroll","background-type":"","background-media":"","overlay-type":"","overlay-color":"","overlay-opacity":"","overlay-gradient":""},"tablet":{"background-color":"","background-image":"","background-repeat":"repeat","background-position":"center center","background-size":"auto","background-attachment":"scroll","background-type":"","background-media":"","overlay-type":"","overlay-color":"","overlay-opacity":"","overlay-gradient":""},"mobile":{"background-color":"","background-image":"","background-repeat":"repeat","background-position":"center center","background-size":"auto","background-attachment":"scroll","background-type":"","background-media":"","overlay-type":"","overlay-color":"","overlay-opacity":"","overlay-gradient":""}},"ast-content-background-meta":{"desktop":{"background-color":"var(--ast-global-color-4)","background-image":"","background-repeat":"repeat","background-position":"center center","background-size":"auto","background-attachment":"scroll","background-type":"","background-media":"","overlay-type":"","overlay-color":"","overlay-opacity":"","overlay-gradient":""},"tablet":{"background-color":"var(--ast-global-color-4)","background-image":"","background-repeat":"repeat","background-position":"center center","background-size":"auto","background-attachment":"scroll","background-type":"","background-media":"","overlay-type":"","overlay-color":"","overlay-opacity":"","overlay-gradient":""},"mobile":{"background-color":"var(--ast-global-color-4)","background-image":"","background-repeat":"repeat","background-position":"center center","background-size":"auto","background-attachment":"scroll","background-type":"","background-media":"","overlay-type":"","overlay-color":"","overlay-opacity":"","overlay-gradient":""}},"_price":"","_stock":"","_tribe_ticket_header":"","_tribe_default_ticket_provider":"","_tribe_ticket_capacity":"0","_ticket_start_date":"","_ticket_end_date":"","_tribe_ticket_show_description":"","_tribe_ticket_show_not_going":false,"_tribe_ticket_use_global_stock":"","_tribe_ticket_global_stock_level":"","_global_stock_mode":"","_global_stock_cap":"","_tribe_rsvp_for_event":"","_tribe_ticket_going_count":"","_tribe_ticket_not_going_count":"","_tribe_tickets_list":"[]","_tribe_ticket_has_attendee_info_fields":false,"footnotes":"","_tec_slr_enabled":"","_tec_slr_layout":""},"class_list":["post-453","page","type-page","status-publish","hentry"],"ticketed":false,"_links":{"self":[{"href":"https:\/\/ormenyobuda.hu\/hy\/wp-json\/wp\/v2\/pages\/453","targetHints":{"allow":["GET"]}}],"collection":[{"href":"https:\/\/ormenyobuda.hu\/hy\/wp-json\/wp\/v2\/pages"}],"about":[{"href":"https:\/\/ormenyobuda.hu\/hy\/wp-json\/wp\/v2\/types\/page"}],"author":[{"embeddable":true,"href":"https:\/\/ormenyobuda.hu\/hy\/wp-json\/wp\/v2\/users\/1"}],"replies":[{"embeddable":true,"href":"https:\/\/ormenyobuda.hu\/hy\/wp-json\/wp\/v2\/comments?post=453"}],"version-history":[{"count":24,"href":"https:\/\/ormenyobuda.hu\/hy\/wp-json\/wp\/v2\/pages\/453\/revisions"}],"predecessor-version":[{"id":547,"href":"https:\/\/ormenyobuda.hu\/hy\/wp-json\/wp\/v2\/pages\/453\/revisions\/547"}],"wp:attachment":[{"href":"https:\/\/ormenyobuda.hu\/hy\/wp-json\/wp\/v2\/media?parent=453"}],"curies":[{"name":"wp","href":"https:\/\/api.w.org\/{rel}","templated":true}]}}