{"id":516,"date":"2025-07-17T11:25:15","date_gmt":"2025-07-17T11:25:15","guid":{"rendered":"https:\/\/ormenyobuda.hu\/?page_id=516"},"modified":"2026-02-05T15:00:10","modified_gmt":"2026-02-05T15:00:10","slug":"emlekjelek","status":"publish","type":"page","link":"https:\/\/ormenyobuda.hu\/hy\/ormeny-emlekhelyek-magyarorszagon-ahol-a-ko-is-beszel\/emlekjelek\/","title":{"rendered":"\u0540\u056b\u0577\u0561\u057f\u0561\u056f\u0576\u0565\u0580"},"content":{"rendered":"<p>Ha a khachkarok a k\u0151be v\u00e9sett im\u00e1k, akkor a t\u00f6bbi \u00f6rm\u00e9ny eml\u00e9kjel olyan, mint a k\u00fcl\u00f6nb\u00f6z\u0151 hangszerekkel megsz\u00f3lal\u00f3 dallam: mind m\u00e1sk\u00e9pp besz\u00e9l, m\u00e9gis ugyanarr\u00f3l a k\u00f6z\u00f6s t\u00f6rt\u00e9netr\u0151l sz\u00f3l.<\/p>\n\n\n\n<hr class=\"wp-block-separator has-alpha-channel-opacity\"\/>\n\n\n\n<p>K\u00e9pzelj el egy falat, ahol bronz eml\u00e9kt\u00e1bla \u0151rzi a 18. sz\u00e1zadi \u00f6rm\u00e9ny keresked\u0151h\u00e1z nyomait \u2013 olyan, mintha az utca maga mes\u00e9ln\u00e9, hogy kik j\u00e1rtak itt, kik hoztak magukkal savany\u00fa csereszny\u00e9t \u00e9s k\u00f6vecses rem\u00e9nyt a v\u00e1ndorl\u00e1sban.<\/p>\n\n\n\n<p>Menj tov\u00e1bb a D\u00f3m t\u00e9rre Szegeden, \u00e9s ott, a sz\u00f6k\u0151k\u00fat k\u00f6zel\u00e9ben, tal\u00e1lsz egy v\u00e9kony, eleg\u00e1ns inf\u00f3oszlopot: k\u00e9t nyelv\u0171 bet\u0171k sorai id\u00e9zik fel a helyi diaszp\u00f3ra sz\u00e1z\u00e9ves k\u00fczdelm\u00e9t \u00e9s \u00fcnnepeit. Ez az oszlop nem h\u00edv be mag\u00e1hoz keresztel\u0151 szertart\u00e1sra, hanem arra buzd\u00edt, hogy egy pillanatra \u00e1llj meg, \u00e9s olvasd el a nevek m\u00f6g\u00f6tt rejl\u0151 sorsokat.<\/p>\n\n\n\n<p>Ha pedig Eger f\u0151ter\u00e9n bolyongsz, \u00e9s a sz\u00ednh\u00e1z fal\u00e1n egy apr\u00f3, indirekt eml\u00e9kt\u00e1bla bukkansz, amely eml\u00e9keztet egykor itt m\u0171k\u00f6d\u0151 \u00f6rm\u00e9ny nyomd\u00e1ra, az m\u00e1r nem egy im\u00e1ds\u00e1g, hanem egy k\u00f6ny\u00f6rtelen val\u00f3s\u00e1g: m\u0171helyek, lapok nyomdafest\u00e9ke \u00e9s a diaszp\u00f3ra \u00f6r\u00f6ks\u00e9ge.<\/p>\n\n\n\n<p>Vid\u00e9k fel\u00e9 menet a temet\u0151k sark\u00e1ban is v\u00e1rnak eml\u00e9kjelek: a p\u00e9csi csal\u00e1di kript\u00e1k homlokzat\u00e1n grafitok suttogj\u00e1k a csal\u00e1dneveket, a s\u00edrk\u00f6vek perem\u00e9n apr\u00f3 keresztfonatok tisztelegnek az \u0151s\u00f6k el\u0151tt. Nem khachkar, de ugyan\u00fagy k\u0151be z\u00e1rt sz\u00edvritmus.<\/p>\n\n\n\n<p>\u00c9s a m\u00fazeumok vitrineiben ott sorakoznak a t\u00f6mj\u00e9nez\u0151k, keresztel\u0151kancs\u00f3k, a v\u00e9rnarancs\u00adlila k\u00f6nt\u00f6s\u00f6k \u2013 mind eml\u00e9keztetnek r\u00e1, hogy nemcsak a templom falai tartj\u00e1k \u00e9letben a hitet, hanem egyetlen t\u00e1lca al\u00e1 rendezetten is a jelenbe \u00fcltetik a m\u00faltat.<\/p>\n\n\n\n<p>Minden ilyen eml\u00e9kjel \u2013 t\u00e1bla, oszlop, plakett, s\u00edrk\u0151, vitrin \u2013 egy m\u00e1sik hang a diaszp\u00f3ra zenekar\u00e1ban. Ha v\u00e9gigj\u00e1rjuk az orsz\u00e1got, \u00d3bud\u00e1t\u00f3l Egeren \u00e1t Szegedig, nem csup\u00e1n \u00e9p\u00fcletek k\u00f6z\u00f6tt l\u00e9pked\u00fcnk, hanem egy k\u00f6z\u00f6s dallam k\u00f3rus\u00e1ban vesz\u00fcnk r\u00e9szt: az \u00f6rm\u00e9ny m\u00falt, jelen \u00e9s j\u00f6v\u0151 szimf\u00f3ni\u00e1j\u00e1ban.<\/p>\n\n\n\n<p>Menj h\u00e1t, keresd meg ezeket a csendes besz\u00e9lget\u0151partnereket \u2013 \u00e9s hallgasd meg, hogyan j\u00e1rja k\u00f6rbe a magyar t\u00e1jat a diaszp\u00f3ra hangja!<\/p>","protected":false},"excerpt":{"rendered":"<p>Ha a khachkarok a k\u0151be v\u00e9sett im\u00e1k, akkor a t\u00f6bbi \u00f6rm\u00e9ny eml\u00e9kjel olyan, mint a k\u00fcl\u00f6nb\u00f6z\u0151 hangszerekkel megsz\u00f3lal\u00f3 dallam: mind m\u00e1sk\u00e9pp besz\u00e9l, m\u00e9gis ugyanarr\u00f3l a k\u00f6z\u00f6s t\u00f6rt\u00e9netr\u0151l sz\u00f3l. K\u00e9pzelj el [&hellip;]<\/p>\n","protected":false},"author":1,"featured_media":0,"parent":453,"menu_order":0,"comment_status":"closed","ping_status":"closed","template":"","meta":{"site-sidebar-layout":"default","site-content-layout":"","ast-site-content-layout":"default","site-content-style":"default","site-sidebar-style":"default","ast-global-header-display":"","ast-banner-title-visibility":"","ast-main-header-display":"","ast-hfb-above-header-display":"","ast-hfb-below-header-display":"","ast-hfb-mobile-header-display":"","site-post-title":"","ast-breadcrumbs-content":"","ast-featured-img":"","footer-sml-layout":"","ast-disable-related-posts":"","theme-transparent-header-meta":"","adv-header-id-meta":"","stick-header-meta":"","header-above-stick-meta":"","header-main-stick-meta":"","header-below-stick-meta":"","astra-migrate-meta-layouts":"default","ast-page-background-enabled":"default","ast-page-background-meta":{"desktop":{"background-color":"var(--ast-global-color-5)","background-image":"","background-repeat":"repeat","background-position":"center center","background-size":"auto","background-attachment":"scroll","background-type":"","background-media":"","overlay-type":"","overlay-color":"","overlay-opacity":"","overlay-gradient":""},"tablet":{"background-color":"","background-image":"","background-repeat":"repeat","background-position":"center center","background-size":"auto","background-attachment":"scroll","background-type":"","background-media":"","overlay-type":"","overlay-color":"","overlay-opacity":"","overlay-gradient":""},"mobile":{"background-color":"","background-image":"","background-repeat":"repeat","background-position":"center center","background-size":"auto","background-attachment":"scroll","background-type":"","background-media":"","overlay-type":"","overlay-color":"","overlay-opacity":"","overlay-gradient":""}},"ast-content-background-meta":{"desktop":{"background-color":"var(--ast-global-color-4)","background-image":"","background-repeat":"repeat","background-position":"center center","background-size":"auto","background-attachment":"scroll","background-type":"","background-media":"","overlay-type":"","overlay-color":"","overlay-opacity":"","overlay-gradient":""},"tablet":{"background-color":"var(--ast-global-color-4)","background-image":"","background-repeat":"repeat","background-position":"center center","background-size":"auto","background-attachment":"scroll","background-type":"","background-media":"","overlay-type":"","overlay-color":"","overlay-opacity":"","overlay-gradient":""},"mobile":{"background-color":"var(--ast-global-color-4)","background-image":"","background-repeat":"repeat","background-position":"center center","background-size":"auto","background-attachment":"scroll","background-type":"","background-media":"","overlay-type":"","overlay-color":"","overlay-opacity":"","overlay-gradient":""}},"_price":"","_stock":"","_tribe_ticket_header":"","_tribe_default_ticket_provider":"","_tribe_ticket_capacity":"0","_ticket_start_date":"","_ticket_end_date":"","_tribe_ticket_show_description":"","_tribe_ticket_show_not_going":false,"_tribe_ticket_use_global_stock":"","_tribe_ticket_global_stock_level":"","_global_stock_mode":"","_global_stock_cap":"","_tribe_rsvp_for_event":"","_tribe_ticket_going_count":"","_tribe_ticket_not_going_count":"","_tribe_tickets_list":"[]","_tribe_ticket_has_attendee_info_fields":false,"footnotes":"","_tec_slr_enabled":"","_tec_slr_layout":""},"class_list":["post-516","page","type-page","status-publish","hentry"],"ticketed":false,"_links":{"self":[{"href":"https:\/\/ormenyobuda.hu\/hy\/wp-json\/wp\/v2\/pages\/516","targetHints":{"allow":["GET"]}}],"collection":[{"href":"https:\/\/ormenyobuda.hu\/hy\/wp-json\/wp\/v2\/pages"}],"about":[{"href":"https:\/\/ormenyobuda.hu\/hy\/wp-json\/wp\/v2\/types\/page"}],"author":[{"embeddable":true,"href":"https:\/\/ormenyobuda.hu\/hy\/wp-json\/wp\/v2\/users\/1"}],"replies":[{"embeddable":true,"href":"https:\/\/ormenyobuda.hu\/hy\/wp-json\/wp\/v2\/comments?post=516"}],"version-history":[{"count":1,"href":"https:\/\/ormenyobuda.hu\/hy\/wp-json\/wp\/v2\/pages\/516\/revisions"}],"predecessor-version":[{"id":517,"href":"https:\/\/ormenyobuda.hu\/hy\/wp-json\/wp\/v2\/pages\/516\/revisions\/517"}],"up":[{"embeddable":true,"href":"https:\/\/ormenyobuda.hu\/hy\/wp-json\/wp\/v2\/pages\/453"}],"wp:attachment":[{"href":"https:\/\/ormenyobuda.hu\/hy\/wp-json\/wp\/v2\/media?parent=516"}],"curies":[{"name":"wp","href":"https:\/\/api.w.org\/{rel}","templated":true}]}}