{"id":522,"date":"2025-07-17T11:30:34","date_gmt":"2025-07-17T11:30:34","guid":{"rendered":"https:\/\/ormenyobuda.hu\/?page_id=522"},"modified":"2026-02-05T15:00:22","modified_gmt":"2026-02-05T15:00:22","slug":"liturgikus-targyak","status":"publish","type":"page","link":"https:\/\/ormenyobuda.hu\/hy\/ormeny-emlekhelyek-magyarorszagon-ahol-a-ko-is-beszel\/liturgikus-targyak\/","title":{"rendered":"\u054a\u0561\u057f\u0561\u0580\u0561\u0563\u0561\u056f\u0561\u0576 \u0561\u057c\u0561\u0580\u056f\u0561\u0576\u0565\u0580"},"content":{"rendered":"<p>\u00c9s \u00edgy, amikor v\u00e9gigj\u00e1rtuk a magyar t\u00e1j khachkarokkal \u00e9s eml\u00e9kjelekkel t\u0171zdelt \u00fatvonal\u00e1t, \u00e1lljunk meg egy pillanatra a templomok titkos kamr\u00e1in\u00e1l, ahol a liturgikus t\u00e1rgyak mes\u00e9lnek tov\u00e1bb abb\u00f3l, amit a k\u00f6vek elkezdtek.<\/p>\n\n\n\n<p>K\u00e9pzeld el, ahogy a f\u00e9ny megcsillan egy ez\u00fcst keresztel\u0151kancs\u00f3 perem\u00e9n: a hideg f\u00e9m alatt ott rejt\u0151zik az els\u0151 \u00f6rm\u00e9ny csepp, amely a kicsiny gyermek homlok\u00e1ra cseppent, \u00e9s vele egy\u00fctt a hit legels\u0151 \u00edg\u00e9rete. A P\u00e9csi Szent Anna-templom kript\u00e1j\u00e1ban, az Esztergomi Kereszt\u00e9ny M\u00fazeum vitrinj\u00e9ben vagy a Kalocsai \u00e9rseki gy\u0171jtem\u00e9ny polcain sorakoz\u00f3 kancs\u00f3k nem csup\u00e1n t\u00e1rgyak \u2013 mindegyik \u00f6nmag\u00e1ban egy szertart\u00e1s visszhangja, egy gener\u00e1ci\u00f3k \u00f3ta tovahordozott im\u00e1ds\u00e1g.<\/p>\n\n\n\n<p>Ford\u00edtsuk a tekintet\u00fcnket az evang\u00e9liumos k\u00f6nyvbor\u00edt\u00f3k fel\u00e9: vastag b\u0151rbe foglalt aranyozott ikonok, amelyeket hol a Pannonhalmi Ap\u00e1ts\u00e1g k\u00f6nyvt\u00e1r\u00e1ban \u0151riznek, hol egy budapesti kolostor f\u00e9lhom\u00e1lyos olvas\u00f3term\u00e9ben lapoznak. Minden egyes mot\u00edvum \u2013 az apr\u00f3 keresztek, a domborm\u0171vek \u2013 egy t\u00f6rt\u00e9netet \u0151riz: a kutat\u00f3 pap toll\u00e1nak suhog\u00e1s\u00e1t, a gyertyal\u00e1ng t\u00e1nc\u00e1t az olt\u00e1r mellett.<\/p>\n\n\n\n<p>\u00c9s ott vannak a miseruh\u00e1k: b\u00e1rsonyos sz\u00f6vetek, finom aranyh\u00edmz\u00e9ssel, mintha a l\u00e1gy esthajnal csillagai ragyogn\u00e1nak rajtuk. Az Orlay utcai pl\u00e9b\u00e1ni\u00e1n \u00e9s m\u00e1s templomok szent\u00e9ly\u00e9ben meg\u0151rz\u00f6tt fel\u00f6lt\u0151k l\u00e1tv\u00e1nya azt mondja nek\u00fcnk: itt nemcsak im\u00e1dkozni, de \u00fcnnepelni is tanultak a k\u00f6z\u00f6ss\u00e9gek. A r\u00e1ncok m\u00e9ly\u00e9n ott a k\u00e9zm\u0171vess\u00e9g b\u00fcszkes\u00e9ge, \u00e9s minden varr\u00e1s egy-egy \u00e9vfordul\u00f3, egy megszentelt nap visszat\u00fckr\u00f6z\u0151d\u00e9se.<\/p>\n\n\n\n<p>Ha v\u00e9g\u00fcl kil\u00e9p\u00fcnk a templom \u00e1rny\u00e9k\u00e1b\u00f3l, a liturgikus kincsek cs\u00f6ndes eml\u00e9keztet\u0151k lesznek: a keresztel\u0151kancs\u00f3, a k\u00f6nyvbor\u00edt\u00f3, a miseruha \u2013 mindegyik egy kisebb zar\u00e1ndoklat, ahol a hit f\u00f6ld\u00f6nt\u00fali rezd\u00fcl\u00e9sei tal\u00e1lkoznak a f\u00f6ldi \u00e9rz\u00e9kszervek aj\u00e1nd\u00e9kaival.<\/p>\n\n\n\n<p>\u00cdgy \u00e9r v\u00e9get utaz\u00e1sunk: att\u00f3l a fal mellett \u00e1ll\u00f3 khachkart\u00f3l a k\u0151be z\u00e1rt im\u00e1ds\u00e1gig, onnan a templomok titkos tereiig, ahol a liturgikus t\u00e1rgyak viszik tov\u00e1bb a mes\u00e9t. Menj most, \u00e9s hallgasd meg, mit s\u00fagnak a k\u00f6vek \u00e9s mit suttognak a csillog\u00f3 kelyhek: mert egy k\u00f6z\u00f6ss\u00e9g igaz\u00e1n akkor \u00e9l, ha minden eml\u00e9kjel\u00e9ben ott rezd\u00fcl a hit, a gy\u00e1sz, az \u00f6r\u00f6m \u00e9s a rem\u00e9ny mind\u00f6r\u00f6kk\u00e9.<\/p>","protected":false},"excerpt":{"rendered":"<p>\u00c9s \u00edgy, amikor v\u00e9gigj\u00e1rtuk a magyar t\u00e1j khachkarokkal \u00e9s eml\u00e9kjelekkel t\u0171zdelt \u00fatvonal\u00e1t, \u00e1lljunk meg egy pillanatra a templomok titkos kamr\u00e1in\u00e1l, ahol a liturgikus t\u00e1rgyak mes\u00e9lnek tov\u00e1bb abb\u00f3l, amit a k\u00f6vek [&hellip;]<\/p>\n","protected":false},"author":1,"featured_media":0,"parent":453,"menu_order":0,"comment_status":"closed","ping_status":"closed","template":"","meta":{"site-sidebar-layout":"default","site-content-layout":"","ast-site-content-layout":"default","site-content-style":"default","site-sidebar-style":"default","ast-global-header-display":"","ast-banner-title-visibility":"","ast-main-header-display":"","ast-hfb-above-header-display":"","ast-hfb-below-header-display":"","ast-hfb-mobile-header-display":"","site-post-title":"","ast-breadcrumbs-content":"","ast-featured-img":"","footer-sml-layout":"","ast-disable-related-posts":"","theme-transparent-header-meta":"","adv-header-id-meta":"","stick-header-meta":"","header-above-stick-meta":"","header-main-stick-meta":"","header-below-stick-meta":"","astra-migrate-meta-layouts":"default","ast-page-background-enabled":"default","ast-page-background-meta":{"desktop":{"background-color":"var(--ast-global-color-5)","background-image":"","background-repeat":"repeat","background-position":"center center","background-size":"auto","background-attachment":"scroll","background-type":"","background-media":"","overlay-type":"","overlay-color":"","overlay-opacity":"","overlay-gradient":""},"tablet":{"background-color":"","background-image":"","background-repeat":"repeat","background-position":"center center","background-size":"auto","background-attachment":"scroll","background-type":"","background-media":"","overlay-type":"","overlay-color":"","overlay-opacity":"","overlay-gradient":""},"mobile":{"background-color":"","background-image":"","background-repeat":"repeat","background-position":"center center","background-size":"auto","background-attachment":"scroll","background-type":"","background-media":"","overlay-type":"","overlay-color":"","overlay-opacity":"","overlay-gradient":""}},"ast-content-background-meta":{"desktop":{"background-color":"var(--ast-global-color-4)","background-image":"","background-repeat":"repeat","background-position":"center center","background-size":"auto","background-attachment":"scroll","background-type":"","background-media":"","overlay-type":"","overlay-color":"","overlay-opacity":"","overlay-gradient":""},"tablet":{"background-color":"var(--ast-global-color-4)","background-image":"","background-repeat":"repeat","background-position":"center center","background-size":"auto","background-attachment":"scroll","background-type":"","background-media":"","overlay-type":"","overlay-color":"","overlay-opacity":"","overlay-gradient":""},"mobile":{"background-color":"var(--ast-global-color-4)","background-image":"","background-repeat":"repeat","background-position":"center center","background-size":"auto","background-attachment":"scroll","background-type":"","background-media":"","overlay-type":"","overlay-color":"","overlay-opacity":"","overlay-gradient":""}},"_price":"","_stock":"","_tribe_ticket_header":"","_tribe_default_ticket_provider":"","_tribe_ticket_capacity":"0","_ticket_start_date":"","_ticket_end_date":"","_tribe_ticket_show_description":"","_tribe_ticket_show_not_going":false,"_tribe_ticket_use_global_stock":"","_tribe_ticket_global_stock_level":"","_global_stock_mode":"","_global_stock_cap":"","_tribe_rsvp_for_event":"","_tribe_ticket_going_count":"","_tribe_ticket_not_going_count":"","_tribe_tickets_list":"[]","_tribe_ticket_has_attendee_info_fields":false,"footnotes":"","_tec_slr_enabled":"","_tec_slr_layout":""},"class_list":["post-522","page","type-page","status-publish","hentry"],"ticketed":false,"_links":{"self":[{"href":"https:\/\/ormenyobuda.hu\/hy\/wp-json\/wp\/v2\/pages\/522","targetHints":{"allow":["GET"]}}],"collection":[{"href":"https:\/\/ormenyobuda.hu\/hy\/wp-json\/wp\/v2\/pages"}],"about":[{"href":"https:\/\/ormenyobuda.hu\/hy\/wp-json\/wp\/v2\/types\/page"}],"author":[{"embeddable":true,"href":"https:\/\/ormenyobuda.hu\/hy\/wp-json\/wp\/v2\/users\/1"}],"replies":[{"embeddable":true,"href":"https:\/\/ormenyobuda.hu\/hy\/wp-json\/wp\/v2\/comments?post=522"}],"version-history":[{"count":1,"href":"https:\/\/ormenyobuda.hu\/hy\/wp-json\/wp\/v2\/pages\/522\/revisions"}],"predecessor-version":[{"id":523,"href":"https:\/\/ormenyobuda.hu\/hy\/wp-json\/wp\/v2\/pages\/522\/revisions\/523"}],"up":[{"embeddable":true,"href":"https:\/\/ormenyobuda.hu\/hy\/wp-json\/wp\/v2\/pages\/453"}],"wp:attachment":[{"href":"https:\/\/ormenyobuda.hu\/hy\/wp-json\/wp\/v2\/media?parent=522"}],"curies":[{"name":"wp","href":"https:\/\/api.w.org\/{rel}","templated":true}]}}