{"id":543,"date":"2025-07-17T12:48:25","date_gmt":"2025-07-17T12:48:25","guid":{"rendered":"https:\/\/ormenyobuda.hu\/?page_id=543"},"modified":"2026-02-05T14:47:45","modified_gmt":"2026-02-05T14:47:45","slug":"khachkarok-es-ormeny-emlekhelyek-a-kornyekunkon-barangolas-a-regioban","status":"publish","type":"page","link":"https:\/\/ormenyobuda.hu\/hy\/khachkarok-es-ormeny-emlekhelyek-a-kornyekunkon-barangolas-a-regioban\/","title":{"rendered":"\u053d\u0561\u0579\u0584\u0561\u0580\u0565\u0580 \u0587 \u0570\u0561\u0575\u056f\u0561\u056f\u0561\u0576 \u0570\u0578\u0582\u0577\u0561\u0580\u0571\u0561\u0576\u0576\u0565\u0580 \u0574\u0565\u0580 \u0577\u0580\u057b\u0561\u0576\u0578\u0582\u0574 \u2013 \u0577\u0580\u057b\u0561\u0563\u0561\u0575\u0565\u056c\u0578\u057e \u057f\u0561\u0580\u0561\u056e\u0561\u0577\u0580\u057b\u0561\u0576\u0578\u0582\u0574"},"content":{"rendered":"<h2 class=\"wp-block-heading\">\ud83c\uddf8\ud83c\uddf0 <strong>Szlov\u00e1kia<\/strong><\/h2>\n\n\n\n<p><strong>Kassa (Ko\u0161ice) \u2013 Khachkar<\/strong><br>\ud83d\udccc Hlavn\u00e1 u.<br>\ud83d\uddfa\ufe0f GPS: 48.721572, 21.257652<br>\ud83d\udca0 <em>A v\u00e1ros k\u00f6zpontj\u00e1ban \u00e1ll\u00f3 \u00f6rm\u00e9ny keresztk\u0151 az 1915\u2011\u00f6s n\u00e9pirt\u00e1s eml\u00e9k\u00e9t \u0151rzi. \u00c9vente k\u00f6z\u00f6s gyertyagy\u00fajt\u00e1s \u00e9s eml\u00e9knap helysz\u00edne, \u00f6sszek\u00f6tve a kassai \u00f6rm\u00e9ny \u00e9s magyar k\u00f6z\u00f6ss\u00e9geket.<\/em><\/p>\n\n\n\n<p><strong><a href=\"https:\/\/ormenyobuda.hu\/hy\/pozsony-bratislava-khachkar-emlekhely-tortenete\/\">Pozsony (Bratislava) \u2013 Khachkar<\/a><\/strong><br>\ud83d\udccc Sad Janka Kr\u00e1\u013ea park<br>\ud83d\uddfa\ufe0f GPS: 48.133950, 17.106352<br>\ud83d\udca0 <em>A Duna-parton tal\u00e1lhat\u00f3 eml\u00e9khelyen \u00e1ll\u00edtott\u00e1k fel a genocide memorial khachkart, amely a v\u00e1ros \u00f6rm\u00e9ny k\u00f6z\u00f6ss\u00e9g\u00e9nek \u00f6sszetartoz\u00e1s\u00e1t \u00e9s t\u00f6rt\u00e9nelmi eml\u00e9kezet\u00e9t szimboliz\u00e1lja.<\/em><\/p>\n\n\n\n<hr class=\"wp-block-separator has-alpha-channel-opacity\"\/>\n\n\n\n<h2 class=\"wp-block-heading\">\ud83c\udde6\ud83c\uddf9 <strong>Ausztria<\/strong><\/h2>\n\n\n\n<p><strong>B\u00e9cs (Wien) \u2013 Khachkar Karlsplatzn\u00e1l<\/strong><br>\ud83d\udccc Karlskirche (templom kertje), Karlsplatz<br>\ud83d\uddfa\ufe0f GPS: 48.198097, 16.370871<br>\ud83d\udca0 <em>A h\u00edres b\u00e9csi templomkertben \u00e1ll\u00f3 khachkar az \u00f6rm\u00e9ny n\u00e9pirt\u00e1s \u00e1ldozataira eml\u00e9keztet. Az osztr\u00e1k \u00f6rm\u00e9ny k\u00f6z\u00f6ss\u00e9g \u00e9vente szervez itt megeml\u00e9kez\u00e9st.<\/em><\/p>\n\n\n\n<hr class=\"wp-block-separator has-alpha-channel-opacity\"\/>\n\n\n\n<h2 class=\"wp-block-heading\">\ud83c\uddf7\ud83c\uddf4 <strong>Rom\u00e1nia<\/strong><\/h2>\n\n\n\n<p><strong>Szamos\u00fajv\u00e1r (Gherla, Armenopolis) \u2013 Khachkar\/katedr\u00e1lis<\/strong><br>\ud83d\udccc Pia\u0163a Libert\u0103\u0163ii<br>\ud83d\uddfa\ufe0f GPS: 47.066805, 23.904114<br>\ud83d\udca0 <em>A t\u00f6rt\u00e9nelmi \u00f6rm\u00e9ny v\u00e1rosban ma is \u00e1ll a katedr\u00e1lis \u00e9s t\u00f6bb khachkar, melyek a t\u00f6bb \u00e9vsz\u00e1zados \u00f6rm\u00e9ny jelenl\u00e9tet, kultur\u00e1lis \u00f6r\u00f6ks\u00e9get \u00e9s k\u00f6z\u00f6ss\u00e9gi \u00f6sszetart\u00e1st mutatj\u00e1k.<\/em><\/p>\n\n\n\n<p><strong>Marosv\u00e1s\u00e1rhely (T\u00e2rgu Mure\u015f) \u2013 \u00d6rm\u00e9ny templom<\/strong><br>\ud83d\udccc Strada Bolyai 10<br>\ud83d\uddfa\ufe0f GPS: 46.543124, 24.562980<br>\ud83d\udca0 <em>Barokk \u00f6rm\u00e9ny temploma a v\u00e1ros kultur\u00e1lis \u00f6r\u00f6ks\u00e9g\u00e9nek \u00e9kk\u00f6ve; az udvaron \u00e1ll\u00f3 eml\u00e9kkereszt a helyi diaszp\u00f3ra erej\u00e9t mutatja.<\/em><\/p>\n\n\n\n<p><strong>Cs\u00edkszereda (Miercurea Ciuc) \u2013 \u00d6rm\u00e9ny templom<\/strong><br>\ud83d\udccc Strada Pet\u0151fi S\u00e1ndor<br>\ud83d\uddfa\ufe0f GPS: 46.357456, 25.804754<br>\ud83d\udca0 <em>A v\u00e1ros k\u00f6zpontj\u00e1ban \u00e1ll\u00f3 \u00f6rm\u00e9ny templom egyszerre vall\u00e1si \u00e9s k\u00f6z\u00f6ss\u00e9gi t\u00e9r, rendszeres \u00f6rm\u00e9ny \u00fcnneps\u00e9gek \u00e9s kultur\u00e1lis programok helysz\u00edne.<\/em><\/p>\n\n\n\n<p><strong>Gyergy\u00f3szentmikl\u00f3s (Gheorgheni) \u2013 \u00d6rm\u00e9ny templom<\/strong><br>\ud83d\udccc Strada \u0218umuleu 2<br>\ud83d\uddfa\ufe0f GPS: 46.723485, 25.585226<br>\ud83d\udca0 <em>A Gyergy\u00f3i-medence \u00f6rm\u00e9nys\u00e9g\u00e9nek egyik t\u00f6rt\u00e9nelmi k\u00f6zpontja, ahol a templom \u00e9s khachkar ma is az eml\u00e9kez\u00e9s \u00e9s \u00f6sszetartoz\u00e1s helye.<\/em><\/p>\n\n\n\n<p><strong>Szatm\u00e1rn\u00e9meti (Satu Mare) \u2013 \u00d6rm\u00e9ny templom, temet\u0151<\/strong><br>\ud83d\udccc Strada Mihai Eminescu 3<br>\ud83d\uddfa\ufe0f GPS: 47.792936, 22.885044<br>\ud83d\udca0 <em>Az egykori \u00f6rm\u00e9ny templom \u00e9s temet\u0151 a telep\u00fcl\u00e9s r\u00e9gi \u00f6rm\u00e9ny k\u00f6z\u00f6ss\u00e9g\u00e9nek \u00e9let\u00e9t \u00e9s m\u00faltj\u00e1t \u0151rzi, a s\u00edrkertekben khachkarok is l\u00e1that\u00f3k.<\/em><\/p>\n\n\n\n<hr class=\"wp-block-separator has-alpha-channel-opacity\"\/>\n\n\n\n<h2 class=\"wp-block-heading\">\ud83c\uddf5\ud83c\uddf1 <strong>Lengyelorsz\u00e1g<\/strong><\/h2>\n\n\n\n<p><strong>Krakk\u00f3 (Krak\u00f3w) \u2013 \u00d6rm\u00e9ny templom<\/strong><br>\ud83d\udccc ul. \u015bw. Tomasza 21<br>\ud83d\uddfa\ufe0f GPS: 50.062700, 19.940480<br>\ud83d\udca0 <em>A krakk\u00f3i \u00f6rm\u00e9ny templom \u00e9s udvara \u00e9vsz\u00e1zadok \u00f3ta a helyi \u00f6rm\u00e9ny csal\u00e1dok vall\u00e1si \u00e9s kultur\u00e1lis k\u00f6zpontja, kis khachkarokkal \u00e9s eml\u00e9kt\u00e1bl\u00e1kkal d\u00edsz\u00edtve.<\/em><\/p>\n\n\n\n<p><strong>Zamo\u015b\u0107 \u2013 \u00d6rm\u00e9ny negyed, templom<\/strong><br>\ud83d\udccc ul. Ormia\u0144ska 1<br>\ud83d\uddfa\ufe0f GPS: 50.717123, 23.254337<br>\ud83d\udca0 <em>A t\u00f6rt\u00e9nelmi \u00f6rm\u00e9ny negyedben k\u00fcl\u00f6nleges renesz\u00e1nsz templom, \u00f6rm\u00e9ny polg\u00e1rh\u00e1zak \u00e9s kisebb eml\u00e9khelyek v\u00e1rj\u00e1k az \u00e9rdekl\u0151d\u0151t \u2013 igazi kultur\u00e1lis \u00f6r\u00f6ks\u00e9g.<\/em><\/p>\n\n\n\n<hr class=\"wp-block-separator has-alpha-channel-opacity\"\/>\n\n\n\n<h2 class=\"wp-block-heading\">\ud83c\uddf7\ud83c\uddf8 <strong>Szerbia<\/strong><\/h2>\n\n\n\n<p><strong>Belgr\u00e1d (Beograd) \u2013 Khachkar, Kalemegdan er\u0151d<\/strong><br>\ud83d\udccc Kalemegdan Fortress park<br>\ud83d\uddfa\ufe0f GPS: 44.823021, 20.451645<br>\ud83d\udca0 <em>A magyar\u2013\u00f6rm\u00e9ny bar\u00e1ts\u00e1g eml\u00e9k\u00e9re \u00e1ll\u00edtott khachkar az egyik legjelent\u0151sebb \u00f6rm\u00e9ny eml\u00e9khely Szerbi\u00e1ban, k\u00f6zponti helyen, a v\u00e1ros emblematikus parkj\u00e1ban.<\/em><\/p>\n\n\n\n<hr class=\"wp-block-separator has-alpha-channel-opacity\"\/>\n\n\n\n<h2 class=\"wp-block-heading\">\ud83c\udded\ud83c\uddf7 <strong>Horv\u00e1torsz\u00e1g<\/strong><\/h2>\n\n\n\n<p><strong>Z\u00e1gr\u00e1b (Zagreb) \u2013 K\u00f6zponti temet\u0151, khachkar<\/strong><br>\ud83d\udccc Mirogoj temet\u0151<br>\ud83d\uddfa\ufe0f GPS: 45.841216, 15.989439<br>\ud83d\udca0 <em>A Mirogoj temet\u0151ben szer\u00e9ny, de m\u00e9lt\u00f3s\u00e1gteljes \u00f6rm\u00e9ny khachkar \u00e1ll, amely a z\u00e1gr\u00e1bi \u00f6rm\u00e9ny k\u00f6z\u00f6ss\u00e9g m\u00faltj\u00e1t id\u00e9zi.<\/em><\/p>\n\n\n\n<p><strong>Esz\u00e9k (Osijek) \u2013 \u00d6rm\u00e9ny eml\u00e9khely<\/strong><br>\ud83d\udccc Kapucinska ul. 31<br>\ud83d\uddfa\ufe0f GPS: 45.560134, 18.674543<br>\ud83d\udca0 <em>A v\u00e1ros \u00f6rm\u00e9ny m\u00faltj\u00e1t kisebb eml\u00e9kt\u00e1bla \u00e9s k\u00f6z\u00f6ss\u00e9gi jelenl\u00e9t id\u00e9zi; helyi \u00f6sszefog\u00e1s eredm\u00e9nye.<\/em><\/p>\n\n\n\n<hr class=\"wp-block-separator has-alpha-channel-opacity\"\/>\n\n\n\n<h2 class=\"wp-block-heading\">\ud83c\uddf8\ud83c\uddee <strong>Szlov\u00e9nia<\/strong><\/h2>\n\n\n\n<p><strong>Ljubljana \u2013 \u00d6rm\u00e9ny-magyar bar\u00e1ts\u00e1g eml\u00e9kfa<\/strong><br>\ud83d\udccc Tivoli park<br>\ud83d\uddfa\ufe0f GPS: 46.056289, 14.489036<br>\ud83d\udca0 <em>A v\u00e1rosi parkban el\u00fcltetett \u00f6rm\u00e9ny\u2013magyar bar\u00e1ts\u00e1g eml\u00e9kf\u00e1ja a kapcsolatot \u00e9s a kultur\u00e1lis \u00f6sszetartoz\u00e1st hirdeti.<\/em><\/p>\n\n\n\n<hr class=\"wp-block-separator has-alpha-channel-opacity\"\/>\n\n\n\n<p>Ha utaz\u00e1said sor\u00e1n ezek b\u00e1rmelyik\u00e9re ell\u00e1togatsz, ne csak n\u00e9zd, hanem olvass is a k\u00f6vek \u00fczeneteib\u0151l: minden helysz\u00edn egy-egy \u00e9l\u0151 sz\u00e1l az \u00f6rm\u00e9ny kult\u00fara, t\u00f6rt\u00e9nelem \u00e9s hitvil\u00e1g nagy sz\u0151ttes\u00e9ben.<\/p>\n\n\n\n<p>Ha tudom\u00e1sod van tov\u00e1bbi helysz\u00ednr\u0151l, \u00edrj nek\u00fcnk, hogy b\u0151v\u00edthess\u00fck ezt a r\u00e9gi\u00f3s eml\u00e9k\u00fatikalauzt!<\/p>","protected":false},"excerpt":{"rendered":"<p>\ud83c\uddf8\ud83c\uddf0 Szlov\u00e1kia Kassa (Ko\u0161ice) \u2013 Khachkar\ud83d\udccc Hlavn\u00e1 u.\ud83d\uddfa\ufe0f GPS: 48.721572, 21.257652\ud83d\udca0 A v\u00e1ros k\u00f6zpontj\u00e1ban \u00e1ll\u00f3 \u00f6rm\u00e9ny keresztk\u0151 az 1915\u2011\u00f6s n\u00e9pirt\u00e1s eml\u00e9k\u00e9t \u0151rzi. \u00c9vente k\u00f6z\u00f6s gyertyagy\u00fajt\u00e1s \u00e9s eml\u00e9knap helysz\u00edne, \u00f6sszek\u00f6tve a [&hellip;]<\/p>\n","protected":false},"author":1,"featured_media":0,"parent":0,"menu_order":0,"comment_status":"closed","ping_status":"closed","template":"","meta":{"site-sidebar-layout":"default","site-content-layout":"","ast-site-content-layout":"default","site-content-style":"default","site-sidebar-style":"default","ast-global-header-display":"","ast-banner-title-visibility":"","ast-main-header-display":"","ast-hfb-above-header-display":"","ast-hfb-below-header-display":"","ast-hfb-mobile-header-display":"","site-post-title":"","ast-breadcrumbs-content":"","ast-featured-img":"","footer-sml-layout":"","ast-disable-related-posts":"","theme-transparent-header-meta":"","adv-header-id-meta":"","stick-header-meta":"","header-above-stick-meta":"","header-main-stick-meta":"","header-below-stick-meta":"","astra-migrate-meta-layouts":"default","ast-page-background-enabled":"default","ast-page-background-meta":{"desktop":{"background-color":"var(--ast-global-color-5)","background-image":"","background-repeat":"repeat","background-position":"center center","background-size":"auto","background-attachment":"scroll","background-type":"","background-media":"","overlay-type":"","overlay-color":"","overlay-opacity":"","overlay-gradient":""},"tablet":{"background-color":"","background-image":"","background-repeat":"repeat","background-position":"center center","background-size":"auto","background-attachment":"scroll","background-type":"","background-media":"","overlay-type":"","overlay-color":"","overlay-opacity":"","overlay-gradient":""},"mobile":{"background-color":"","background-image":"","background-repeat":"repeat","background-position":"center center","background-size":"auto","background-attachment":"scroll","background-type":"","background-media":"","overlay-type":"","overlay-color":"","overlay-opacity":"","overlay-gradient":""}},"ast-content-background-meta":{"desktop":{"background-color":"var(--ast-global-color-4)","background-image":"","background-repeat":"repeat","background-position":"center center","background-size":"auto","background-attachment":"scroll","background-type":"","background-media":"","overlay-type":"","overlay-color":"","overlay-opacity":"","overlay-gradient":""},"tablet":{"background-color":"var(--ast-global-color-4)","background-image":"","background-repeat":"repeat","background-position":"center center","background-size":"auto","background-attachment":"scroll","background-type":"","background-media":"","overlay-type":"","overlay-color":"","overlay-opacity":"","overlay-gradient":""},"mobile":{"background-color":"var(--ast-global-color-4)","background-image":"","background-repeat":"repeat","background-position":"center center","background-size":"auto","background-attachment":"scroll","background-type":"","background-media":"","overlay-type":"","overlay-color":"","overlay-opacity":"","overlay-gradient":""}},"_price":"","_stock":"","_tribe_ticket_header":"","_tribe_default_ticket_provider":"","_tribe_ticket_capacity":"0","_ticket_start_date":"","_ticket_end_date":"","_tribe_ticket_show_description":"","_tribe_ticket_show_not_going":false,"_tribe_ticket_use_global_stock":"","_tribe_ticket_global_stock_level":"","_global_stock_mode":"","_global_stock_cap":"","_tribe_rsvp_for_event":"","_tribe_ticket_going_count":"","_tribe_ticket_not_going_count":"","_tribe_tickets_list":"[]","_tribe_ticket_has_attendee_info_fields":false,"footnotes":"","_tec_slr_enabled":"","_tec_slr_layout":""},"class_list":["post-543","page","type-page","status-publish","hentry"],"ticketed":false,"_links":{"self":[{"href":"https:\/\/ormenyobuda.hu\/hy\/wp-json\/wp\/v2\/pages\/543","targetHints":{"allow":["GET"]}}],"collection":[{"href":"https:\/\/ormenyobuda.hu\/hy\/wp-json\/wp\/v2\/pages"}],"about":[{"href":"https:\/\/ormenyobuda.hu\/hy\/wp-json\/wp\/v2\/types\/page"}],"author":[{"embeddable":true,"href":"https:\/\/ormenyobuda.hu\/hy\/wp-json\/wp\/v2\/users\/1"}],"replies":[{"embeddable":true,"href":"https:\/\/ormenyobuda.hu\/hy\/wp-json\/wp\/v2\/comments?post=543"}],"version-history":[{"count":2,"href":"https:\/\/ormenyobuda.hu\/hy\/wp-json\/wp\/v2\/pages\/543\/revisions"}],"predecessor-version":[{"id":564,"href":"https:\/\/ormenyobuda.hu\/hy\/wp-json\/wp\/v2\/pages\/543\/revisions\/564"}],"wp:attachment":[{"href":"https:\/\/ormenyobuda.hu\/hy\/wp-json\/wp\/v2\/media?parent=543"}],"curies":[{"name":"wp","href":"https:\/\/api.w.org\/{rel}","templated":true}]}}